{"id":8859,"date":"2023-09-22T16:20:53","date_gmt":"2023-09-22T14:20:53","guid":{"rendered":"https:\/\/www.hydrogen-refueling-solutions.fr\/?page_id=8859"},"modified":"2024-02-27T14:20:48","modified_gmt":"2024-02-27T13:20:48","slug":"haffner-energy","status":"publish","type":"page","link":"https:\/\/www.hydrogen-refueling-solutions.fr\/fr\/references\/clients\/haffner-energy\/","title":{"rendered":"Haffner Energy"},"content":{"rendered":"\t\t<div data-elementor-type=\"wp-page\" data-elementor-id=\"8859\" class=\"elementor elementor-8859\" data-elementor-post-type=\"page\">\n\t\t\t\t<section class=\"elementor-element elementor-element-80723be e-flex e-con-boxed elementor-invisible e-con e-parent\" data-id=\"80723be\" data-element_type=\"container\" data-settings=\"{&quot;animation&quot;:&quot;fadeIn&quot;}\">\n\t\t\t\t\t<div class=\"e-con-inner\">\n\t\t<div class=\"elementor-element elementor-element-26c0029 e-con-full e-flex e-con e-child\" data-id=\"26c0029\" data-element_type=\"container\">\n\t\t\t\t<div class=\"elementor-element elementor-element-c95d2c7 elementor-widget elementor-widget-heading\" data-id=\"c95d2c7\" data-element_type=\"widget\" data-widget_type=\"heading.default\">\n\t\t\t\t<div class=\"elementor-widget-container\">\n\t\t\t\t\t<h2 class=\"elementor-heading-title elementor-size-default\">Deux leaders fran\u00e7ais de l\u2019hydrog\u00e8ne joignent leurs savoir-faire uniques pour d\u00e9velopper la mobilit\u00e9 d\u00e9carbon\u00e9e<\/h2>\t\t\t\t<\/div>\n\t\t\t\t<\/div>\n\t\t\t\t<div class=\"elementor-element elementor-element-3e166cc elementor-widget-divider--view-line elementor-widget elementor-widget-divider\" data-id=\"3e166cc\" data-element_type=\"widget\" data-widget_type=\"divider.default\">\n\t\t\t\t<div class=\"elementor-widget-container\">\n\t\t\t\t\t\t\t<div class=\"elementor-divider\">\n\t\t\t<span class=\"elementor-divider-separator\">\n\t\t\t\t\t\t<\/span>\n\t\t<\/div>\n\t\t\t\t\t\t<\/div>\n\t\t\t\t<\/div>\n\t\t\t\t<div class=\"elementor-element elementor-element-549871b elementor-widget elementor-widget-text-editor\" data-id=\"549871b\" data-element_type=\"widget\" data-widget_type=\"text-editor.default\">\n\t\t\t\t<div class=\"elementor-widget-container\">\n\t\t\t\t\t\t\t\t\t<p>Haffner Energy, concepteur de technologie de production d\u2019hydrog\u00e8ne d\u00e9carbon\u00e9, signe un accord avec HRS pour proposer conjointement leurs solutions de production et de distribution.<\/p><p>Dans le cadre de ce partenariat, Haffner Energy fait confiance \u00e0 HRS pour la fourniture d\u2019une station de ravitaillement hydrog\u00e8ne vert. <br \/>Elle sera implant\u00e9e dans le cadre d\u2019un projet d\u2019essais communs, et associ\u00e9e \u00e0 l\u2019infrastructure Hynoca\u00ae de production d\u2019H2 bas carbone par thermolyse de la biomasse.<\/p>\t\t\t\t\t\t\t\t<\/div>\n\t\t\t\t<\/div>\n\t\t\t\t<div class=\"elementor-element elementor-element-686d2f4 elementor-blockquote--skin-clean elementor-blockquote--align-center elementor-blockquote--button-color-official elementor-widget elementor-widget-blockquote\" data-id=\"686d2f4\" data-element_type=\"widget\" data-widget_type=\"blockquote.default\">\n\t\t\t\t<div class=\"elementor-widget-container\">\n\t\t\t\t\t\t\t<blockquote class=\"elementor-blockquote\">\n\t\t\t<p class=\"elementor-blockquote__content\">\n\t\t\t\tCe nouveau partenariat strat\u00e9gique avec un acteur aussi innovant et ambitieux que Haffner Energy est une nouvelle \u00e9tape importante dans le d\u00e9veloppement de HRS. L'union de nos deux savoir-faire compl\u00e9mentaires permettra de proposer des solutions globales allant de la production \u00e0 la distribution d'un hydrog\u00e8ne vert. Nous souhaitons \u00e9galement le meilleur \u00e0 Haffner Energy pour cette premi\u00e8re \u00e9tape dans sa vie boursi\u00e8re qui est une aventure exaltante. \t\t\t<\/p>\n\t\t\t\t\t\t\t<div class=\"e-q-footer\">\n\t\t\t\t\t\t\t\t\t\t\t<cite class=\"elementor-blockquote__author\">Hassen Rachedi, PDG Fondateur<\/cite>\n\t\t\t\t\t\t\t\t\t\t\t\t\t\t<\/div>\n\t\t\t\t\t<\/blockquote>\n\t\t\t\t\t\t<\/div>\n\t\t\t\t<\/div>\n\t\t\t\t<div class=\"elementor-element elementor-element-669ca4e elementor-widget elementor-widget-text-editor\" data-id=\"669ca4e\" data-element_type=\"widget\" data-widget_type=\"text-editor.default\">\n\t\t\t\t<div class=\"elementor-widget-container\">\n\t\t\t\t\t\t\t\t\t<p>Pour en savoir plus, consultez nos communiqu\u00e9s de presse :<\/p><ul><li><strong>26\/01\/2022 :<\/strong> HRS et HAFFNER ENERGY signent un protocole d&rsquo;accord strat\u00e9gique.<br \/><a href=\"https:\/\/www.hydrogen-refueling-solutions.fr\/investisseurs\/communiques-de-presse\/?ID=ACTUS-0-72926&amp;CLIENT=ACTUS-0-445\">Lire le communiqu\u00e9 de presse<\/a><\/li><li><strong>28\/06\/2022 :<\/strong> Haffner Energy commande une station HRS.<br \/><a href=\"https:\/\/www.hydrogen-refueling-solutions.fr\/investisseurs\/communiques-de-presse\/?ID=ACTUS-0-75183&amp;CLIENT=ACTUS-0-445\">Lire le communiqu\u00e9 de presse<\/a><\/li><\/ul>\t\t\t\t\t\t\t\t<\/div>\n\t\t\t\t<\/div>\n\t\t\t\t<div class=\"elementor-element elementor-element-46d9d30 elementor-tablet-align-center elementor-widget elementor-widget-button\" data-id=\"46d9d30\" data-element_type=\"widget\" data-widget_type=\"button.default\">\n\t\t\t\t<div class=\"elementor-widget-container\">\n\t\t\t\t\t\t\t\t\t<div class=\"elementor-button-wrapper\">\n\t\t\t\t\t<a class=\"elementor-button elementor-button-link elementor-size-sm\" href=\"https:\/\/www.hydrogen-refueling-solutions.fr\/fr\/references\/clients\/\">\n\t\t\t\t\t\t<span class=\"elementor-button-content-wrapper\">\n\t\t\t\t\t\t\t\t\t<span class=\"elementor-button-text\">Voir tous nos clients<\/span>\n\t\t\t\t\t<\/span>\n\t\t\t\t\t<\/a>\n\t\t\t\t<\/div>\n\t\t\t\t\t\t\t\t<\/div>\n\t\t\t\t<\/div>\n\t\t\t\t<\/div>\n\t\t<div class=\"elementor-element elementor-element-48caec4 e-con-full e-flex e-con e-child\" data-id=\"48caec4\" data-element_type=\"container\">\n\t\t\t\t<div class=\"elementor-element elementor-element-9242452 elementor-widget elementor-widget-image\" data-id=\"9242452\" data-element_type=\"widget\" data-widget_type=\"image.default\">\n\t\t\t\t<div class=\"elementor-widget-container\">\n\t\t\t\t\t\t\t\t\t\t\t\t\t\t\t<img fetchpriority=\"high\" decoding=\"async\" width=\"768\" height=\"153\" src=\"https:\/\/www.hydrogen-refueling-solutions.fr\/wp-content\/uploads\/Haffner-logo-new-768x153.png\" class=\"attachment-medium_large size-medium_large wp-image-10413\" alt=\"Logo Haffner Energy\" srcset=\"https:\/\/www.hydrogen-refueling-solutions.fr\/wp-content\/uploads\/Haffner-logo-new-768x153.png 768w, https:\/\/www.hydrogen-refueling-solutions.fr\/wp-content\/uploads\/Haffner-logo-new-600x119.png 600w, https:\/\/www.hydrogen-refueling-solutions.fr\/wp-content\/uploads\/Haffner-logo-new-18x4.png 18w, https:\/\/www.hydrogen-refueling-solutions.fr\/wp-content\/uploads\/Haffner-logo-new.png 800w\" sizes=\"(max-width: 768px) 100vw, 768px\" \/>\t\t\t\t\t\t\t\t\t\t\t\t\t\t\t<\/div>\n\t\t\t\t<\/div>\n\t\t\t\t<\/div>\n\t\t\t\t\t<\/div>\n\t\t\t\t<\/section>\n\t\t<section class=\"elementor-element elementor-element-5add8aa elementor-hidden-desktop elementor-hidden-tablet elementor-hidden-mobile e-flex e-con-boxed e-con e-parent\" data-id=\"5add8aa\" data-element_type=\"container\">\n\t\t\t\t\t<div class=\"e-con-inner\">\n\t\t<div class=\"elementor-element elementor-element-e9d180a e-flex e-con-boxed e-con e-child\" data-id=\"e9d180a\" data-element_type=\"container\" data-settings=\"{&quot;background_background&quot;:&quot;gradient&quot;}\">\n\t\t\t\t\t<div class=\"e-con-inner\">\n\t\t\t\t<div class=\"elementor-element elementor-element-2ef3c2e elementor-widget elementor-widget-heading\" data-id=\"2ef3c2e\" data-element_type=\"widget\" data-widget_type=\"heading.default\">\n\t\t\t\t<div class=\"elementor-widget-container\">\n\t\t\t\t\t<h2 class=\"elementor-heading-title elementor-size-default\">Nos r\u00e9alisations pour Haffner Energy<\/h2>\t\t\t\t<\/div>\n\t\t\t\t<\/div>\n\t\t\t\t<div class=\"elementor-element elementor-element-cca4af3 elementor-widget-divider--view-line elementor-widget elementor-widget-divider\" data-id=\"cca4af3\" data-element_type=\"widget\" data-widget_type=\"divider.default\">\n\t\t\t\t<div class=\"elementor-widget-container\">\n\t\t\t\t\t\t\t<div class=\"elementor-divider\">\n\t\t\t<span class=\"elementor-divider-separator\">\n\t\t\t\t\t\t<\/span>\n\t\t<\/div>\n\t\t\t\t\t\t<\/div>\n\t\t\t\t<\/div>\n\t\t\t\t<div class=\"elementor-element elementor-element-6c6969e elementor-arrows-position-inside elementor-widget elementor-widget-loop-carousel\" data-id=\"6c6969e\" data-element_type=\"widget\" data-settings=\"{&quot;template_id&quot;:&quot;6459&quot;,&quot;speed&quot;:750,&quot;image_spacing_custom&quot;:{&quot;unit&quot;:&quot;px&quot;,&quot;size&quot;:16,&quot;sizes&quot;:[]},&quot;slides_to_show&quot;:&quot;2&quot;,&quot;_skin&quot;:&quot;post&quot;,&quot;slides_to_show_tablet&quot;:&quot;2&quot;,&quot;slides_to_show_mobile&quot;:&quot;1&quot;,&quot;slides_to_scroll&quot;:&quot;1&quot;,&quot;edit_handle_selector&quot;:&quot;.elementor-widget-container&quot;,&quot;arrows&quot;:&quot;yes&quot;,&quot;image_spacing_custom_tablet&quot;:{&quot;unit&quot;:&quot;px&quot;,&quot;size&quot;:&quot;&quot;,&quot;sizes&quot;:[]},&quot;image_spacing_custom_mobile&quot;:{&quot;unit&quot;:&quot;px&quot;,&quot;size&quot;:&quot;&quot;,&quot;sizes&quot;:[]}}\" data-widget_type=\"loop-carousel.post\">\n\t\t\t\t<div class=\"elementor-widget-container\">\n\t\t\t\t\t\t\t<div class=\"e-loop-nothing-found-message\">\n\t\t<\/div>\n\t\t\t\t\t\t<\/div>\n\t\t\t\t<\/div>\n\t\t\t\t<div class=\"elementor-element elementor-element-60c08b6 elementor-align-center elementor-widget elementor-widget-button\" data-id=\"60c08b6\" data-element_type=\"widget\" data-widget_type=\"button.default\">\n\t\t\t\t<div class=\"elementor-widget-container\">\n\t\t\t\t\t\t\t\t\t<div class=\"elementor-button-wrapper\">\n\t\t\t\t\t<a class=\"elementor-button elementor-button-link elementor-size-sm\" href=\"https:\/\/www.hydrogen-refueling-solutions.fr\/fr\/references\/nos-realisations\/\">\n\t\t\t\t\t\t<span class=\"elementor-button-content-wrapper\">\n\t\t\t\t\t\t\t\t\t<span class=\"elementor-button-text\">Voir toutes nos r\u00e9alisations<\/span>\n\t\t\t\t\t<\/span>\n\t\t\t\t\t<\/a>\n\t\t\t\t<\/div>\n\t\t\t\t\t\t\t\t<\/div>\n\t\t\t\t<\/div>\n\t\t\t\t\t<\/div>\n\t\t\t\t<\/div>\n\t\t\t\t\t<\/div>\n\t\t\t\t<\/section>\n\t\t\t\t<\/div>\n\t\t","protected":false},"excerpt":{"rendered":"<p>Deux leaders fran\u00e7ais de l\u2019hydrog\u00e8ne joignent leurs savoir-faire uniques pour d\u00e9velopper la mobilit\u00e9 d\u00e9carbon\u00e9e Haffner Energy, concepteur de technologie de production d\u2019hydrog\u00e8ne d\u00e9carbon\u00e9, signe un accord avec HRS pour proposer conjointement leurs solutions de production et de distribution. Dans le cadre de ce partenariat, Haffner Energy fait confiance \u00e0 HRS pour la fourniture d\u2019une station [&hellip;]<\/p>\n","protected":false},"author":2,"featured_media":10413,"parent":401,"menu_order":0,"comment_status":"closed","ping_status":"closed","template":"","meta":{"footnotes":""},"class_list":["post-8859","page","type-page","status-publish","has-post-thumbnail","hentry"],"acf":[],"yoast_head":"<!-- This site is optimized with the Yoast SEO plugin v24.9 - https:\/\/yoast.com\/wordpress\/plugins\/seo\/ -->\n<title>Haffner Energy | Client HRS<\/title>\n<meta name=\"description\" content=\"Haffner Energy con\u00e7oit et fournit des technologies et services permettant \u00e0 ses clients de produire de l\u2019hydrog\u00e8ne d\u00e9carbon\u00e9 \u00e0 partir de thermolyse et vaporeformage de la biomasse.\" \/>\n<meta name=\"robots\" content=\"index, follow, max-snippet:-1, max-image-preview:large, max-video-preview:-1\" \/>\n<link rel=\"canonical\" href=\"https:\/\/www.hydrogen-refueling-solutions.fr\/fr\/references\/clients\/haffner-energy\/\" \/>\n<meta property=\"og:locale\" content=\"fr_FR\" \/>\n<meta property=\"og:type\" content=\"article\" \/>\n<meta property=\"og:title\" content=\"Haffner Energy | Client HRS\" \/>\n<meta property=\"og:description\" content=\"Haffner Energy con\u00e7oit et fournit des technologies et services permettant \u00e0 ses clients de produire de l\u2019hydrog\u00e8ne d\u00e9carbon\u00e9 \u00e0 partir de thermolyse et vaporeformage de la biomasse.\" \/>\n<meta property=\"og:url\" content=\"https:\/\/www.hydrogen-refueling-solutions.fr\/fr\/references\/clients\/haffner-energy\/\" \/>\n<meta property=\"og:site_name\" content=\"Stations Hydrog\u00e8ne : HRS fabricant fran\u00e7ais de stations de ravitaillement\" \/>\n<meta property=\"article:modified_time\" content=\"2024-02-27T13:20:48+00:00\" \/>\n<meta property=\"og:image\" content=\"https:\/\/www.hydrogen-refueling-solutions.fr\/wp-content\/uploads\/Haffner-logo-new.png\" \/>\n\t<meta property=\"og:image:width\" content=\"800\" \/>\n\t<meta property=\"og:image:height\" content=\"159\" \/>\n\t<meta property=\"og:image:type\" content=\"image\/png\" \/>\n<meta name=\"twitter:card\" content=\"summary_large_image\" \/>\n<meta name=\"twitter:site\" content=\"@hrs_hydrogen\" \/>\n<meta name=\"twitter:label1\" content=\"Dur\u00e9e de lecture estim\u00e9e\" \/>\n\t<meta name=\"twitter:data1\" content=\"1 minute\" \/>\n<script type=\"application\/ld+json\" class=\"yoast-schema-graph\">{\"@context\":\"https:\/\/schema.org\",\"@graph\":[{\"@type\":\"WebPage\",\"@id\":\"https:\/\/www.hydrogen-refueling-solutions.fr\/references\/clients\/haffner-energy\/\",\"url\":\"https:\/\/www.hydrogen-refueling-solutions.fr\/references\/clients\/haffner-energy\/\",\"name\":\"Haffner Energy | Client HRS\",\"isPartOf\":{\"@id\":\"https:\/\/www.hydrogen-refueling-solutions.fr\/#website\"},\"primaryImageOfPage\":{\"@id\":\"https:\/\/www.hydrogen-refueling-solutions.fr\/references\/clients\/haffner-energy\/#primaryimage\"},\"image\":{\"@id\":\"https:\/\/www.hydrogen-refueling-solutions.fr\/references\/clients\/haffner-energy\/#primaryimage\"},\"thumbnailUrl\":\"https:\/\/www.hydrogen-refueling-solutions.fr\/wp-content\/uploads\/Haffner-logo-new.png\",\"datePublished\":\"2023-09-22T14:20:53+00:00\",\"dateModified\":\"2024-02-27T13:20:48+00:00\",\"description\":\"Haffner Energy con\u00e7oit et fournit des technologies et services permettant \u00e0 ses clients de produire de l\u2019hydrog\u00e8ne d\u00e9carbon\u00e9 \u00e0 partir de thermolyse et vaporeformage de la biomasse.\",\"breadcrumb\":{\"@id\":\"https:\/\/www.hydrogen-refueling-solutions.fr\/references\/clients\/haffner-energy\/#breadcrumb\"},\"inLanguage\":\"fr-FR\",\"potentialAction\":[{\"@type\":\"ReadAction\",\"target\":[\"https:\/\/www.hydrogen-refueling-solutions.fr\/references\/clients\/haffner-energy\/\"]}]},{\"@type\":\"ImageObject\",\"inLanguage\":\"fr-FR\",\"@id\":\"https:\/\/www.hydrogen-refueling-solutions.fr\/references\/clients\/haffner-energy\/#primaryimage\",\"url\":\"https:\/\/www.hydrogen-refueling-solutions.fr\/wp-content\/uploads\/Haffner-logo-new.png\",\"contentUrl\":\"https:\/\/www.hydrogen-refueling-solutions.fr\/wp-content\/uploads\/Haffner-logo-new.png\",\"width\":800,\"height\":159,\"caption\":\"Logo Haffner Energy\"},{\"@type\":\"BreadcrumbList\",\"@id\":\"https:\/\/www.hydrogen-refueling-solutions.fr\/references\/clients\/haffner-energy\/#breadcrumb\",\"itemListElement\":[{\"@type\":\"ListItem\",\"position\":1,\"name\":\"HRS\",\"item\":\"https:\/\/www.hydrogen-refueling-solutions.fr\/\"},{\"@type\":\"ListItem\",\"position\":2,\"name\":\"Nos r\u00e9f\u00e9rences\",\"item\":\"https:\/\/www.hydrogen-refueling-solutions.fr\/references\/\"},{\"@type\":\"ListItem\",\"position\":3,\"name\":\"Nos clients\",\"item\":\"https:\/\/www.hydrogen-refueling-solutions.fr\/references\/clients\/\"},{\"@type\":\"ListItem\",\"position\":4,\"name\":\"Haffner Energy\"}]},{\"@type\":\"WebSite\",\"@id\":\"https:\/\/www.hydrogen-refueling-solutions.fr\/#website\",\"url\":\"https:\/\/www.hydrogen-refueling-solutions.fr\/\",\"name\":\"Stations Hydrog\u00e8ne : HRS fabricant fran\u00e7ais de stations de ravitaillement\",\"description\":\"Hydrogen Refueling Solutions -HRS- premi\u00e8re entreprise fran\u00e7aise fabricante de station hydrog\u00e8ne grande capacit\u00e9 en s\u00e9rie. 14 \u00e0 80kg d&#039;hydrog\u00e8ne d\u00e9livr\u00e9s\/heure\",\"publisher\":{\"@id\":\"https:\/\/www.hydrogen-refueling-solutions.fr\/#organization\"},\"potentialAction\":[{\"@type\":\"SearchAction\",\"target\":{\"@type\":\"EntryPoint\",\"urlTemplate\":\"https:\/\/www.hydrogen-refueling-solutions.fr\/?s={search_term_string}\"},\"query-input\":{\"@type\":\"PropertyValueSpecification\",\"valueRequired\":true,\"valueName\":\"search_term_string\"}}],\"inLanguage\":\"fr-FR\"},{\"@type\":\"Organization\",\"@id\":\"https:\/\/www.hydrogen-refueling-solutions.fr\/#organization\",\"name\":\"Hydrogen Refueling Solutions\",\"alternateName\":\"HRS\",\"url\":\"https:\/\/www.hydrogen-refueling-solutions.fr\/\",\"logo\":{\"@type\":\"ImageObject\",\"inLanguage\":\"fr-FR\",\"@id\":\"https:\/\/www.hydrogen-refueling-solutions.fr\/#\/schema\/logo\/image\/\",\"url\":\"https:\/\/www.hydrogen-refueling-solutions.fr\/wp-content\/uploads\/logo-hrs-4.png\",\"contentUrl\":\"https:\/\/www.hydrogen-refueling-solutions.fr\/wp-content\/uploads\/logo-hrs-4.png\",\"width\":512,\"height\":359,\"caption\":\"Hydrogen Refueling Solutions\"},\"image\":{\"@id\":\"https:\/\/www.hydrogen-refueling-solutions.fr\/#\/schema\/logo\/image\/\"},\"sameAs\":[\"https:\/\/x.com\/hrs_hydrogen\",\"https:\/\/www.linkedin.com\/company\/hydrogen-refueling-solutions\/\"]}]}<\/script>\n<!-- \/ Yoast SEO plugin. -->","yoast_head_json":{"title":"Haffner Energy | Client HRS","description":"Haffner Energy con\u00e7oit et fournit des technologies et services permettant \u00e0 ses clients de produire de l\u2019hydrog\u00e8ne d\u00e9carbon\u00e9 \u00e0 partir de thermolyse et vaporeformage de la biomasse.","robots":{"index":"index","follow":"follow","max-snippet":"max-snippet:-1","max-image-preview":"max-image-preview:large","max-video-preview":"max-video-preview:-1"},"canonical":"https:\/\/www.hydrogen-refueling-solutions.fr\/fr\/references\/clients\/haffner-energy\/","og_locale":"fr_FR","og_type":"article","og_title":"Haffner Energy | Client HRS","og_description":"Haffner Energy con\u00e7oit et fournit des technologies et services permettant \u00e0 ses clients de produire de l\u2019hydrog\u00e8ne d\u00e9carbon\u00e9 \u00e0 partir de thermolyse et vaporeformage de la biomasse.","og_url":"https:\/\/www.hydrogen-refueling-solutions.fr\/fr\/references\/clients\/haffner-energy\/","og_site_name":"Stations Hydrog\u00e8ne : HRS fabricant fran\u00e7ais de stations de ravitaillement","article_modified_time":"2024-02-27T13:20:48+00:00","og_image":[{"width":800,"height":159,"url":"https:\/\/www.hydrogen-refueling-solutions.fr\/wp-content\/uploads\/Haffner-logo-new.png","type":"image\/png"}],"twitter_card":"summary_large_image","twitter_site":"@hrs_hydrogen","twitter_misc":{"Dur\u00e9e de lecture estim\u00e9e":"1 minute"},"schema":{"@context":"https:\/\/schema.org","@graph":[{"@type":"WebPage","@id":"https:\/\/www.hydrogen-refueling-solutions.fr\/references\/clients\/haffner-energy\/","url":"https:\/\/www.hydrogen-refueling-solutions.fr\/references\/clients\/haffner-energy\/","name":"Haffner Energy | Client HRS","isPartOf":{"@id":"https:\/\/www.hydrogen-refueling-solutions.fr\/#website"},"primaryImageOfPage":{"@id":"https:\/\/www.hydrogen-refueling-solutions.fr\/references\/clients\/haffner-energy\/#primaryimage"},"image":{"@id":"https:\/\/www.hydrogen-refueling-solutions.fr\/references\/clients\/haffner-energy\/#primaryimage"},"thumbnailUrl":"https:\/\/www.hydrogen-refueling-solutions.fr\/wp-content\/uploads\/Haffner-logo-new.png","datePublished":"2023-09-22T14:20:53+00:00","dateModified":"2024-02-27T13:20:48+00:00","description":"Haffner Energy con\u00e7oit et fournit des technologies et services permettant \u00e0 ses clients de produire de l\u2019hydrog\u00e8ne d\u00e9carbon\u00e9 \u00e0 partir de thermolyse et vaporeformage de la biomasse.","breadcrumb":{"@id":"https:\/\/www.hydrogen-refueling-solutions.fr\/references\/clients\/haffner-energy\/#breadcrumb"},"inLanguage":"fr-FR","potentialAction":[{"@type":"ReadAction","target":["https:\/\/www.hydrogen-refueling-solutions.fr\/references\/clients\/haffner-energy\/"]}]},{"@type":"ImageObject","inLanguage":"fr-FR","@id":"https:\/\/www.hydrogen-refueling-solutions.fr\/references\/clients\/haffner-energy\/#primaryimage","url":"https:\/\/www.hydrogen-refueling-solutions.fr\/wp-content\/uploads\/Haffner-logo-new.png","contentUrl":"https:\/\/www.hydrogen-refueling-solutions.fr\/wp-content\/uploads\/Haffner-logo-new.png","width":800,"height":159,"caption":"Logo Haffner Energy"},{"@type":"BreadcrumbList","@id":"https:\/\/www.hydrogen-refueling-solutions.fr\/references\/clients\/haffner-energy\/#breadcrumb","itemListElement":[{"@type":"ListItem","position":1,"name":"HRS","item":"https:\/\/www.hydrogen-refueling-solutions.fr\/"},{"@type":"ListItem","position":2,"name":"Nos r\u00e9f\u00e9rences","item":"https:\/\/www.hydrogen-refueling-solutions.fr\/references\/"},{"@type":"ListItem","position":3,"name":"Nos clients","item":"https:\/\/www.hydrogen-refueling-solutions.fr\/references\/clients\/"},{"@type":"ListItem","position":4,"name":"Haffner Energy"}]},{"@type":"WebSite","@id":"https:\/\/www.hydrogen-refueling-solutions.fr\/#website","url":"https:\/\/www.hydrogen-refueling-solutions.fr\/","name":"Stations Hydrog\u00e8ne : HRS fabricant fran\u00e7ais de stations de ravitaillement","description":"Hydrogen Refueling Solutions -HRS- premi\u00e8re entreprise fran\u00e7aise fabricante de station hydrog\u00e8ne grande capacit\u00e9 en s\u00e9rie. 14 \u00e0 80kg d&#039;hydrog\u00e8ne d\u00e9livr\u00e9s\/heure","publisher":{"@id":"https:\/\/www.hydrogen-refueling-solutions.fr\/#organization"},"potentialAction":[{"@type":"SearchAction","target":{"@type":"EntryPoint","urlTemplate":"https:\/\/www.hydrogen-refueling-solutions.fr\/?s={search_term_string}"},"query-input":{"@type":"PropertyValueSpecification","valueRequired":true,"valueName":"search_term_string"}}],"inLanguage":"fr-FR"},{"@type":"Organization","@id":"https:\/\/www.hydrogen-refueling-solutions.fr\/#organization","name":"Hydrogen Refueling Solutions","alternateName":"HRS","url":"https:\/\/www.hydrogen-refueling-solutions.fr\/","logo":{"@type":"ImageObject","inLanguage":"fr-FR","@id":"https:\/\/www.hydrogen-refueling-solutions.fr\/#\/schema\/logo\/image\/","url":"https:\/\/www.hydrogen-refueling-solutions.fr\/wp-content\/uploads\/logo-hrs-4.png","contentUrl":"https:\/\/www.hydrogen-refueling-solutions.fr\/wp-content\/uploads\/logo-hrs-4.png","width":512,"height":359,"caption":"Hydrogen Refueling Solutions"},"image":{"@id":"https:\/\/www.hydrogen-refueling-solutions.fr\/#\/schema\/logo\/image\/"},"sameAs":["https:\/\/x.com\/hrs_hydrogen","https:\/\/www.linkedin.com\/company\/hydrogen-refueling-solutions\/"]}]}},"_links":{"self":[{"href":"https:\/\/www.hydrogen-refueling-solutions.fr\/fr\/wp-json\/wp\/v2\/pages\/8859","targetHints":{"allow":["GET"]}}],"collection":[{"href":"https:\/\/www.hydrogen-refueling-solutions.fr\/fr\/wp-json\/wp\/v2\/pages"}],"about":[{"href":"https:\/\/www.hydrogen-refueling-solutions.fr\/fr\/wp-json\/wp\/v2\/types\/page"}],"author":[{"embeddable":true,"href":"https:\/\/www.hydrogen-refueling-solutions.fr\/fr\/wp-json\/wp\/v2\/users\/2"}],"replies":[{"embeddable":true,"href":"https:\/\/www.hydrogen-refueling-solutions.fr\/fr\/wp-json\/wp\/v2\/comments?post=8859"}],"version-history":[{"count":2,"href":"https:\/\/www.hydrogen-refueling-solutions.fr\/fr\/wp-json\/wp\/v2\/pages\/8859\/revisions"}],"predecessor-version":[{"id":11840,"href":"https:\/\/www.hydrogen-refueling-solutions.fr\/fr\/wp-json\/wp\/v2\/pages\/8859\/revisions\/11840"}],"up":[{"embeddable":true,"href":"https:\/\/www.hydrogen-refueling-solutions.fr\/fr\/wp-json\/wp\/v2\/pages\/401"}],"wp:featuredmedia":[{"embeddable":true,"href":"https:\/\/www.hydrogen-refueling-solutions.fr\/fr\/wp-json\/wp\/v2\/media\/10413"}],"wp:attachment":[{"href":"https:\/\/www.hydrogen-refueling-solutions.fr\/fr\/wp-json\/wp\/v2\/media?parent=8859"}],"curies":[{"name":"wp","href":"https:\/\/api.w.org\/{rel}","templated":true}]}}