{"id":11010,"date":"2023-12-20T15:09:09","date_gmt":"2023-12-20T14:09:09","guid":{"rendered":"https:\/\/www.hydrogen-refueling-solutions.fr\/?page_id=11010"},"modified":"2024-01-17T17:46:18","modified_gmt":"2024-01-17T16:46:18","slug":"hrs-by-starck","status":"publish","type":"page","link":"https:\/\/www.hydrogen-refueling-solutions.fr\/fr\/references\/partenaires\/hrs-by-starck\/","title":{"rendered":"Starck"},"content":{"rendered":"\t\t<div data-elementor-type=\"wp-page\" data-elementor-id=\"11010\" class=\"elementor elementor-11010\" data-elementor-post-type=\"page\">\n\t\t\t\t<section class=\"elementor-element elementor-element-80723be e-flex e-con-boxed elementor-invisible e-con e-parent\" data-id=\"80723be\" data-element_type=\"container\" data-settings=\"{&quot;animation&quot;:&quot;fadeIn&quot;}\">\n\t\t\t\t\t<div class=\"e-con-inner\">\n\t\t<div class=\"elementor-element elementor-element-26c0029 e-con-full e-flex e-con e-parent\" data-id=\"26c0029\" data-element_type=\"container\">\n\t\t\t\t<div class=\"elementor-element elementor-element-3a9767b elementor-widget elementor-widget-heading\" data-id=\"3a9767b\" data-element_type=\"widget\" data-widget_type=\"heading.default\">\n\t\t\t\t<div class=\"elementor-widget-container\">\n\t\t\t\t\t<h2 class=\"elementor-heading-title elementor-size-default\">HRS by Starck<\/h2>\t\t\t\t<\/div>\n\t\t\t\t<\/div>\n\t\t\t\t<div class=\"elementor-element elementor-element-570edd0 elementor-widget-divider--view-line elementor-widget elementor-widget-divider\" data-id=\"570edd0\" data-element_type=\"widget\" data-widget_type=\"divider.default\">\n\t\t\t\t<div class=\"elementor-widget-container\">\n\t\t\t\t\t\t\t<div class=\"elementor-divider\">\n\t\t\t<span class=\"elementor-divider-separator\">\n\t\t\t\t\t\t<\/span>\n\t\t<\/div>\n\t\t\t\t\t\t<\/div>\n\t\t\t\t<\/div>\n\t\t\t\t<div class=\"elementor-element elementor-element-669ca4e elementor-widget elementor-widget-text-editor\" data-id=\"669ca4e\" data-element_type=\"widget\" data-widget_type=\"text-editor.default\">\n\t\t\t\t<div class=\"elementor-widget-container\">\n\t\t\t\t\t\t\t\t\t<p>Par cette collaboration, HRS affirme son ambition d\u2019allier une excellence technique et industrielle \u00e0 un design \u00e9l\u00e9gant et efficace. Ces bornes aux parois en acier inoxydable poli miroir rev\u00eatent une fen\u00eatre \u00e0 effet dichro\u00efque permettant de voir les m\u00e9canismes internes.<\/p><p>Les bornes HRS BY STARCK sont compatibles avec toutes les stations hydrog\u00e8ne de la gamme HRS :<\/p><ul><li>Pression disponible : 350 bar | 700 bar.<\/li><li>Nouvelle interface utilisateur | Compatible SAE J2601 | Compatible OIML R139.<\/li><\/ul><p>Plus d&rsquo;informations en cliquant <a href=\"https:\/\/www.starck.fr\/hrs-by-starck-p5013\">ici<\/a>.<\/p><p>Pour en savoir plus, consultez nos communiqu\u00e9s de presse :<\/p><ul><li><strong><strong>20\/10\/2022 : <\/strong><\/strong>Mondial de l&rsquo;automobile : HRS annonce une collaboration avec Philippe Starck.<br \/><a href=\"https:\/\/www.hydrogen-refueling-solutions.fr\/fr\/investisseurs\/communiques-de-presse\/?ID=ACTUS-0-76808&amp;CLIENT=ACTUS-0-445\">Lire le communiqu\u00e9 de presse<\/a><\/li><li><strong>27\/11\/2023 : <\/strong>HRS d\u00e9voilera \u00e0 la COP28 de Duba\u00ef : HRS by Starck &#8211; la borne de distribution des stations de ravitaillement en hydrog\u00e8ne HRS con\u00e7ue en collaboration avec le cr\u00e9ateur Philippe Starck. <br \/><a href=\"https:\/\/www.hydrogen-refueling-solutions.fr\/fr\/investisseurs\/communiques-de-presse\/?ID=ACTUS-0-83037&amp;CLIENT=ACTUS-0-445\">Lire le communiqu\u00e9 de presse<\/a><\/li><li><strong>01\/12\/2023 : <\/strong>HRS a d\u00e9voil\u00e9 sa nouvelle borne de distribution con\u00e7ue en collaboration avec le cr\u00e9ateur Philippe Starck lors de la cop28 de Duba\u00ef.<br \/><a href=\"https:\/\/www.hydrogen-refueling-solutions.fr\/fr\/investisseurs\/communiques-de-presse\/?ID=ACTUS-0-83037&amp;CLIENT=ACTUS-0-445\">Lire le communiqu\u00e9 de presse<\/a><\/li><\/ul>\t\t\t\t\t\t\t\t<\/div>\n\t\t\t\t<\/div>\n\t\t\t\t<div class=\"elementor-element elementor-element-baf9632 elementor-widget elementor-widget-heading\" data-id=\"baf9632\" data-element_type=\"widget\" data-widget_type=\"heading.default\">\n\t\t\t\t<div class=\"elementor-widget-container\">\n\t\t\t\t\t<h2 class=\"elementor-heading-title elementor-size-default\">Vu sur Linkedin<\/h2>\t\t\t\t<\/div>\n\t\t\t\t<\/div>\n\t\t\t\t<div class=\"elementor-element elementor-element-1f81dc5 elementor-widget-divider--view-line elementor-widget elementor-widget-divider\" data-id=\"1f81dc5\" data-element_type=\"widget\" data-widget_type=\"divider.default\">\n\t\t\t\t<div class=\"elementor-widget-container\">\n\t\t\t\t\t\t\t<div class=\"elementor-divider\">\n\t\t\t<span class=\"elementor-divider-separator\">\n\t\t\t\t\t\t<\/span>\n\t\t<\/div>\n\t\t\t\t\t\t<\/div>\n\t\t\t\t<\/div>\n\t\t\t\t<div class=\"elementor-element elementor-element-a2bc348 elementor-widget elementor-widget-text-editor\" data-id=\"a2bc348\" data-element_type=\"widget\" data-widget_type=\"text-editor.default\">\n\t\t\t\t<div class=\"elementor-widget-container\">\n\t\t\t\t\t\t\t\t\t<ul><li><a href=\"https:\/\/www.linkedin.com\/feed\/update\/urn:li:activity:7136249267341389827\">HRS d\u00e9voile sa nouvelle borne de distribution con\u00e7ue en collaboration avec le cr\u00e9ateur Philippe STARCK \u00e0 la COP28 UAE\u00a0!<\/a><\/li><li><a href=\"https:\/\/www.linkedin.com\/feed\/update\/urn:li:activity:7140025121401995266\">D\u00e9monstration de ravitaillement hydrog\u00e8ne \u00e0 la\u00a0#COP28\u00a0!<\/a><\/li><\/ul>\t\t\t\t\t\t\t\t<\/div>\n\t\t\t\t<\/div>\n\t\t\t\t<div class=\"elementor-element elementor-element-02dfd07 elementor-tablet-align-center elementor-widget elementor-widget-button\" data-id=\"02dfd07\" data-element_type=\"widget\" data-widget_type=\"button.default\">\n\t\t\t\t<div class=\"elementor-widget-container\">\n\t\t\t\t\t\t\t\t\t<div class=\"elementor-button-wrapper\">\n\t\t\t\t\t<a class=\"elementor-button elementor-button-link elementor-size-sm\" href=\"https:\/\/www.linkedin.com\/company\/hydrogen-refueling-solutions\" target=\"_blank\">\n\t\t\t\t\t\t<span class=\"elementor-button-content-wrapper\">\n\t\t\t\t\t\t<span class=\"elementor-button-icon\">\n\t\t\t\t<svg aria-hidden=\"true\" class=\"e-font-icon-svg e-fab-linkedin\" viewBox=\"0 0 448 512\" xmlns=\"http:\/\/www.w3.org\/2000\/svg\"><path d=\"M416 32H31.9C14.3 32 0 46.5 0 64.3v383.4C0 465.5 14.3 480 31.9 480H416c17.6 0 32-14.5 32-32.3V64.3c0-17.8-14.4-32.3-32-32.3zM135.4 416H69V202.2h66.5V416zm-33.2-243c-21.3 0-38.5-17.3-38.5-38.5S80.9 96 102.2 96c21.2 0 38.5 17.3 38.5 38.5 0 21.3-17.2 38.5-38.5 38.5zm282.1 243h-66.4V312c0-24.8-.5-56.7-34.5-56.7-34.6 0-39.9 27-39.9 54.9V416h-66.4V202.2h63.7v29.2h.9c8.9-16.8 30.6-34.5 62.9-34.5 67.2 0 79.7 44.3 79.7 101.9V416z\"><\/path><\/svg>\t\t\t<\/span>\n\t\t\t\t\t\t\t\t\t<span class=\"elementor-button-text\">Nous suivre sur linkedin<\/span>\n\t\t\t\t\t<\/span>\n\t\t\t\t\t<\/a>\n\t\t\t\t<\/div>\n\t\t\t\t\t\t\t\t<\/div>\n\t\t\t\t<\/div>\n\t\t\t\t<div class=\"elementor-element elementor-element-46d9d30 elementor-tablet-align-center elementor-widget elementor-widget-button\" data-id=\"46d9d30\" data-element_type=\"widget\" data-widget_type=\"button.default\">\n\t\t\t\t<div class=\"elementor-widget-container\">\n\t\t\t\t\t\t\t\t\t<div class=\"elementor-button-wrapper\">\n\t\t\t\t\t<a class=\"elementor-button elementor-button-link elementor-size-sm\" href=\"https:\/\/www.hydrogen-refueling-solutions.fr\/fr\/references\/partenaires\/\">\n\t\t\t\t\t\t<span class=\"elementor-button-content-wrapper\">\n\t\t\t\t\t\t\t\t\t<span class=\"elementor-button-text\">Voir tous nos partenaires<\/span>\n\t\t\t\t\t<\/span>\n\t\t\t\t\t<\/a>\n\t\t\t\t<\/div>\n\t\t\t\t\t\t\t\t<\/div>\n\t\t\t\t<\/div>\n\t\t\t\t<div class=\"elementor-element elementor-element-3d03fc9 elementor-widget elementor-widget-video\" data-id=\"3d03fc9\" data-element_type=\"widget\" data-settings=\"{&quot;youtube_url&quot;:&quot;https:\\\/\\\/youtu.be\\\/y-AuDOAHgXk&quot;,&quot;video_type&quot;:&quot;youtube&quot;,&quot;controls&quot;:&quot;yes&quot;}\" data-widget_type=\"video.default\">\n\t\t\t\t<div class=\"elementor-widget-container\">\n\t\t\t\t\t\t\t<div class=\"elementor-wrapper elementor-open-inline\">\n\t\t\t<div class=\"elementor-video\"><\/div>\t\t<\/div>\n\t\t\t\t\t\t<\/div>\n\t\t\t\t<\/div>\n\t\t\t\t<\/div>\n\t\t<div class=\"elementor-element elementor-element-48caec4 e-con-full e-flex e-con e-parent\" data-id=\"48caec4\" data-element_type=\"container\" data-settings=\"{&quot;background_background&quot;:&quot;classic&quot;}\">\n\t\t\t\t<\/div>\n\t\t\t\t\t<\/div>\n\t\t\t\t<\/section>\n\t\t\t\t<\/div>\n\t\t","protected":false},"excerpt":{"rendered":"<p>HRS by Starck Par cette collaboration, HRS affirme son ambition d\u2019allier une excellence technique et industrielle \u00e0 un design \u00e9l\u00e9gant et efficace. Ces bornes aux parois en acier inoxydable poli miroir rev\u00eatent une fen\u00eatre \u00e0 effet dichro\u00efque permettant de voir les m\u00e9canismes internes. Les bornes HRS BY STARCK sont compatibles avec toutes les stations hydrog\u00e8ne [&hellip;]<\/p>\n","protected":false},"author":3,"featured_media":10869,"parent":403,"menu_order":0,"comment_status":"closed","ping_status":"closed","template":"","meta":{"footnotes":""},"class_list":["post-11010","page","type-page","status-publish","has-post-thumbnail","hentry"],"acf":[],"yoast_head":"<!-- This site is optimized with the Yoast SEO plugin v24.9 - https:\/\/yoast.com\/wordpress\/plugins\/seo\/ -->\n<title>Starck | Partenaire HRS<\/title>\n<meta name=\"description\" content=\"HRS by Starck - Philippe Starck design les nouvelles bornes de ravitaillement en hydrog\u00e8ne.\" \/>\n<meta name=\"robots\" content=\"index, follow, max-snippet:-1, max-image-preview:large, max-video-preview:-1\" \/>\n<link rel=\"canonical\" href=\"https:\/\/www.hydrogen-refueling-solutions.fr\/fr\/references\/partenaires\/hrs-by-starck\/\" \/>\n<meta property=\"og:locale\" content=\"fr_FR\" \/>\n<meta property=\"og:type\" content=\"article\" \/>\n<meta property=\"og:title\" content=\"Starck | Partenaire HRS\" \/>\n<meta property=\"og:description\" content=\"HRS by Starck - Philippe Starck design les nouvelles bornes de ravitaillement en hydrog\u00e8ne.\" \/>\n<meta property=\"og:url\" content=\"https:\/\/www.hydrogen-refueling-solutions.fr\/fr\/references\/partenaires\/hrs-by-starck\/\" \/>\n<meta property=\"og:site_name\" content=\"Stations Hydrog\u00e8ne : HRS fabricant fran\u00e7ais de stations de ravitaillement\" \/>\n<meta property=\"article:modified_time\" content=\"2024-01-17T16:46:18+00:00\" \/>\n<meta property=\"og:image\" content=\"https:\/\/www.hydrogen-refueling-solutions.fr\/wp-content\/uploads\/HRS-by-STARCK-hydrogen-refueling-station.jpg\" \/>\n\t<meta property=\"og:image:width\" content=\"1800\" \/>\n\t<meta property=\"og:image:height\" content=\"1200\" \/>\n\t<meta property=\"og:image:type\" content=\"image\/jpeg\" \/>\n<meta name=\"twitter:card\" content=\"summary_large_image\" \/>\n<meta name=\"twitter:site\" content=\"@hrs_hydrogen\" \/>\n<meta name=\"twitter:label1\" content=\"Dur\u00e9e de lecture estim\u00e9e\" \/>\n\t<meta name=\"twitter:data1\" content=\"1 minute\" \/>\n<script type=\"application\/ld+json\" class=\"yoast-schema-graph\">{\"@context\":\"https:\/\/schema.org\",\"@graph\":[{\"@type\":\"WebPage\",\"@id\":\"https:\/\/www.hydrogen-refueling-solutions.fr\/references\/partenaires\/hrs-by-starck\/\",\"url\":\"https:\/\/www.hydrogen-refueling-solutions.fr\/references\/partenaires\/hrs-by-starck\/\",\"name\":\"Starck | Partenaire HRS\",\"isPartOf\":{\"@id\":\"https:\/\/www.hydrogen-refueling-solutions.fr\/#website\"},\"primaryImageOfPage\":{\"@id\":\"https:\/\/www.hydrogen-refueling-solutions.fr\/references\/partenaires\/hrs-by-starck\/#primaryimage\"},\"image\":{\"@id\":\"https:\/\/www.hydrogen-refueling-solutions.fr\/references\/partenaires\/hrs-by-starck\/#primaryimage\"},\"thumbnailUrl\":\"https:\/\/www.hydrogen-refueling-solutions.fr\/wp-content\/uploads\/HRS-by-STARCK-hydrogen-refueling-station.jpg\",\"datePublished\":\"2023-12-20T14:09:09+00:00\",\"dateModified\":\"2024-01-17T16:46:18+00:00\",\"description\":\"HRS by Starck - Philippe Starck design les nouvelles bornes de ravitaillement en hydrog\u00e8ne.\",\"breadcrumb\":{\"@id\":\"https:\/\/www.hydrogen-refueling-solutions.fr\/references\/partenaires\/hrs-by-starck\/#breadcrumb\"},\"inLanguage\":\"fr-FR\",\"potentialAction\":[{\"@type\":\"ReadAction\",\"target\":[\"https:\/\/www.hydrogen-refueling-solutions.fr\/references\/partenaires\/hrs-by-starck\/\"]}]},{\"@type\":\"ImageObject\",\"inLanguage\":\"fr-FR\",\"@id\":\"https:\/\/www.hydrogen-refueling-solutions.fr\/references\/partenaires\/hrs-by-starck\/#primaryimage\",\"url\":\"https:\/\/www.hydrogen-refueling-solutions.fr\/wp-content\/uploads\/HRS-by-STARCK-hydrogen-refueling-station.jpg\",\"contentUrl\":\"https:\/\/www.hydrogen-refueling-solutions.fr\/wp-content\/uploads\/HRS-by-STARCK-hydrogen-refueling-station.jpg\",\"width\":1800,\"height\":1200,\"caption\":\"Station hydrog\u00e8ne HRS by STARCK\"},{\"@type\":\"BreadcrumbList\",\"@id\":\"https:\/\/www.hydrogen-refueling-solutions.fr\/references\/partenaires\/hrs-by-starck\/#breadcrumb\",\"itemListElement\":[{\"@type\":\"ListItem\",\"position\":1,\"name\":\"HRS\",\"item\":\"https:\/\/www.hydrogen-refueling-solutions.fr\/\"},{\"@type\":\"ListItem\",\"position\":2,\"name\":\"Nos r\u00e9f\u00e9rences\",\"item\":\"https:\/\/www.hydrogen-refueling-solutions.fr\/references\/\"},{\"@type\":\"ListItem\",\"position\":3,\"name\":\"Nos partenaires\",\"item\":\"https:\/\/www.hydrogen-refueling-solutions.fr\/references\/partenaires\/\"},{\"@type\":\"ListItem\",\"position\":4,\"name\":\"Starck\"}]},{\"@type\":\"WebSite\",\"@id\":\"https:\/\/www.hydrogen-refueling-solutions.fr\/#website\",\"url\":\"https:\/\/www.hydrogen-refueling-solutions.fr\/\",\"name\":\"Stations Hydrog\u00e8ne : HRS fabricant fran\u00e7ais de stations de ravitaillement\",\"description\":\"Hydrogen Refueling Solutions -HRS- premi\u00e8re entreprise fran\u00e7aise fabricante de station hydrog\u00e8ne grande capacit\u00e9 en s\u00e9rie. 14 \u00e0 80kg d&#039;hydrog\u00e8ne d\u00e9livr\u00e9s\/heure\",\"publisher\":{\"@id\":\"https:\/\/www.hydrogen-refueling-solutions.fr\/#organization\"},\"potentialAction\":[{\"@type\":\"SearchAction\",\"target\":{\"@type\":\"EntryPoint\",\"urlTemplate\":\"https:\/\/www.hydrogen-refueling-solutions.fr\/?s={search_term_string}\"},\"query-input\":{\"@type\":\"PropertyValueSpecification\",\"valueRequired\":true,\"valueName\":\"search_term_string\"}}],\"inLanguage\":\"fr-FR\"},{\"@type\":\"Organization\",\"@id\":\"https:\/\/www.hydrogen-refueling-solutions.fr\/#organization\",\"name\":\"Hydrogen Refueling Solutions\",\"alternateName\":\"HRS\",\"url\":\"https:\/\/www.hydrogen-refueling-solutions.fr\/\",\"logo\":{\"@type\":\"ImageObject\",\"inLanguage\":\"fr-FR\",\"@id\":\"https:\/\/www.hydrogen-refueling-solutions.fr\/#\/schema\/logo\/image\/\",\"url\":\"https:\/\/www.hydrogen-refueling-solutions.fr\/wp-content\/uploads\/logo-hrs-4.png\",\"contentUrl\":\"https:\/\/www.hydrogen-refueling-solutions.fr\/wp-content\/uploads\/logo-hrs-4.png\",\"width\":512,\"height\":359,\"caption\":\"Hydrogen Refueling Solutions\"},\"image\":{\"@id\":\"https:\/\/www.hydrogen-refueling-solutions.fr\/#\/schema\/logo\/image\/\"},\"sameAs\":[\"https:\/\/x.com\/hrs_hydrogen\",\"https:\/\/www.linkedin.com\/company\/hydrogen-refueling-solutions\/\"]}]}<\/script>\n<!-- \/ Yoast SEO plugin. -->","yoast_head_json":{"title":"Starck | Partenaire HRS","description":"HRS by Starck - Philippe Starck design les nouvelles bornes de ravitaillement en hydrog\u00e8ne.","robots":{"index":"index","follow":"follow","max-snippet":"max-snippet:-1","max-image-preview":"max-image-preview:large","max-video-preview":"max-video-preview:-1"},"canonical":"https:\/\/www.hydrogen-refueling-solutions.fr\/fr\/references\/partenaires\/hrs-by-starck\/","og_locale":"fr_FR","og_type":"article","og_title":"Starck | Partenaire HRS","og_description":"HRS by Starck - Philippe Starck design les nouvelles bornes de ravitaillement en hydrog\u00e8ne.","og_url":"https:\/\/www.hydrogen-refueling-solutions.fr\/fr\/references\/partenaires\/hrs-by-starck\/","og_site_name":"Stations Hydrog\u00e8ne : HRS fabricant fran\u00e7ais de stations de ravitaillement","article_modified_time":"2024-01-17T16:46:18+00:00","og_image":[{"width":1800,"height":1200,"url":"https:\/\/www.hydrogen-refueling-solutions.fr\/wp-content\/uploads\/HRS-by-STARCK-hydrogen-refueling-station.jpg","type":"image\/jpeg"}],"twitter_card":"summary_large_image","twitter_site":"@hrs_hydrogen","twitter_misc":{"Dur\u00e9e de lecture estim\u00e9e":"1 minute"},"schema":{"@context":"https:\/\/schema.org","@graph":[{"@type":"WebPage","@id":"https:\/\/www.hydrogen-refueling-solutions.fr\/references\/partenaires\/hrs-by-starck\/","url":"https:\/\/www.hydrogen-refueling-solutions.fr\/references\/partenaires\/hrs-by-starck\/","name":"Starck | Partenaire HRS","isPartOf":{"@id":"https:\/\/www.hydrogen-refueling-solutions.fr\/#website"},"primaryImageOfPage":{"@id":"https:\/\/www.hydrogen-refueling-solutions.fr\/references\/partenaires\/hrs-by-starck\/#primaryimage"},"image":{"@id":"https:\/\/www.hydrogen-refueling-solutions.fr\/references\/partenaires\/hrs-by-starck\/#primaryimage"},"thumbnailUrl":"https:\/\/www.hydrogen-refueling-solutions.fr\/wp-content\/uploads\/HRS-by-STARCK-hydrogen-refueling-station.jpg","datePublished":"2023-12-20T14:09:09+00:00","dateModified":"2024-01-17T16:46:18+00:00","description":"HRS by Starck - Philippe Starck design les nouvelles bornes de ravitaillement en hydrog\u00e8ne.","breadcrumb":{"@id":"https:\/\/www.hydrogen-refueling-solutions.fr\/references\/partenaires\/hrs-by-starck\/#breadcrumb"},"inLanguage":"fr-FR","potentialAction":[{"@type":"ReadAction","target":["https:\/\/www.hydrogen-refueling-solutions.fr\/references\/partenaires\/hrs-by-starck\/"]}]},{"@type":"ImageObject","inLanguage":"fr-FR","@id":"https:\/\/www.hydrogen-refueling-solutions.fr\/references\/partenaires\/hrs-by-starck\/#primaryimage","url":"https:\/\/www.hydrogen-refueling-solutions.fr\/wp-content\/uploads\/HRS-by-STARCK-hydrogen-refueling-station.jpg","contentUrl":"https:\/\/www.hydrogen-refueling-solutions.fr\/wp-content\/uploads\/HRS-by-STARCK-hydrogen-refueling-station.jpg","width":1800,"height":1200,"caption":"Station hydrog\u00e8ne HRS by STARCK"},{"@type":"BreadcrumbList","@id":"https:\/\/www.hydrogen-refueling-solutions.fr\/references\/partenaires\/hrs-by-starck\/#breadcrumb","itemListElement":[{"@type":"ListItem","position":1,"name":"HRS","item":"https:\/\/www.hydrogen-refueling-solutions.fr\/"},{"@type":"ListItem","position":2,"name":"Nos r\u00e9f\u00e9rences","item":"https:\/\/www.hydrogen-refueling-solutions.fr\/references\/"},{"@type":"ListItem","position":3,"name":"Nos partenaires","item":"https:\/\/www.hydrogen-refueling-solutions.fr\/references\/partenaires\/"},{"@type":"ListItem","position":4,"name":"Starck"}]},{"@type":"WebSite","@id":"https:\/\/www.hydrogen-refueling-solutions.fr\/#website","url":"https:\/\/www.hydrogen-refueling-solutions.fr\/","name":"Stations Hydrog\u00e8ne : HRS fabricant fran\u00e7ais de stations de ravitaillement","description":"Hydrogen Refueling Solutions -HRS- premi\u00e8re entreprise fran\u00e7aise fabricante de station hydrog\u00e8ne grande capacit\u00e9 en s\u00e9rie. 14 \u00e0 80kg d&#039;hydrog\u00e8ne d\u00e9livr\u00e9s\/heure","publisher":{"@id":"https:\/\/www.hydrogen-refueling-solutions.fr\/#organization"},"potentialAction":[{"@type":"SearchAction","target":{"@type":"EntryPoint","urlTemplate":"https:\/\/www.hydrogen-refueling-solutions.fr\/?s={search_term_string}"},"query-input":{"@type":"PropertyValueSpecification","valueRequired":true,"valueName":"search_term_string"}}],"inLanguage":"fr-FR"},{"@type":"Organization","@id":"https:\/\/www.hydrogen-refueling-solutions.fr\/#organization","name":"Hydrogen Refueling Solutions","alternateName":"HRS","url":"https:\/\/www.hydrogen-refueling-solutions.fr\/","logo":{"@type":"ImageObject","inLanguage":"fr-FR","@id":"https:\/\/www.hydrogen-refueling-solutions.fr\/#\/schema\/logo\/image\/","url":"https:\/\/www.hydrogen-refueling-solutions.fr\/wp-content\/uploads\/logo-hrs-4.png","contentUrl":"https:\/\/www.hydrogen-refueling-solutions.fr\/wp-content\/uploads\/logo-hrs-4.png","width":512,"height":359,"caption":"Hydrogen Refueling Solutions"},"image":{"@id":"https:\/\/www.hydrogen-refueling-solutions.fr\/#\/schema\/logo\/image\/"},"sameAs":["https:\/\/x.com\/hrs_hydrogen","https:\/\/www.linkedin.com\/company\/hydrogen-refueling-solutions\/"]}]}},"_links":{"self":[{"href":"https:\/\/www.hydrogen-refueling-solutions.fr\/fr\/wp-json\/wp\/v2\/pages\/11010","targetHints":{"allow":["GET"]}}],"collection":[{"href":"https:\/\/www.hydrogen-refueling-solutions.fr\/fr\/wp-json\/wp\/v2\/pages"}],"about":[{"href":"https:\/\/www.hydrogen-refueling-solutions.fr\/fr\/wp-json\/wp\/v2\/types\/page"}],"author":[{"embeddable":true,"href":"https:\/\/www.hydrogen-refueling-solutions.fr\/fr\/wp-json\/wp\/v2\/users\/3"}],"replies":[{"embeddable":true,"href":"https:\/\/www.hydrogen-refueling-solutions.fr\/fr\/wp-json\/wp\/v2\/comments?post=11010"}],"version-history":[{"count":13,"href":"https:\/\/www.hydrogen-refueling-solutions.fr\/fr\/wp-json\/wp\/v2\/pages\/11010\/revisions"}],"predecessor-version":[{"id":11124,"href":"https:\/\/www.hydrogen-refueling-solutions.fr\/fr\/wp-json\/wp\/v2\/pages\/11010\/revisions\/11124"}],"up":[{"embeddable":true,"href":"https:\/\/www.hydrogen-refueling-solutions.fr\/fr\/wp-json\/wp\/v2\/pages\/403"}],"wp:featuredmedia":[{"embeddable":true,"href":"https:\/\/www.hydrogen-refueling-solutions.fr\/fr\/wp-json\/wp\/v2\/media\/10869"}],"wp:attachment":[{"href":"https:\/\/www.hydrogen-refueling-solutions.fr\/fr\/wp-json\/wp\/v2\/media?parent=11010"}],"curies":[{"name":"wp","href":"https:\/\/api.w.org\/{rel}","templated":true}]}}