{"id":431,"date":"2023-01-09T15:38:39","date_gmt":"2023-01-09T14:38:39","guid":{"rendered":"https:\/\/www.hydrogen-refueling-solutions.fr\/?page_id=431"},"modified":"2024-07-30T15:25:45","modified_gmt":"2024-07-30T13:25:45","slug":"impressum","status":"publish","type":"page","link":"https:\/\/www.hydrogen-refueling-solutions.fr\/en\/impressum\/","title":{"rendered":"Impressum"},"content":{"rendered":"<div data-elementor-type=\"wp-page\" data-elementor-id=\"431\" class=\"elementor elementor-431\" data-elementor-post-type=\"page\">\n\t\t\t\t\t\t<section class=\"elementor-section elementor-top-section elementor-element elementor-element-fac39ec elementor-section-boxed elementor-section-height-default elementor-section-height-default elementor-invisible\" data-id=\"fac39ec\" data-element_type=\"section\" data-settings=\"{&quot;animation&quot;:&quot;fadeIn&quot;}\">\n\t\t\t\t\t\t<div class=\"elementor-container elementor-column-gap-default\">\n\t\t\t\t\t<div class=\"elementor-column elementor-col-100 elementor-top-column elementor-element elementor-element-d5bcbd1\" data-id=\"d5bcbd1\" data-element_type=\"column\">\n\t\t\t<div class=\"elementor-widget-wrap elementor-element-populated\">\n\t\t\t\t\t\t<div class=\"elementor-element elementor-element-425d7ec elementor-widget elementor-widget-text-editor\" data-id=\"425d7ec\" data-element_type=\"widget\" data-widget_type=\"text-editor.default\">\n\t\t\t\t<div class=\"elementor-widget-container\">\n\t\t\t\t\t\t\t\t\t<p>This website is brought to you by:<\/p><p>HYDROGEN REFUELING SOLUTIONS<\/p><p>Adresse : 283 Route des Lavi\u00e8res &#8211; ZAC du Saut du Moine &#8211; 38800 Champagnier<\/p><p>Legal form: Simplified joint stock company \u2013 452 830 664 GRENOBLE<\/p><p>Trade and Companies Register\nIntra-community VAT number: FR 204 528 306 64<\/p><p>HYDROGEN REFUELING SOLUTIONS is legally represented by Hassen Rachedi.<\/p><p>The purpose of the website is to present the activities of HYDROGEN REFUELING SOLUTIONS. It is updated periodically and, although every effort is made to keep up to date with the development and activities of HYDROGEN REFUELING SOLUTIONS, the information provided is not contractually binding. HYDROGEN REFUELING SOLUTIONS may only be held liable under the terms agreed when a contract is signed.<\/p><p>Use of the website is subject to these general terms and conditions of access and use, in accordance with applicable French law. The general terms and conditions may be amended at any time, and we would advise that you review them each time you visit the website. These terms and conditions of use are governed, interpreted, and applied in accordance with French law. In case of dispute, only French courts will be considered competent.<\/p><h3>Website created and hosted by<\/h3><p>Korigan communications agency<br \/>22, rue de S\u00e9t\u00e9r\u00e9e, ZA Route de Ponet, 26150 Die<br \/>T. +33 (0)4 75 21 42 81<br \/><a href=\"mailto:contact@korigan.fr\">contact@korigan.fr<\/a><br \/><a href=\"https:\/\/www.korigan.fr\" target=\"_blank\" rel=\"noopener\">www.korigan.fr<\/a><\/p><h3>Photographs<\/h3><p>Photo and image credits: Samuel Moraud, SYDEV-P.Baudry photographer, S\u00e9bastien Sassoulas, Bastien Philippe, Christian Moretti, Pacrot, J. Guillou CBL<\/p><h3>Malfunction<\/h3><p>The website is designed to give the best results, regardless of the browser used. HYDROGEN REFUELING SOLUTIONS accepts no responsibility for any malfunction or display problems, or for any damage caused to a web user's computer system, either directly or indirectly, as a result of using the website.<\/p><h3>Linked websites<\/h3><p>HYDROGEN REFUELING SOLUTIONS may include links to other websites. You may access these websites freely, at which point you will no longer be within the scope of these general terms and conditions. HYDROGEN REFUELING SOLUTIONS accepts no liability for either the content or operation of these third-party websites.<\/p><h3>Hacking and viruses<\/h3><p>HYDROGEN REFUELING SOLUTIONS accepts no liability for malfunctions or damage caused to a web user's computer system due to hacking of its website or viruses introduced without the knowledge of either HYDROGEN REFUELING SOLUTIONS or is technical partners.<\/p><h3>Publication officer<\/h3><p>Hassen RACHEDI<\/p><h3>Privacy policy<\/h3><p class=\"translation-block\">For questions relating to how your personal data is used, please see our <a href=\"https:\/\/www.hydrogen-refueling-solutions.fr\/en\/privacy-policy\/\" target=\"_self\">Privacy Policy.<\/a><\/p>\t\t\t\t\t\t\t\t<\/div>\n\t\t\t\t<\/div>\n\t\t\t\t\t<\/div>\n\t\t<\/div>\n\t\t\t\t\t<\/div>\n\t\t<\/section>\n\t\t\t\t<\/div>","protected":false},"excerpt":{"rendered":"<p>Ce site vous est propos\u00e9 par : HYDROGEN REFUELING SOLUTIONS Adresse : 283 Route des Lavi\u00e8res &#8211; ZAC du Saut du Moine &#8211; 38800 Champagnier Forme juridique : SAS \u2013 452 830 664 RCS GRENOBLE TVA Intracommunautaire : FR 204 528 306 64 HYDROGEN REFUELING SOLUTIONS est l\u00e9galement repr\u00e9sent\u00e9e par Hassen Rachedi. Le site a [&hellip;]<\/p>\n","protected":false},"author":2,"featured_media":1325,"parent":0,"menu_order":0,"comment_status":"closed","ping_status":"closed","template":"","meta":{"footnotes":""},"class_list":["post-431","page","type-page","status-publish","has-post-thumbnail","hentry"],"acf":[],"yoast_head":"<!-- This site is optimized with the Yoast SEO plugin v24.9 - https:\/\/yoast.com\/wordpress\/plugins\/seo\/ -->\n<title>Mentions l\u00e9gales | HRS<\/title>\n<meta name=\"robots\" content=\"index, follow, max-snippet:-1, max-image-preview:large, max-video-preview:-1\" \/>\n<link rel=\"canonical\" href=\"https:\/\/www.hydrogen-refueling-solutions.fr\/en\/impressum\/\" \/>\n<meta property=\"og:locale\" content=\"en_GB\" \/>\n<meta property=\"og:type\" content=\"article\" \/>\n<meta property=\"og:title\" content=\"Mentions l\u00e9gales | HRS\" \/>\n<meta property=\"og:description\" content=\"Ce site vous est propos\u00e9 par : HYDROGEN REFUELING SOLUTIONS Adresse : 283 Route des Lavi\u00e8res &#8211; ZAC du Saut du Moine &#8211; 38800 Champagnier Forme juridique : SAS \u2013 452 830 664 RCS GRENOBLE TVA Intracommunautaire : FR 204 528 306 64 HYDROGEN REFUELING SOLUTIONS est l\u00e9galement repr\u00e9sent\u00e9e par Hassen Rachedi. Le site a [&hellip;]\" \/>\n<meta property=\"og:url\" content=\"https:\/\/www.hydrogen-refueling-solutions.fr\/en\/impressum\/\" \/>\n<meta property=\"og:site_name\" content=\"Stations Hydrog\u00e8ne : HRS fabricant fran\u00e7ais de stations de ravitaillement\" \/>\n<meta property=\"article:modified_time\" content=\"2024-07-30T13:25:45+00:00\" \/>\n<meta property=\"og:image\" content=\"https:\/\/www.hydrogen-refueling-solutions.fr\/wp-content\/uploads\/logo-hrs-4.png\" \/>\n\t<meta property=\"og:image:width\" content=\"512\" \/>\n\t<meta property=\"og:image:height\" content=\"359\" \/>\n\t<meta property=\"og:image:type\" content=\"image\/png\" \/>\n<meta name=\"twitter:card\" content=\"summary_large_image\" \/>\n<meta name=\"twitter:site\" content=\"@hrs_hydrogen\" \/>\n<meta name=\"twitter:label1\" content=\"Estimated reading time\" \/>\n\t<meta name=\"twitter:data1\" content=\"2 minutes\" \/>\n<script type=\"application\/ld+json\" class=\"yoast-schema-graph\">{\"@context\":\"https:\/\/schema.org\",\"@graph\":[{\"@type\":\"WebPage\",\"@id\":\"https:\/\/www.hydrogen-refueling-solutions.fr\/mentions-legales\/\",\"url\":\"https:\/\/www.hydrogen-refueling-solutions.fr\/mentions-legales\/\",\"name\":\"Mentions l\u00e9gales | HRS\",\"isPartOf\":{\"@id\":\"https:\/\/www.hydrogen-refueling-solutions.fr\/#website\"},\"primaryImageOfPage\":{\"@id\":\"https:\/\/www.hydrogen-refueling-solutions.fr\/mentions-legales\/#primaryimage\"},\"image\":{\"@id\":\"https:\/\/www.hydrogen-refueling-solutions.fr\/mentions-legales\/#primaryimage\"},\"thumbnailUrl\":\"https:\/\/www.hydrogen-refueling-solutions.fr\/wp-content\/uploads\/logo-hrs-4.png\",\"datePublished\":\"2023-01-09T14:38:39+00:00\",\"dateModified\":\"2024-07-30T13:25:45+00:00\",\"breadcrumb\":{\"@id\":\"https:\/\/www.hydrogen-refueling-solutions.fr\/mentions-legales\/#breadcrumb\"},\"inLanguage\":\"en-GB\",\"potentialAction\":[{\"@type\":\"ReadAction\",\"target\":[\"https:\/\/www.hydrogen-refueling-solutions.fr\/mentions-legales\/\"]}]},{\"@type\":\"ImageObject\",\"inLanguage\":\"en-GB\",\"@id\":\"https:\/\/www.hydrogen-refueling-solutions.fr\/mentions-legales\/#primaryimage\",\"url\":\"https:\/\/www.hydrogen-refueling-solutions.fr\/wp-content\/uploads\/logo-hrs-4.png\",\"contentUrl\":\"https:\/\/www.hydrogen-refueling-solutions.fr\/wp-content\/uploads\/logo-hrs-4.png\",\"width\":512,\"height\":359,\"caption\":\"Logo Hydrogen Refueling Solutions\"},{\"@type\":\"BreadcrumbList\",\"@id\":\"https:\/\/www.hydrogen-refueling-solutions.fr\/mentions-legales\/#breadcrumb\",\"itemListElement\":[{\"@type\":\"ListItem\",\"position\":1,\"name\":\"HRS\",\"item\":\"https:\/\/www.hydrogen-refueling-solutions.fr\/\"},{\"@type\":\"ListItem\",\"position\":2,\"name\":\"Mentions l\u00e9gales\"}]},{\"@type\":\"WebSite\",\"@id\":\"https:\/\/www.hydrogen-refueling-solutions.fr\/#website\",\"url\":\"https:\/\/www.hydrogen-refueling-solutions.fr\/\",\"name\":\"Stations Hydrog\u00e8ne : HRS fabricant fran\u00e7ais de stations de ravitaillement\",\"description\":\"Hydrogen Refueling Solutions -HRS- premi\u00e8re entreprise fran\u00e7aise fabricante de station hydrog\u00e8ne grande capacit\u00e9 en s\u00e9rie. 14 \u00e0 80kg d&#039;hydrog\u00e8ne d\u00e9livr\u00e9s\/heure\",\"publisher\":{\"@id\":\"https:\/\/www.hydrogen-refueling-solutions.fr\/#organization\"},\"potentialAction\":[{\"@type\":\"SearchAction\",\"target\":{\"@type\":\"EntryPoint\",\"urlTemplate\":\"https:\/\/www.hydrogen-refueling-solutions.fr\/?s={search_term_string}\"},\"query-input\":{\"@type\":\"PropertyValueSpecification\",\"valueRequired\":true,\"valueName\":\"search_term_string\"}}],\"inLanguage\":\"en-GB\"},{\"@type\":\"Organization\",\"@id\":\"https:\/\/www.hydrogen-refueling-solutions.fr\/#organization\",\"name\":\"Hydrogen Refueling Solutions\",\"alternateName\":\"HRS\",\"url\":\"https:\/\/www.hydrogen-refueling-solutions.fr\/\",\"logo\":{\"@type\":\"ImageObject\",\"inLanguage\":\"en-GB\",\"@id\":\"https:\/\/www.hydrogen-refueling-solutions.fr\/#\/schema\/logo\/image\/\",\"url\":\"https:\/\/www.hydrogen-refueling-solutions.fr\/wp-content\/uploads\/logo-hrs-4.png\",\"contentUrl\":\"https:\/\/www.hydrogen-refueling-solutions.fr\/wp-content\/uploads\/logo-hrs-4.png\",\"width\":512,\"height\":359,\"caption\":\"Hydrogen Refueling Solutions\"},\"image\":{\"@id\":\"https:\/\/www.hydrogen-refueling-solutions.fr\/#\/schema\/logo\/image\/\"},\"sameAs\":[\"https:\/\/x.com\/hrs_hydrogen\",\"https:\/\/www.linkedin.com\/company\/hydrogen-refueling-solutions\/\"]}]}<\/script>\n<!-- \/ Yoast SEO plugin. -->","yoast_head_json":{"title":"Impressum | HRS","robots":{"index":"index","follow":"follow","max-snippet":"max-snippet:-1","max-image-preview":"max-image-preview:large","max-video-preview":"max-video-preview:-1"},"canonical":"https:\/\/www.hydrogen-refueling-solutions.fr\/en\/impressum\/","og_locale":"en_GB","og_type":"article","og_title":"Mentions l\u00e9gales | HRS","og_description":"Ce site vous est propos\u00e9 par : HYDROGEN REFUELING SOLUTIONS Adresse : 283 Route des Lavi\u00e8res &#8211; ZAC du Saut du Moine &#8211; 38800 Champagnier Forme juridique : SAS \u2013 452 830 664 RCS GRENOBLE TVA Intracommunautaire : FR 204 528 306 64 HYDROGEN REFUELING SOLUTIONS est l\u00e9galement repr\u00e9sent\u00e9e par Hassen Rachedi. Le site a [&hellip;]","og_url":"https:\/\/www.hydrogen-refueling-solutions.fr\/en\/impressum\/","og_site_name":"Stations Hydrog\u00e8ne : HRS fabricant fran\u00e7ais de stations de ravitaillement","article_modified_time":"2024-07-30T13:25:45+00:00","og_image":[{"width":512,"height":359,"url":"https:\/\/www.hydrogen-refueling-solutions.fr\/wp-content\/uploads\/logo-hrs-4.png","type":"image\/png"}],"twitter_card":"summary_large_image","twitter_site":"@hrs_hydrogen","twitter_misc":{"Estimated reading time":"2 minutes"},"schema":{"@context":"https:\/\/schema.org","@graph":[{"@type":"WebPage","@id":"https:\/\/www.hydrogen-refueling-solutions.fr\/mentions-legales\/","url":"https:\/\/www.hydrogen-refueling-solutions.fr\/mentions-legales\/","name":"Impressum | HRS","isPartOf":{"@id":"https:\/\/www.hydrogen-refueling-solutions.fr\/#website"},"primaryImageOfPage":{"@id":"https:\/\/www.hydrogen-refueling-solutions.fr\/mentions-legales\/#primaryimage"},"image":{"@id":"https:\/\/www.hydrogen-refueling-solutions.fr\/mentions-legales\/#primaryimage"},"thumbnailUrl":"https:\/\/www.hydrogen-refueling-solutions.fr\/wp-content\/uploads\/logo-hrs-4.png","datePublished":"2023-01-09T14:38:39+00:00","dateModified":"2024-07-30T13:25:45+00:00","breadcrumb":{"@id":"https:\/\/www.hydrogen-refueling-solutions.fr\/mentions-legales\/#breadcrumb"},"inLanguage":"en-GB","potentialAction":[{"@type":"ReadAction","target":["https:\/\/www.hydrogen-refueling-solutions.fr\/mentions-legales\/"]}]},{"@type":"ImageObject","inLanguage":"en-GB","@id":"https:\/\/www.hydrogen-refueling-solutions.fr\/mentions-legales\/#primaryimage","url":"https:\/\/www.hydrogen-refueling-solutions.fr\/wp-content\/uploads\/logo-hrs-4.png","contentUrl":"https:\/\/www.hydrogen-refueling-solutions.fr\/wp-content\/uploads\/logo-hrs-4.png","width":512,"height":359,"caption":"Logo Hydrogen Refueling Solutions"},{"@type":"BreadcrumbList","@id":"https:\/\/www.hydrogen-refueling-solutions.fr\/mentions-legales\/#breadcrumb","itemListElement":[{"@type":"ListItem","position":1,"name":"HRS","item":"https:\/\/www.hydrogen-refueling-solutions.fr\/"},{"@type":"ListItem","position":2,"name":"Mentions l\u00e9gales"}]},{"@type":"WebSite","@id":"https:\/\/www.hydrogen-refueling-solutions.fr\/#website","url":"https:\/\/www.hydrogen-refueling-solutions.fr\/","name":"Hydrogen stations: HRS french refueling station manufacturer","description":"Hydrogen Refueling Solutions -HRS- France's first mass-produced high-capacity hydrogen refueling station. 14 to 80kg of hydrogen delivered\/hour","publisher":{"@id":"https:\/\/www.hydrogen-refueling-solutions.fr\/#organization"},"potentialAction":[{"@type":"SearchAction","target":{"@type":"EntryPoint","urlTemplate":"https:\/\/www.hydrogen-refueling-solutions.fr\/?s={search_term_string}"},"query-input":{"@type":"PropertyValueSpecification","valueRequired":true,"valueName":"search_term_string"}}],"inLanguage":"en-GB"},{"@type":"Organization","@id":"https:\/\/www.hydrogen-refueling-solutions.fr\/#organization","name":"Hydrogen Refueling Solutions","alternateName":"HRS","url":"https:\/\/www.hydrogen-refueling-solutions.fr\/","logo":{"@type":"ImageObject","inLanguage":"en-GB","@id":"https:\/\/www.hydrogen-refueling-solutions.fr\/#\/schema\/logo\/image\/","url":"https:\/\/www.hydrogen-refueling-solutions.fr\/wp-content\/uploads\/logo-hrs-4.png","contentUrl":"https:\/\/www.hydrogen-refueling-solutions.fr\/wp-content\/uploads\/logo-hrs-4.png","width":512,"height":359,"caption":"Hydrogen Refueling Solutions"},"image":{"@id":"https:\/\/www.hydrogen-refueling-solutions.fr\/#\/schema\/logo\/image\/"},"sameAs":["https:\/\/x.com\/hrs_hydrogen","https:\/\/www.linkedin.com\/company\/hydrogen-refueling-solutions\/"]}]}},"_links":{"self":[{"href":"https:\/\/www.hydrogen-refueling-solutions.fr\/en\/wp-json\/wp\/v2\/pages\/431","targetHints":{"allow":["GET"]}}],"collection":[{"href":"https:\/\/www.hydrogen-refueling-solutions.fr\/en\/wp-json\/wp\/v2\/pages"}],"about":[{"href":"https:\/\/www.hydrogen-refueling-solutions.fr\/en\/wp-json\/wp\/v2\/types\/page"}],"author":[{"embeddable":true,"href":"https:\/\/www.hydrogen-refueling-solutions.fr\/en\/wp-json\/wp\/v2\/users\/2"}],"replies":[{"embeddable":true,"href":"https:\/\/www.hydrogen-refueling-solutions.fr\/en\/wp-json\/wp\/v2\/comments?post=431"}],"version-history":[{"count":3,"href":"https:\/\/www.hydrogen-refueling-solutions.fr\/en\/wp-json\/wp\/v2\/pages\/431\/revisions"}],"predecessor-version":[{"id":12679,"href":"https:\/\/www.hydrogen-refueling-solutions.fr\/en\/wp-json\/wp\/v2\/pages\/431\/revisions\/12679"}],"wp:featuredmedia":[{"embeddable":true,"href":"https:\/\/www.hydrogen-refueling-solutions.fr\/en\/wp-json\/wp\/v2\/media\/1325"}],"wp:attachment":[{"href":"https:\/\/www.hydrogen-refueling-solutions.fr\/en\/wp-json\/wp\/v2\/media?parent=431"}],"curies":[{"name":"wp","href":"https:\/\/api.w.org\/{rel}","templated":true}]}}