{"id":423,"date":"2023-01-09T15:37:35","date_gmt":"2023-01-09T14:37:35","guid":{"rendered":"https:\/\/www.hydrogen-refueling-solutions.fr\/?page_id=423"},"modified":"2023-11-27T17:20:26","modified_gmt":"2023-11-27T16:20:26","slug":"newsletter","status":"publish","type":"page","link":"https:\/\/www.hydrogen-refueling-solutions.fr\/en\/all-news\/newsletter\/","title":{"rendered":"Subscribe to our newsletter"},"content":{"rendered":"<div data-elementor-type=\"wp-page\" data-elementor-id=\"423\" class=\"elementor elementor-423\" data-elementor-post-type=\"page\">\n\t\t\t\t\t\t<section class=\"elementor-section elementor-top-section elementor-element elementor-element-65fd405 elementor-section-boxed elementor-section-height-default elementor-section-height-default\" data-id=\"65fd405\" data-element_type=\"section\" data-settings=\"{&quot;background_background&quot;:&quot;classic&quot;}\">\n\t\t\t\t\t\t<div class=\"elementor-container elementor-column-gap-default\">\n\t\t\t\t\t<div class=\"elementor-column elementor-col-100 elementor-top-column elementor-element elementor-element-56846e3 elementor-invisible\" data-id=\"56846e3\" data-element_type=\"column\" id=\"formulaire-contact\" data-settings=\"{&quot;animation&quot;:&quot;fadeIn&quot;}\">\n\t\t\t<div class=\"elementor-widget-wrap elementor-element-populated\">\n\t\t\t\t\t\t<div class=\"elementor-element elementor-element-b983659 form-newsletter elementor-widget elementor-widget-shortcode\" data-id=\"b983659\" data-element_type=\"widget\" data-no-translation=\"\" data-widget_type=\"shortcode.default\">\n\t\t\t\t<div class=\"elementor-widget-container\">\n\t\t\t\t\t<style>.elementor-element-b983659{display:none !important}<\/style>\t\t\t\t<\/div>\n\t\t\t\t<\/div>\n\t\t\t\t<div class=\"elementor-element elementor-element-df007af form-newsletter elementor-widget elementor-widget-shortcode\" data-id=\"df007af\" data-element_type=\"widget\" data-no-translation=\"\" data-widget_type=\"shortcode.default\">\n\t\t\t\t<div class=\"elementor-widget-container\">\n\t\t\t\t\t\t\t<div class=\"elementor-shortcode\">\r\n<iframe id=\"subscribe\"\r\n\tname=\"subscribe\"\r\n\tsrc=\"https:\/\/hrs.actusnews.com\/site\/subscribe.php?langue=en\"\r\n\twidth=\"100%\"\r\n\theight=\"500\"\r\n\tscrolling=\"auto\"\r\n\tframeborder=\"0\"\r\n\tclass=\"ACTiframesubscribe\">\r\n\tThis option will not work properly. Unfortunately, your browser does not support frames.\r\n<\/iframe>\n<\/div>\n\t\t\t\t\t\t<\/div>\n\t\t\t\t<\/div>\n\t\t\t\t\t<\/div>\n\t\t<\/div>\n\t\t\t\t\t<\/div>\n\t\t<\/section>\n\t\t\t\t<\/div>","protected":false},"excerpt":{"rendered":"","protected":false},"author":2,"featured_media":10711,"parent":421,"menu_order":0,"comment_status":"closed","ping_status":"closed","template":"","meta":{"footnotes":""},"class_list":["post-423","page","type-page","status-publish","has-post-thumbnail","hentry"],"acf":[],"yoast_head":"<!-- This site is optimized with the Yoast SEO plugin v24.9 - https:\/\/yoast.com\/wordpress\/plugins\/seo\/ -->\n<title>Newsletter - HRS<\/title>\n<meta name=\"description\" content=\"Pour suivre l&#039;actualit\u00e9 hydrog\u00e8ne de HRS, les communiqu\u00e9s, les informations financi\u00e8res - Inscrivez-vous \u00e0 la newsletter\" \/>\n<meta name=\"robots\" content=\"index, follow, max-snippet:-1, max-image-preview:large, max-video-preview:-1\" \/>\n<link rel=\"canonical\" href=\"https:\/\/www.hydrogen-refueling-solutions.fr\/en\/all-news\/newsletter\/\" \/>\n<meta property=\"og:locale\" content=\"en_GB\" \/>\n<meta property=\"og:type\" content=\"article\" \/>\n<meta property=\"og:title\" content=\"Newsletter - HRS\" \/>\n<meta property=\"og:description\" content=\"Pour suivre l&#039;actualit\u00e9 hydrog\u00e8ne de HRS, les communiqu\u00e9s, les informations financi\u00e8res - Inscrivez-vous \u00e0 la newsletter\" \/>\n<meta property=\"og:url\" content=\"https:\/\/www.hydrogen-refueling-solutions.fr\/en\/all-news\/newsletter\/\" \/>\n<meta property=\"og:site_name\" content=\"Stations Hydrog\u00e8ne : HRS fabricant fran\u00e7ais de stations de ravitaillement\" \/>\n<meta property=\"article:modified_time\" content=\"2023-11-27T16:20:26+00:00\" \/>\n<meta property=\"og:image\" content=\"https:\/\/www.hydrogen-refueling-solutions.fr\/wp-content\/uploads\/HRS-202306-Champagnier-Credit-Sebastien-Sassoulas-19-1.jpg\" \/>\n\t<meta property=\"og:image:width\" content=\"1600\" \/>\n\t<meta property=\"og:image:height\" content=\"1067\" \/>\n\t<meta property=\"og:image:type\" content=\"image\/jpeg\" \/>\n<meta name=\"twitter:card\" content=\"summary_large_image\" \/>\n<meta name=\"twitter:site\" content=\"@hrs_hydrogen\" \/>\n<meta name=\"twitter:label1\" content=\"Estimated reading time\" \/>\n\t<meta name=\"twitter:data1\" content=\"1 minute\" \/>\n<script type=\"application\/ld+json\" class=\"yoast-schema-graph\">{\"@context\":\"https:\/\/schema.org\",\"@graph\":[{\"@type\":\"WebPage\",\"@id\":\"https:\/\/www.hydrogen-refueling-solutions.fr\/actualites\/newsletter\/\",\"url\":\"https:\/\/www.hydrogen-refueling-solutions.fr\/actualites\/newsletter\/\",\"name\":\"Newsletter - HRS\",\"isPartOf\":{\"@id\":\"https:\/\/www.hydrogen-refueling-solutions.fr\/#website\"},\"primaryImageOfPage\":{\"@id\":\"https:\/\/www.hydrogen-refueling-solutions.fr\/actualites\/newsletter\/#primaryimage\"},\"image\":{\"@id\":\"https:\/\/www.hydrogen-refueling-solutions.fr\/actualites\/newsletter\/#primaryimage\"},\"thumbnailUrl\":\"https:\/\/www.hydrogen-refueling-solutions.fr\/wp-content\/uploads\/HRS-202306-Champagnier-Credit-Sebastien-Sassoulas-19-1.jpg\",\"datePublished\":\"2023-01-09T14:37:35+00:00\",\"dateModified\":\"2023-11-27T16:20:26+00:00\",\"description\":\"Pour suivre l'actualit\u00e9 hydrog\u00e8ne de HRS, les communiqu\u00e9s, les informations financi\u00e8res - Inscrivez-vous \u00e0 la newsletter\",\"breadcrumb\":{\"@id\":\"https:\/\/www.hydrogen-refueling-solutions.fr\/actualites\/newsletter\/#breadcrumb\"},\"inLanguage\":\"en-GB\",\"potentialAction\":[{\"@type\":\"ReadAction\",\"target\":[\"https:\/\/www.hydrogen-refueling-solutions.fr\/actualites\/newsletter\/\"]}]},{\"@type\":\"ImageObject\",\"inLanguage\":\"en-GB\",\"@id\":\"https:\/\/www.hydrogen-refueling-solutions.fr\/actualites\/newsletter\/#primaryimage\",\"url\":\"https:\/\/www.hydrogen-refueling-solutions.fr\/wp-content\/uploads\/HRS-202306-Champagnier-Credit-Sebastien-Sassoulas-19-1.jpg\",\"contentUrl\":\"https:\/\/www.hydrogen-refueling-solutions.fr\/wp-content\/uploads\/HRS-202306-Champagnier-Credit-Sebastien-Sassoulas-19-1.jpg\",\"width\":1600,\"height\":1067,\"caption\":\"Centre de production HRS\"},{\"@type\":\"BreadcrumbList\",\"@id\":\"https:\/\/www.hydrogen-refueling-solutions.fr\/actualites\/newsletter\/#breadcrumb\",\"itemListElement\":[{\"@type\":\"ListItem\",\"position\":1,\"name\":\"HRS\",\"item\":\"https:\/\/www.hydrogen-refueling-solutions.fr\/\"},{\"@type\":\"ListItem\",\"position\":2,\"name\":\"Actualit\u00e9\",\"item\":\"https:\/\/www.hydrogen-refueling-solutions.fr\/actualites\/\"},{\"@type\":\"ListItem\",\"position\":3,\"name\":\"Inscrivez-vous \u00e0 notre newsletter\"}]},{\"@type\":\"WebSite\",\"@id\":\"https:\/\/www.hydrogen-refueling-solutions.fr\/#website\",\"url\":\"https:\/\/www.hydrogen-refueling-solutions.fr\/\",\"name\":\"Stations Hydrog\u00e8ne : HRS fabricant fran\u00e7ais de stations de ravitaillement\",\"description\":\"Hydrogen Refueling Solutions -HRS- premi\u00e8re entreprise fran\u00e7aise fabricante de station hydrog\u00e8ne grande capacit\u00e9 en s\u00e9rie. 14 \u00e0 80kg d&#039;hydrog\u00e8ne d\u00e9livr\u00e9s\/heure\",\"publisher\":{\"@id\":\"https:\/\/www.hydrogen-refueling-solutions.fr\/#organization\"},\"potentialAction\":[{\"@type\":\"SearchAction\",\"target\":{\"@type\":\"EntryPoint\",\"urlTemplate\":\"https:\/\/www.hydrogen-refueling-solutions.fr\/?s={search_term_string}\"},\"query-input\":{\"@type\":\"PropertyValueSpecification\",\"valueRequired\":true,\"valueName\":\"search_term_string\"}}],\"inLanguage\":\"en-GB\"},{\"@type\":\"Organization\",\"@id\":\"https:\/\/www.hydrogen-refueling-solutions.fr\/#organization\",\"name\":\"Hydrogen Refueling Solutions\",\"alternateName\":\"HRS\",\"url\":\"https:\/\/www.hydrogen-refueling-solutions.fr\/\",\"logo\":{\"@type\":\"ImageObject\",\"inLanguage\":\"en-GB\",\"@id\":\"https:\/\/www.hydrogen-refueling-solutions.fr\/#\/schema\/logo\/image\/\",\"url\":\"https:\/\/www.hydrogen-refueling-solutions.fr\/wp-content\/uploads\/logo-hrs-4.png\",\"contentUrl\":\"https:\/\/www.hydrogen-refueling-solutions.fr\/wp-content\/uploads\/logo-hrs-4.png\",\"width\":512,\"height\":359,\"caption\":\"Hydrogen Refueling Solutions\"},\"image\":{\"@id\":\"https:\/\/www.hydrogen-refueling-solutions.fr\/#\/schema\/logo\/image\/\"},\"sameAs\":[\"https:\/\/x.com\/hrs_hydrogen\",\"https:\/\/www.linkedin.com\/company\/hydrogen-refueling-solutions\/\"]}]}<\/script>\n<!-- \/ Yoast SEO plugin. -->","yoast_head_json":{"title":"Newsletter \u2013 HRS","description":"To get all the latest news on hydrogen from HRS and read our press releases and financial information, subscribe to our newsletter","robots":{"index":"index","follow":"follow","max-snippet":"max-snippet:-1","max-image-preview":"max-image-preview:large","max-video-preview":"max-video-preview:-1"},"canonical":"https:\/\/www.hydrogen-refueling-solutions.fr\/en\/all-news\/newsletter\/","og_locale":"en_GB","og_type":"article","og_title":"Newsletter - HRS","og_description":"Pour suivre l'actualit\u00e9 hydrog\u00e8ne de HRS, les communiqu\u00e9s, les informations financi\u00e8res - Inscrivez-vous \u00e0 la newsletter","og_url":"https:\/\/www.hydrogen-refueling-solutions.fr\/en\/all-news\/newsletter\/","og_site_name":"Stations Hydrog\u00e8ne : HRS fabricant fran\u00e7ais de stations de ravitaillement","article_modified_time":"2023-11-27T16:20:26+00:00","og_image":[{"width":1600,"height":1067,"url":"https:\/\/www.hydrogen-refueling-solutions.fr\/wp-content\/uploads\/HRS-202306-Champagnier-Credit-Sebastien-Sassoulas-19-1.jpg","type":"image\/jpeg"}],"twitter_card":"summary_large_image","twitter_site":"@hrs_hydrogen","twitter_misc":{"Estimated reading time":"1 minute"},"schema":{"@context":"https:\/\/schema.org","@graph":[{"@type":"WebPage","@id":"https:\/\/www.hydrogen-refueling-solutions.fr\/actualites\/newsletter\/","url":"https:\/\/www.hydrogen-refueling-solutions.fr\/actualites\/newsletter\/","name":"Newsletter \u2013 HRS","isPartOf":{"@id":"https:\/\/www.hydrogen-refueling-solutions.fr\/#website"},"primaryImageOfPage":{"@id":"https:\/\/www.hydrogen-refueling-solutions.fr\/actualites\/newsletter\/#primaryimage"},"image":{"@id":"https:\/\/www.hydrogen-refueling-solutions.fr\/actualites\/newsletter\/#primaryimage"},"thumbnailUrl":"https:\/\/www.hydrogen-refueling-solutions.fr\/wp-content\/uploads\/HRS-202306-Champagnier-Credit-Sebastien-Sassoulas-19-1.jpg","datePublished":"2023-01-09T14:37:35+00:00","dateModified":"2023-11-27T16:20:26+00:00","description":"To get all the latest news on hydrogen from HRS and read our press releases and financial information, subscribe to our newsletter","breadcrumb":{"@id":"https:\/\/www.hydrogen-refueling-solutions.fr\/actualites\/newsletter\/#breadcrumb"},"inLanguage":"en-GB","potentialAction":[{"@type":"ReadAction","target":["https:\/\/www.hydrogen-refueling-solutions.fr\/actualites\/newsletter\/"]}]},{"@type":"ImageObject","inLanguage":"en-GB","@id":"https:\/\/www.hydrogen-refueling-solutions.fr\/actualites\/newsletter\/#primaryimage","url":"https:\/\/www.hydrogen-refueling-solutions.fr\/wp-content\/uploads\/HRS-202306-Champagnier-Credit-Sebastien-Sassoulas-19-1.jpg","contentUrl":"https:\/\/www.hydrogen-refueling-solutions.fr\/wp-content\/uploads\/HRS-202306-Champagnier-Credit-Sebastien-Sassoulas-19-1.jpg","width":1600,"height":1067,"caption":"Centre de production HRS"},{"@type":"BreadcrumbList","@id":"https:\/\/www.hydrogen-refueling-solutions.fr\/actualites\/newsletter\/#breadcrumb","itemListElement":[{"@type":"ListItem","position":1,"name":"HRS","item":"https:\/\/www.hydrogen-refueling-solutions.fr\/"},{"@type":"ListItem","position":2,"name":"Actualit\u00e9","item":"https:\/\/www.hydrogen-refueling-solutions.fr\/actualites\/"},{"@type":"ListItem","position":3,"name":"Inscrivez-vous \u00e0 notre newsletter"}]},{"@type":"WebSite","@id":"https:\/\/www.hydrogen-refueling-solutions.fr\/#website","url":"https:\/\/www.hydrogen-refueling-solutions.fr\/","name":"Hydrogen stations: HRS french refueling station manufacturer","description":"Hydrogen Refueling Solutions -HRS- France's first mass-produced high-capacity hydrogen refueling station. 14 to 80kg of hydrogen delivered\/hour","publisher":{"@id":"https:\/\/www.hydrogen-refueling-solutions.fr\/#organization"},"potentialAction":[{"@type":"SearchAction","target":{"@type":"EntryPoint","urlTemplate":"https:\/\/www.hydrogen-refueling-solutions.fr\/?s={search_term_string}"},"query-input":{"@type":"PropertyValueSpecification","valueRequired":true,"valueName":"search_term_string"}}],"inLanguage":"en-GB"},{"@type":"Organization","@id":"https:\/\/www.hydrogen-refueling-solutions.fr\/#organization","name":"Hydrogen Refueling Solutions","alternateName":"HRS","url":"https:\/\/www.hydrogen-refueling-solutions.fr\/","logo":{"@type":"ImageObject","inLanguage":"en-GB","@id":"https:\/\/www.hydrogen-refueling-solutions.fr\/#\/schema\/logo\/image\/","url":"https:\/\/www.hydrogen-refueling-solutions.fr\/wp-content\/uploads\/logo-hrs-4.png","contentUrl":"https:\/\/www.hydrogen-refueling-solutions.fr\/wp-content\/uploads\/logo-hrs-4.png","width":512,"height":359,"caption":"Hydrogen Refueling Solutions"},"image":{"@id":"https:\/\/www.hydrogen-refueling-solutions.fr\/#\/schema\/logo\/image\/"},"sameAs":["https:\/\/x.com\/hrs_hydrogen","https:\/\/www.linkedin.com\/company\/hydrogen-refueling-solutions\/"]}]}},"_links":{"self":[{"href":"https:\/\/www.hydrogen-refueling-solutions.fr\/en\/wp-json\/wp\/v2\/pages\/423","targetHints":{"allow":["GET"]}}],"collection":[{"href":"https:\/\/www.hydrogen-refueling-solutions.fr\/en\/wp-json\/wp\/v2\/pages"}],"about":[{"href":"https:\/\/www.hydrogen-refueling-solutions.fr\/en\/wp-json\/wp\/v2\/types\/page"}],"author":[{"embeddable":true,"href":"https:\/\/www.hydrogen-refueling-solutions.fr\/en\/wp-json\/wp\/v2\/users\/2"}],"replies":[{"embeddable":true,"href":"https:\/\/www.hydrogen-refueling-solutions.fr\/en\/wp-json\/wp\/v2\/comments?post=423"}],"version-history":[{"count":2,"href":"https:\/\/www.hydrogen-refueling-solutions.fr\/en\/wp-json\/wp\/v2\/pages\/423\/revisions"}],"predecessor-version":[{"id":10751,"href":"https:\/\/www.hydrogen-refueling-solutions.fr\/en\/wp-json\/wp\/v2\/pages\/423\/revisions\/10751"}],"up":[{"embeddable":true,"href":"https:\/\/www.hydrogen-refueling-solutions.fr\/en\/wp-json\/wp\/v2\/pages\/421"}],"wp:featuredmedia":[{"embeddable":true,"href":"https:\/\/www.hydrogen-refueling-solutions.fr\/en\/wp-json\/wp\/v2\/media\/10711"}],"wp:attachment":[{"href":"https:\/\/www.hydrogen-refueling-solutions.fr\/en\/wp-json\/wp\/v2\/media?parent=423"}],"curies":[{"name":"wp","href":"https:\/\/api.w.org\/{rel}","templated":true}]}}