{"id":13910,"date":"2024-12-13T16:13:34","date_gmt":"2024-12-13T15:13:34","guid":{"rendered":"https:\/\/www.hydrogen-refueling-solutions.fr\/?page_id=13910"},"modified":"2025-09-09T10:05:58","modified_gmt":"2025-09-09T08:05:58","slug":"communaute-dagglomeration-de-lalbigeois","status":"publish","type":"page","link":"https:\/\/www.hydrogen-refueling-solutions.fr\/en\/references\/clients\/communaute-dagglomeration-de-lalbigeois\/","title":{"rendered":"Urban community of Albigeois"},"content":{"rendered":"<div data-elementor-type=\"wp-page\" data-elementor-id=\"13910\" class=\"elementor elementor-13910\" data-elementor-post-type=\"page\">\n\t\t\t\t<section class=\"elementor-element elementor-element-80723be e-flex e-con-boxed elementor-invisible e-con e-parent\" data-id=\"80723be\" data-element_type=\"container\" data-settings=\"{&quot;animation&quot;:&quot;fadeIn&quot;}\">\n\t\t\t\t\t<div class=\"e-con-inner\">\n\t\t<div class=\"elementor-element elementor-element-26c0029 e-con-full e-flex e-con e-child\" data-id=\"26c0029\" data-element_type=\"container\">\n\t\t\t\t<div class=\"elementor-element elementor-element-3a9767b elementor-widget elementor-widget-heading\" data-id=\"3a9767b\" data-element_type=\"widget\" data-widget_type=\"heading.default\">\n\t\t\t\t<div class=\"elementor-widget-container\">\n\t\t\t\t\t<h2 class=\"elementor-heading-title elementor-size-default\">A hydrogen station for a European center dedicated to low-carbon mobility<\/h2>\t\t\t\t<\/div>\n\t\t\t\t<\/div>\n\t\t\t\t<div class=\"elementor-element elementor-element-570edd0 elementor-widget-divider--view-line elementor-widget elementor-widget-divider\" data-id=\"570edd0\" data-element_type=\"widget\" data-widget_type=\"divider.default\">\n\t\t\t\t<div class=\"elementor-widget-container\">\n\t\t\t\t\t\t\t<div class=\"elementor-divider\">\n\t\t\t<span class=\"elementor-divider-separator\">\n\t\t\t\t\t\t<\/span>\n\t\t<\/div>\n\t\t\t\t\t\t<\/div>\n\t\t\t\t<\/div>\n\t\t\t\t<div class=\"elementor-element elementor-element-669ca4e elementor-widget elementor-widget-text-editor\" data-id=\"669ca4e\" data-element_type=\"widget\" data-widget_type=\"text-editor.default\">\n\t\t\t\t<div class=\"elementor-widget-container\">\n\t\t\t\t\t\t\t\t\t<p class=\"translation-block\">HRS will install an HRS14 station near the <strong>Albility Lab<\/strong> training workshop in 2025. This station, designed for educational purposes, will train operators in refueling various vehicles in real conditions (heavy goods vehicles and light vehicles). HRS will also support the development of a training plan for this project.<\/p>\t\t\t\t\t\t\t\t<\/div>\n\t\t\t\t<\/div>\n\t\t\t\t<div class=\"elementor-element elementor-element-b36bd2d elementor-widget elementor-widget-heading\" data-id=\"b36bd2d\" data-element_type=\"widget\" data-widget_type=\"heading.default\">\n\t\t\t\t<div class=\"elementor-widget-container\">\n\t\t\t\t\t<h2 class=\"elementor-heading-title elementor-size-default\">About Albility Lab<\/h2>\t\t\t\t<\/div>\n\t\t\t\t<\/div>\n\t\t\t\t<div class=\"elementor-element elementor-element-3bcdbd4 elementor-widget elementor-widget-text-editor\" data-id=\"3bcdbd4\" data-element_type=\"widget\" data-widget_type=\"text-editor.default\">\n\t\t\t\t<div class=\"elementor-widget-container\">\n\t\t\t\t\t\t\t\t\t<p>The \"Albility Lab\" project, led by the city of Albi and the Albigeois urban community, is a European center dedicated to low-carbon mobility, particularly hydrogen. This project aims to promote the hydrogen sector and train its various stakeholders through a training workshop designed to carry out various practical applications. Albility draws on local skills and strategic infrastructure held by the City of Albi, structuring its development around three main axes:<\/p><ul><li class=\"translation-block\"><strong>Testing low-carbon vehicles<\/strong>: using the car circuit and the airfield track to test vehicles, supported by a small-capacity hydrogen distribution station.<\/li><li class=\"translation-block\"><strong>Technical expertise<\/strong>: with the promotion of a cluster of cutting-edge skills and a rich and dynamic academic ecosystem.<\/li><li class=\"translation-block\"><strong>Specialized training<\/strong>: developing the skills needed for the hydrogen sector and low-carbon mobility, in partnership with the H2 Albi Campus and the Albility Lab training workshop, currently under construction.<\/li><\/ul><p>Construction of the Albility lab began in the fall of 2024 and will be completed in the summer of 2025.<\/p><p>The Agglomeration is acquiring the equipment that will form the Atelier\u2019s educational platform:<\/p><ul><li>a private H2 station,<\/li><li>an electric charging station for hydrogen and electric vehicle batteries,<\/li><li>hydrogen vehicles,<\/li><li>educational equipment.<\/li><\/ul><p>These infrastructures and equipment will be made available to Albility users: members of Campus H2 Albi, H2 Team, GENHYO partners, research centers, industrialists, etc.<\/p><p>Source\u00a0: <a href=\"https:\/\/albi.fr\/grands-projets\/albility-linnovation-au-service-des-nouvelles-mobilites\">Albi<\/a> <\/p>\t\t\t\t\t\t\t\t<\/div>\n\t\t\t\t<\/div>\n\t\t\t\t<div class=\"elementor-element elementor-element-d273d02 elementor-widget elementor-widget-text-editor\" data-id=\"d273d02\" data-element_type=\"widget\" data-widget_type=\"text-editor.default\">\n\t\t\t\t<div class=\"elementor-widget-container\">\n\t\t\t\t\t\t\t\t\t<p>To find out more, have a look at our press releases:<\/p><ul><li><strong>The urban community of Albigeois chooses HRS to order a HRS14 hydrogen station\u00a0<\/strong><br \/><a href=\"https:\/\/www.hydrogen-refueling-solutions.fr\/en\/investors\/press-releases\/?ID=ACTUS-0-89030&amp;CLIENT=ACTUS-0-445\">Read the press release<\/a><\/li><\/ul>\t\t\t\t\t\t\t\t<\/div>\n\t\t\t\t<\/div>\n\t\t\t\t<div class=\"elementor-element elementor-element-baf9632 elementor-widget elementor-widget-heading\" data-id=\"baf9632\" data-element_type=\"widget\" data-widget_type=\"heading.default\">\n\t\t\t\t<div class=\"elementor-widget-container\">\n\t\t\t\t\t<h2 class=\"elementor-heading-title elementor-size-default\">As seen on LinkedIn<\/h2>\t\t\t\t<\/div>\n\t\t\t\t<\/div>\n\t\t\t\t<div class=\"elementor-element elementor-element-a2bc348 elementor-widget elementor-widget-text-editor\" data-id=\"a2bc348\" data-element_type=\"widget\" data-widget_type=\"text-editor.default\">\n\t\t\t\t<div class=\"elementor-widget-container\">\n\t\t\t\t\t\t\t\t\t<ul><li><span class=\"break-words tvm-parent-container\"><span dir=\"ltr\"><a href=\"https:\/\/www.linkedin.com\/posts\/hydrogen-refueling-solutions_hrs-transitionenergaeztique-hrs14-activity-7270702006061699073-1iJg\/?utm_source=share&amp;utm_medium=member_desktop\">ORDER OF A HYDROGEN STATION FOR THE ALBILITY LAB TRAINING CENTER!<\/a><br \/><\/span><\/span><\/li><\/ul>\t\t\t\t\t\t\t\t<\/div>\n\t\t\t\t<\/div>\n\t\t\t\t<div class=\"elementor-element elementor-element-1f81dc5 elementor-widget-divider--view-line elementor-widget elementor-widget-divider\" data-id=\"1f81dc5\" data-element_type=\"widget\" data-widget_type=\"divider.default\">\n\t\t\t\t<div class=\"elementor-widget-container\">\n\t\t\t\t\t\t\t<div class=\"elementor-divider\">\n\t\t\t<span class=\"elementor-divider-separator\">\n\t\t\t\t\t\t<\/span>\n\t\t<\/div>\n\t\t\t\t\t\t<\/div>\n\t\t\t\t<\/div>\n\t\t\t\t<div class=\"elementor-element elementor-element-02dfd07 elementor-tablet-align-center elementor-widget elementor-widget-button\" data-id=\"02dfd07\" data-element_type=\"widget\" data-widget_type=\"button.default\">\n\t\t\t\t<div class=\"elementor-widget-container\">\n\t\t\t\t\t\t\t\t\t<div class=\"elementor-button-wrapper\">\n\t\t\t\t\t<a class=\"elementor-button elementor-button-link elementor-size-sm\" href=\"https:\/\/www.linkedin.com\/company\/hydrogen-refueling-solutions\" target=\"_blank\">\n\t\t\t\t\t\t<span class=\"elementor-button-content-wrapper\">\n\t\t\t\t\t\t<span class=\"elementor-button-icon\">\n\t\t\t\t<svg aria-hidden=\"true\" class=\"e-font-icon-svg e-fab-linkedin\" viewbox=\"0 0 448 512\" xmlns=\"http:\/\/www.w3.org\/2000\/svg\"><path d=\"M416 32H31.9C14.3 32 0 46.5 0 64.3v383.4C0 465.5 14.3 480 31.9 480H416c17.6 0 32-14.5 32-32.3V64.3c0-17.8-14.4-32.3-32-32.3zM135.4 416H69V202.2h66.5V416zm-33.2-243c-21.3 0-38.5-17.3-38.5-38.5S80.9 96 102.2 96c21.2 0 38.5 17.3 38.5 38.5 0 21.3-17.2 38.5-38.5 38.5zm282.1 243h-66.4V312c0-24.8-.5-56.7-34.5-56.7-34.6 0-39.9 27-39.9 54.9V416h-66.4V202.2h63.7v29.2h.9c8.9-16.8 30.6-34.5 62.9-34.5 67.2 0 79.7 44.3 79.7 101.9V416z\"><\/path><\/svg>\t\t\t<\/span>\n\t\t\t\t\t\t\t\t\t<span class=\"elementor-button-text\">Follow us on LinkedIn<\/span>\n\t\t\t\t\t<\/span>\n\t\t\t\t\t<\/a>\n\t\t\t\t<\/div>\n\t\t\t\t\t\t\t\t<\/div>\n\t\t\t\t<\/div>\n\t\t\t\t<div class=\"elementor-element elementor-element-ee208e3 elementor-widget-divider--view-line elementor-widget elementor-widget-divider\" data-id=\"ee208e3\" data-element_type=\"widget\" data-widget_type=\"divider.default\">\n\t\t\t\t<div class=\"elementor-widget-container\">\n\t\t\t\t\t\t\t<div class=\"elementor-divider\">\n\t\t\t<span class=\"elementor-divider-separator\">\n\t\t\t\t\t\t<\/span>\n\t\t<\/div>\n\t\t\t\t\t\t<\/div>\n\t\t\t\t<\/div>\n\t\t\t\t<\/div>\n\t\t<div class=\"elementor-element elementor-element-48caec4 e-con-full e-flex e-con e-child\" data-id=\"48caec4\" data-element_type=\"container\" data-settings=\"{&quot;background_background&quot;:&quot;classic&quot;}\">\n\t\t\t\t<\/div>\n\t\t\t\t\t<\/div>\n\t\t\t\t<\/section>\n\t\t<div class=\"elementor-element elementor-element-202da88 e-flex e-con-boxed e-con e-parent\" data-id=\"202da88\" data-element_type=\"container\">\n\t\t\t\t\t<div class=\"e-con-inner\">\n\t\t\t\t<div class=\"elementor-element elementor-element-46c9bb3 elementor-widget elementor-widget-spacer\" data-id=\"46c9bb3\" data-element_type=\"widget\" data-widget_type=\"spacer.default\">\n\t\t\t\t<div class=\"elementor-widget-container\">\n\t\t\t\t\t\t\t<div class=\"elementor-spacer\">\n\t\t\t<div class=\"elementor-spacer-inner\"><\/div>\n\t\t<\/div>\n\t\t\t\t\t\t<\/div>\n\t\t\t\t<\/div>\n\t\t\t\t<div class=\"elementor-element elementor-element-da6dd21 elementor-blockquote--skin-boxed elementor-blockquote--button-color-official elementor-widget elementor-widget-blockquote\" data-id=\"da6dd21\" data-element_type=\"widget\" data-widget_type=\"blockquote.default\">\n\t\t\t\t<div class=\"elementor-widget-container\">\n\t\t\t\t\t\t\t<blockquote class=\"elementor-blockquote\">\n\t\t\t<p class=\"elementor-blockquote__content\">\n\t\t\t\t \u201cWe're delighted to be playing our part in promoting hydrogen mobility within this fine Albility Lab project, supported by the city of Albi and the urban community of Albigeois, as well as by various players who have also been working for many years on the properties of hydrogen. I have no doubt that our presence at the heart of this multi-skilled cluster will also enable us to step up our exchanges with other specialists in the sector, and possibly forge future commercial collaborations. Finally, we're proud that HRS is doing its part to help train new players who will be excellent ambassadors for hydrogen mobility in the future.\u201d \t\t\t<\/p>\n\t\t\t\t\t\t\t<div class=\"e-q-footer\">\n\t\t\t\t\t\t\t\t\t\t\t<cite class=\"elementor-blockquote__author\">Hassen Rachedi, founder and CEO of HRS.<\/cite>\n\t\t\t\t\t\t\t\t\t\t\t\t\t\t<\/div>\n\t\t\t\t\t<\/blockquote>\n\t\t\t\t\t\t<\/div>\n\t\t\t\t<\/div>\n\t\t\t\t<div class=\"elementor-element elementor-element-46d9d30 elementor-tablet-align-center elementor-align-center elementor-widget elementor-widget-button\" data-id=\"46d9d30\" data-element_type=\"widget\" data-widget_type=\"button.default\">\n\t\t\t\t<div class=\"elementor-widget-container\">\n\t\t\t\t\t\t\t\t\t<div class=\"elementor-button-wrapper\">\n\t\t\t\t\t<a class=\"elementor-button elementor-button-link elementor-size-sm\" href=\"https:\/\/www.hydrogen-refueling-solutions.fr\/en\/references\/clients\/\">\n\t\t\t\t\t\t<span class=\"elementor-button-content-wrapper\">\n\t\t\t\t\t\t\t\t\t<span class=\"elementor-button-text\">See all our clients<\/span>\n\t\t\t\t\t<\/span>\n\t\t\t\t\t<\/a>\n\t\t\t\t<\/div>\n\t\t\t\t\t\t\t\t<\/div>\n\t\t\t\t<\/div>\n\t\t\t\t<div class=\"elementor-element elementor-element-bcb9f96 elementor-widget elementor-widget-spacer\" data-id=\"bcb9f96\" data-element_type=\"widget\" data-widget_type=\"spacer.default\">\n\t\t\t\t<div class=\"elementor-widget-container\">\n\t\t\t\t\t\t\t<div class=\"elementor-spacer\">\n\t\t\t<div class=\"elementor-spacer-inner\"><\/div>\n\t\t<\/div>\n\t\t\t\t\t\t<\/div>\n\t\t\t\t<\/div>\n\t\t\t\t\t<\/div>\n\t\t\t\t<\/div>\n\t\t\t\t<\/div>","protected":false},"excerpt":{"rendered":"<p>At the heart of the Occitanie region, in the Tarn, the Communaut\u00e9 d'agglom\u00e9ration de l'Albigeois is committed to the deployment of low-carbon mobility, in particular through the Albility project.<\/p>","protected":false},"author":9,"featured_media":13905,"parent":401,"menu_order":0,"comment_status":"closed","ping_status":"closed","template":"","meta":{"footnotes":""},"class_list":["post-13910","page","type-page","status-publish","has-post-thumbnail","hentry"],"acf":[],"yoast_head":"<!-- This site is optimized with the Yoast SEO plugin v24.9 - https:\/\/yoast.com\/wordpress\/plugins\/seo\/ -->\n<title>Communaut\u00e9 d&#039;agglom\u00e9ration de l&#039;Albigeois | Client HRS<\/title>\n<meta name=\"description\" content=\"La Communaut\u00e9 d\u2019agglom\u00e9ration de l\u2019Albigeois s\u2019engage pour le d\u00e9ploiement des mobilit\u00e9s d\u00e9carbon\u00e9es notamment via le projet Albility.\" \/>\n<meta name=\"robots\" content=\"index, follow, max-snippet:-1, max-image-preview:large, max-video-preview:-1\" \/>\n<link rel=\"canonical\" href=\"https:\/\/www.hydrogen-refueling-solutions.fr\/en\/references\/clients\/communaute-dagglomeration-de-lalbigeois\/\" \/>\n<meta property=\"og:locale\" content=\"en_GB\" \/>\n<meta property=\"og:type\" content=\"article\" \/>\n<meta property=\"og:title\" content=\"Communaut\u00e9 d&#039;agglom\u00e9ration de l&#039;Albigeois | Client HRS\" \/>\n<meta property=\"og:description\" content=\"La Communaut\u00e9 d\u2019agglom\u00e9ration de l\u2019Albigeois s\u2019engage pour le d\u00e9ploiement des mobilit\u00e9s d\u00e9carbon\u00e9es notamment via le projet Albility.\" \/>\n<meta property=\"og:url\" content=\"https:\/\/www.hydrogen-refueling-solutions.fr\/en\/references\/clients\/communaute-dagglomeration-de-lalbigeois\/\" \/>\n<meta property=\"og:site_name\" content=\"Stations Hydrog\u00e8ne : HRS fabricant fran\u00e7ais de stations de ravitaillement\" \/>\n<meta property=\"article:modified_time\" content=\"2025-09-09T08:05:58+00:00\" \/>\n<meta property=\"og:image\" content=\"https:\/\/www.hydrogen-refueling-solutions.fr\/wp-content\/uploads\/20201117105157-logotexte-aligne-ferre-a-gauche.jpg\" \/>\n\t<meta property=\"og:image:width\" content=\"1200\" \/>\n\t<meta property=\"og:image:height\" content=\"440\" \/>\n\t<meta property=\"og:image:type\" content=\"image\/jpeg\" \/>\n<meta name=\"twitter:card\" content=\"summary_large_image\" \/>\n<meta name=\"twitter:site\" content=\"@hrs_hydrogen\" \/>\n<meta name=\"twitter:label1\" content=\"Estimated reading time\" \/>\n\t<meta name=\"twitter:data1\" content=\"3 minutes\" \/>\n<script type=\"application\/ld+json\" class=\"yoast-schema-graph\">{\"@context\":\"https:\/\/schema.org\",\"@graph\":[{\"@type\":\"WebPage\",\"@id\":\"https:\/\/www.hydrogen-refueling-solutions.fr\/references\/clients\/communaute-dagglomeration-de-lalbigeois\/\",\"url\":\"https:\/\/www.hydrogen-refueling-solutions.fr\/references\/clients\/communaute-dagglomeration-de-lalbigeois\/\",\"name\":\"Communaut\u00e9 d'agglom\u00e9ration de l'Albigeois | Client HRS\",\"isPartOf\":{\"@id\":\"https:\/\/www.hydrogen-refueling-solutions.fr\/#website\"},\"primaryImageOfPage\":{\"@id\":\"https:\/\/www.hydrogen-refueling-solutions.fr\/references\/clients\/communaute-dagglomeration-de-lalbigeois\/#primaryimage\"},\"image\":{\"@id\":\"https:\/\/www.hydrogen-refueling-solutions.fr\/references\/clients\/communaute-dagglomeration-de-lalbigeois\/#primaryimage\"},\"thumbnailUrl\":\"https:\/\/www.hydrogen-refueling-solutions.fr\/wp-content\/uploads\/20201117105157-logotexte-aligne-ferre-a-gauche.jpg\",\"datePublished\":\"2024-12-13T15:13:34+00:00\",\"dateModified\":\"2025-09-09T08:05:58+00:00\",\"description\":\"La Communaut\u00e9 d\u2019agglom\u00e9ration de l\u2019Albigeois s\u2019engage pour le d\u00e9ploiement des mobilit\u00e9s d\u00e9carbon\u00e9es notamment via le projet Albility.\",\"breadcrumb\":{\"@id\":\"https:\/\/www.hydrogen-refueling-solutions.fr\/references\/clients\/communaute-dagglomeration-de-lalbigeois\/#breadcrumb\"},\"inLanguage\":\"en-GB\",\"potentialAction\":[{\"@type\":\"ReadAction\",\"target\":[\"https:\/\/www.hydrogen-refueling-solutions.fr\/references\/clients\/communaute-dagglomeration-de-lalbigeois\/\"]}]},{\"@type\":\"ImageObject\",\"inLanguage\":\"en-GB\",\"@id\":\"https:\/\/www.hydrogen-refueling-solutions.fr\/references\/clients\/communaute-dagglomeration-de-lalbigeois\/#primaryimage\",\"url\":\"https:\/\/www.hydrogen-refueling-solutions.fr\/wp-content\/uploads\/20201117105157-logotexte-aligne-ferre-a-gauche.jpg\",\"contentUrl\":\"https:\/\/www.hydrogen-refueling-solutions.fr\/wp-content\/uploads\/20201117105157-logotexte-aligne-ferre-a-gauche.jpg\",\"width\":1200,\"height\":440},{\"@type\":\"BreadcrumbList\",\"@id\":\"https:\/\/www.hydrogen-refueling-solutions.fr\/references\/clients\/communaute-dagglomeration-de-lalbigeois\/#breadcrumb\",\"itemListElement\":[{\"@type\":\"ListItem\",\"position\":1,\"name\":\"HRS\",\"item\":\"https:\/\/www.hydrogen-refueling-solutions.fr\/\"},{\"@type\":\"ListItem\",\"position\":2,\"name\":\"Nos r\u00e9f\u00e9rences\",\"item\":\"https:\/\/www.hydrogen-refueling-solutions.fr\/references\/\"},{\"@type\":\"ListItem\",\"position\":3,\"name\":\"Nos clients\",\"item\":\"https:\/\/www.hydrogen-refueling-solutions.fr\/references\/clients\/\"},{\"@type\":\"ListItem\",\"position\":4,\"name\":\"Communaut\u00e9 d&#8217;agglom\u00e9ration de l&#8217;Albigeois\"}]},{\"@type\":\"WebSite\",\"@id\":\"https:\/\/www.hydrogen-refueling-solutions.fr\/#website\",\"url\":\"https:\/\/www.hydrogen-refueling-solutions.fr\/\",\"name\":\"Stations Hydrog\u00e8ne : HRS fabricant fran\u00e7ais de stations de ravitaillement\",\"description\":\"Hydrogen Refueling Solutions -HRS- premi\u00e8re entreprise fran\u00e7aise fabricante de station hydrog\u00e8ne grande capacit\u00e9 en s\u00e9rie. 14 \u00e0 80kg d&#039;hydrog\u00e8ne d\u00e9livr\u00e9s\/heure\",\"publisher\":{\"@id\":\"https:\/\/www.hydrogen-refueling-solutions.fr\/#organization\"},\"potentialAction\":[{\"@type\":\"SearchAction\",\"target\":{\"@type\":\"EntryPoint\",\"urlTemplate\":\"https:\/\/www.hydrogen-refueling-solutions.fr\/?s={search_term_string}\"},\"query-input\":{\"@type\":\"PropertyValueSpecification\",\"valueRequired\":true,\"valueName\":\"search_term_string\"}}],\"inLanguage\":\"en-GB\"},{\"@type\":\"Organization\",\"@id\":\"https:\/\/www.hydrogen-refueling-solutions.fr\/#organization\",\"name\":\"Hydrogen Refueling Solutions\",\"alternateName\":\"HRS\",\"url\":\"https:\/\/www.hydrogen-refueling-solutions.fr\/\",\"logo\":{\"@type\":\"ImageObject\",\"inLanguage\":\"en-GB\",\"@id\":\"https:\/\/www.hydrogen-refueling-solutions.fr\/#\/schema\/logo\/image\/\",\"url\":\"https:\/\/www.hydrogen-refueling-solutions.fr\/wp-content\/uploads\/logo-hrs-4.png\",\"contentUrl\":\"https:\/\/www.hydrogen-refueling-solutions.fr\/wp-content\/uploads\/logo-hrs-4.png\",\"width\":512,\"height\":359,\"caption\":\"Hydrogen Refueling Solutions\"},\"image\":{\"@id\":\"https:\/\/www.hydrogen-refueling-solutions.fr\/#\/schema\/logo\/image\/\"},\"sameAs\":[\"https:\/\/x.com\/hrs_hydrogen\",\"https:\/\/www.linkedin.com\/company\/hydrogen-refueling-solutions\/\"]}]}<\/script>\n<!-- \/ Yoast SEO plugin. -->","yoast_head_json":{"title":"Communaut\u00e9 d'agglom\u00e9ration de l'Albigeois | Client HRS","description":"La Communaut\u00e9 d\u2019agglom\u00e9ration de l\u2019Albigeois s\u2019engage pour le d\u00e9ploiement des mobilit\u00e9s d\u00e9carbon\u00e9es notamment via le projet Albility.","robots":{"index":"index","follow":"follow","max-snippet":"max-snippet:-1","max-image-preview":"max-image-preview:large","max-video-preview":"max-video-preview:-1"},"canonical":"https:\/\/www.hydrogen-refueling-solutions.fr\/en\/references\/clients\/communaute-dagglomeration-de-lalbigeois\/","og_locale":"en_GB","og_type":"article","og_title":"Communaut\u00e9 d'agglom\u00e9ration de l'Albigeois | Client HRS","og_description":"La Communaut\u00e9 d\u2019agglom\u00e9ration de l\u2019Albigeois s\u2019engage pour le d\u00e9ploiement des mobilit\u00e9s d\u00e9carbon\u00e9es notamment via le projet Albility.","og_url":"https:\/\/www.hydrogen-refueling-solutions.fr\/en\/references\/clients\/communaute-dagglomeration-de-lalbigeois\/","og_site_name":"Stations Hydrog\u00e8ne : HRS fabricant fran\u00e7ais de stations de ravitaillement","article_modified_time":"2025-09-09T08:05:58+00:00","og_image":[{"width":1200,"height":440,"url":"https:\/\/www.hydrogen-refueling-solutions.fr\/wp-content\/uploads\/20201117105157-logotexte-aligne-ferre-a-gauche.jpg","type":"image\/jpeg"}],"twitter_card":"summary_large_image","twitter_site":"@hrs_hydrogen","twitter_misc":{"Estimated reading time":"3 minutes"},"schema":{"@context":"https:\/\/schema.org","@graph":[{"@type":"WebPage","@id":"https:\/\/www.hydrogen-refueling-solutions.fr\/references\/clients\/communaute-dagglomeration-de-lalbigeois\/","url":"https:\/\/www.hydrogen-refueling-solutions.fr\/references\/clients\/communaute-dagglomeration-de-lalbigeois\/","name":"Communaut\u00e9 d'agglom\u00e9ration de l'Albigeois | Client HRS","isPartOf":{"@id":"https:\/\/www.hydrogen-refueling-solutions.fr\/#website"},"primaryImageOfPage":{"@id":"https:\/\/www.hydrogen-refueling-solutions.fr\/references\/clients\/communaute-dagglomeration-de-lalbigeois\/#primaryimage"},"image":{"@id":"https:\/\/www.hydrogen-refueling-solutions.fr\/references\/clients\/communaute-dagglomeration-de-lalbigeois\/#primaryimage"},"thumbnailUrl":"https:\/\/www.hydrogen-refueling-solutions.fr\/wp-content\/uploads\/20201117105157-logotexte-aligne-ferre-a-gauche.jpg","datePublished":"2024-12-13T15:13:34+00:00","dateModified":"2025-09-09T08:05:58+00:00","description":"La Communaut\u00e9 d\u2019agglom\u00e9ration de l\u2019Albigeois s\u2019engage pour le d\u00e9ploiement des mobilit\u00e9s d\u00e9carbon\u00e9es notamment via le projet Albility.","breadcrumb":{"@id":"https:\/\/www.hydrogen-refueling-solutions.fr\/references\/clients\/communaute-dagglomeration-de-lalbigeois\/#breadcrumb"},"inLanguage":"en-GB","potentialAction":[{"@type":"ReadAction","target":["https:\/\/www.hydrogen-refueling-solutions.fr\/references\/clients\/communaute-dagglomeration-de-lalbigeois\/"]}]},{"@type":"ImageObject","inLanguage":"en-GB","@id":"https:\/\/www.hydrogen-refueling-solutions.fr\/references\/clients\/communaute-dagglomeration-de-lalbigeois\/#primaryimage","url":"https:\/\/www.hydrogen-refueling-solutions.fr\/wp-content\/uploads\/20201117105157-logotexte-aligne-ferre-a-gauche.jpg","contentUrl":"https:\/\/www.hydrogen-refueling-solutions.fr\/wp-content\/uploads\/20201117105157-logotexte-aligne-ferre-a-gauche.jpg","width":1200,"height":440},{"@type":"BreadcrumbList","@id":"https:\/\/www.hydrogen-refueling-solutions.fr\/references\/clients\/communaute-dagglomeration-de-lalbigeois\/#breadcrumb","itemListElement":[{"@type":"ListItem","position":1,"name":"HRS","item":"https:\/\/www.hydrogen-refueling-solutions.fr\/"},{"@type":"ListItem","position":2,"name":"Nos r\u00e9f\u00e9rences","item":"https:\/\/www.hydrogen-refueling-solutions.fr\/references\/"},{"@type":"ListItem","position":3,"name":"Nos clients","item":"https:\/\/www.hydrogen-refueling-solutions.fr\/references\/clients\/"},{"@type":"ListItem","position":4,"name":"Communaut\u00e9 d&#8217;agglom\u00e9ration de l&#8217;Albigeois"}]},{"@type":"WebSite","@id":"https:\/\/www.hydrogen-refueling-solutions.fr\/#website","url":"https:\/\/www.hydrogen-refueling-solutions.fr\/","name":"Hydrogen stations: HRS french refueling station manufacturer","description":"Hydrogen Refueling Solutions -HRS- France's first mass-produced high-capacity hydrogen refueling station. 14 to 80kg of hydrogen delivered\/hour","publisher":{"@id":"https:\/\/www.hydrogen-refueling-solutions.fr\/#organization"},"potentialAction":[{"@type":"SearchAction","target":{"@type":"EntryPoint","urlTemplate":"https:\/\/www.hydrogen-refueling-solutions.fr\/?s={search_term_string}"},"query-input":{"@type":"PropertyValueSpecification","valueRequired":true,"valueName":"search_term_string"}}],"inLanguage":"en-GB"},{"@type":"Organization","@id":"https:\/\/www.hydrogen-refueling-solutions.fr\/#organization","name":"Hydrogen Refueling Solutions","alternateName":"HRS","url":"https:\/\/www.hydrogen-refueling-solutions.fr\/","logo":{"@type":"ImageObject","inLanguage":"en-GB","@id":"https:\/\/www.hydrogen-refueling-solutions.fr\/#\/schema\/logo\/image\/","url":"https:\/\/www.hydrogen-refueling-solutions.fr\/wp-content\/uploads\/logo-hrs-4.png","contentUrl":"https:\/\/www.hydrogen-refueling-solutions.fr\/wp-content\/uploads\/logo-hrs-4.png","width":512,"height":359,"caption":"Hydrogen Refueling Solutions"},"image":{"@id":"https:\/\/www.hydrogen-refueling-solutions.fr\/#\/schema\/logo\/image\/"},"sameAs":["https:\/\/x.com\/hrs_hydrogen","https:\/\/www.linkedin.com\/company\/hydrogen-refueling-solutions\/"]}]}},"_links":{"self":[{"href":"https:\/\/www.hydrogen-refueling-solutions.fr\/en\/wp-json\/wp\/v2\/pages\/13910","targetHints":{"allow":["GET"]}}],"collection":[{"href":"https:\/\/www.hydrogen-refueling-solutions.fr\/en\/wp-json\/wp\/v2\/pages"}],"about":[{"href":"https:\/\/www.hydrogen-refueling-solutions.fr\/en\/wp-json\/wp\/v2\/types\/page"}],"author":[{"embeddable":true,"href":"https:\/\/www.hydrogen-refueling-solutions.fr\/en\/wp-json\/wp\/v2\/users\/9"}],"replies":[{"embeddable":true,"href":"https:\/\/www.hydrogen-refueling-solutions.fr\/en\/wp-json\/wp\/v2\/comments?post=13910"}],"version-history":[{"count":15,"href":"https:\/\/www.hydrogen-refueling-solutions.fr\/en\/wp-json\/wp\/v2\/pages\/13910\/revisions"}],"predecessor-version":[{"id":15857,"href":"https:\/\/www.hydrogen-refueling-solutions.fr\/en\/wp-json\/wp\/v2\/pages\/13910\/revisions\/15857"}],"up":[{"embeddable":true,"href":"https:\/\/www.hydrogen-refueling-solutions.fr\/en\/wp-json\/wp\/v2\/pages\/401"}],"wp:featuredmedia":[{"embeddable":true,"href":"https:\/\/www.hydrogen-refueling-solutions.fr\/en\/wp-json\/wp\/v2\/media\/13905"}],"wp:attachment":[{"href":"https:\/\/www.hydrogen-refueling-solutions.fr\/en\/wp-json\/wp\/v2\/media?parent=13910"}],"curies":[{"name":"wp","href":"https:\/\/api.w.org\/{rel}","templated":true}]}}