{"id":11010,"date":"2023-12-20T15:09:09","date_gmt":"2023-12-20T14:09:09","guid":{"rendered":"https:\/\/www.hydrogen-refueling-solutions.fr\/?page_id=11010"},"modified":"2024-01-17T17:46:18","modified_gmt":"2024-01-17T16:46:18","slug":"hrs-by-starck","status":"publish","type":"page","link":"https:\/\/www.hydrogen-refueling-solutions.fr\/en\/references\/partners\/hrs-by-starck\/","title":{"rendered":"Starck"},"content":{"rendered":"<div data-elementor-type=\"wp-page\" data-elementor-id=\"11010\" class=\"elementor elementor-11010\" data-elementor-post-type=\"page\">\n\t\t\t\t<section class=\"elementor-element elementor-element-80723be e-flex e-con-boxed elementor-invisible e-con e-parent\" data-id=\"80723be\" data-element_type=\"container\" data-settings=\"{&quot;animation&quot;:&quot;fadeIn&quot;}\">\n\t\t\t\t\t<div class=\"e-con-inner\">\n\t\t<div class=\"elementor-element elementor-element-26c0029 e-con-full e-flex e-con e-parent\" data-id=\"26c0029\" data-element_type=\"container\">\n\t\t\t\t<div class=\"elementor-element elementor-element-3a9767b elementor-widget elementor-widget-heading\" data-id=\"3a9767b\" data-element_type=\"widget\" data-widget_type=\"heading.default\">\n\t\t\t\t<div class=\"elementor-widget-container\">\n\t\t\t\t\t<h2 class=\"elementor-heading-title elementor-size-default\">HRS by Starck<\/h2>\t\t\t\t<\/div>\n\t\t\t\t<\/div>\n\t\t\t\t<div class=\"elementor-element elementor-element-570edd0 elementor-widget-divider--view-line elementor-widget elementor-widget-divider\" data-id=\"570edd0\" data-element_type=\"widget\" data-widget_type=\"divider.default\">\n\t\t\t\t<div class=\"elementor-widget-container\">\n\t\t\t\t\t\t\t<div class=\"elementor-divider\">\n\t\t\t<span class=\"elementor-divider-separator\">\n\t\t\t\t\t\t<\/span>\n\t\t<\/div>\n\t\t\t\t\t\t<\/div>\n\t\t\t\t<\/div>\n\t\t\t\t<div class=\"elementor-element elementor-element-669ca4e elementor-widget elementor-widget-text-editor\" data-id=\"669ca4e\" data-element_type=\"widget\" data-widget_type=\"text-editor.default\">\n\t\t\t\t<div class=\"elementor-widget-container\">\n\t\t\t\t\t\t\t\t\t<p>Through this collaboration, HRS affirms its ambition to combine technical and industrial excellence with elegant and efficient design. The dispenser features mirror-polished stainless steel walls and a dichroic-effect window to reveal the internal mechanisms.<\/p><p>HRS BY STARCK dispensers are compatible with all hydrogen stations in the HRS range:<\/p><ul><li>Available pressure: 350 bar | 700 bar<\/li><li>New user interface | SAE J2601 compatible | OIML R139 compatible<\/li><\/ul><p class=\"translation-block\">For more information click <a href=\"https:\/\/www.starck.fr\/hrs-by-starck-p5013\" target=\"_self\">here<\/a>.<\/p><p>To find out more, have a look at our press releases:<\/p><ul><li><strong><strong>20\/10\/2022 : <\/strong><\/strong>Mondial de l\u2019automobile : HRS announce a collaboration with Philippe Starck.<br \/><a href=\"https:\/\/www.hydrogen-refueling-solutions.fr\/en\/investors\/press-releases\/?ID=ACTUS-0-76808&amp;CLIENT=ACTUS-0-445\">Read the press release<\/a><\/li><li class=\"translation-block\"><strong>27\/11\/2023 : <\/strong> HRS to unveil at cop28 Dubai HRS by Starck - the new HRS hydrogen refueling station dispenser co-designed with inventor Philippe Starck.<br><a href=\"https:\/\/www.hydrogen-refueling-solutions.fr\/en\/investors\/press-releases\/?ID=ACTUS-0-81845&amp;CLIENT=ACTUS-0-445\" target=\"_self\">Read the press release<\/a><\/li><li><strong>01\/12\/2023 : <\/strong>HRS unveiled its new HRS hydrogen refueling station dispenser designed in collaboration with creator Philippe Starck at the COP28 in Dubai.<br \/><a href=\"https:\/\/www.hydrogen-refueling-solutions.fr\/en\/investors\/press-releases\/?ID=ACTUS-0-83037&amp;CLIENT=ACTUS-0-445\">Read the press release<\/a><\/li><\/ul>\t\t\t\t\t\t\t\t<\/div>\n\t\t\t\t<\/div>\n\t\t\t\t<div class=\"elementor-element elementor-element-baf9632 elementor-widget elementor-widget-heading\" data-id=\"baf9632\" data-element_type=\"widget\" data-widget_type=\"heading.default\">\n\t\t\t\t<div class=\"elementor-widget-container\">\n\t\t\t\t\t<h2 class=\"elementor-heading-title elementor-size-default\">As seen on LinkedIn<\/h2>\t\t\t\t<\/div>\n\t\t\t\t<\/div>\n\t\t\t\t<div class=\"elementor-element elementor-element-1f81dc5 elementor-widget-divider--view-line elementor-widget elementor-widget-divider\" data-id=\"1f81dc5\" data-element_type=\"widget\" data-widget_type=\"divider.default\">\n\t\t\t\t<div class=\"elementor-widget-container\">\n\t\t\t\t\t\t\t<div class=\"elementor-divider\">\n\t\t\t<span class=\"elementor-divider-separator\">\n\t\t\t\t\t\t<\/span>\n\t\t<\/div>\n\t\t\t\t\t\t<\/div>\n\t\t\t\t<\/div>\n\t\t\t\t<div class=\"elementor-element elementor-element-a2bc348 elementor-widget elementor-widget-text-editor\" data-id=\"a2bc348\" data-element_type=\"widget\" data-widget_type=\"text-editor.default\">\n\t\t\t\t<div class=\"elementor-widget-container\">\n\t\t\t\t\t\t\t\t\t<ul><li><a href=\"https:\/\/www.linkedin.com\/feed\/update\/urn:li:activity:7136249267341389827\">HRS unveils its new dispenser designed in collaboration with creator Philippe STARCK at COP28 UAE!<\/a><\/li><li><a href=\"https:\/\/www.linkedin.com\/feed\/update\/urn:li:activity:7140025121401995266\">Hydrogen refueling demonstration at the #COP28!<\/a><\/li><\/ul>\t\t\t\t\t\t\t\t<\/div>\n\t\t\t\t<\/div>\n\t\t\t\t<div class=\"elementor-element elementor-element-02dfd07 elementor-tablet-align-center elementor-widget elementor-widget-button\" data-id=\"02dfd07\" data-element_type=\"widget\" data-widget_type=\"button.default\">\n\t\t\t\t<div class=\"elementor-widget-container\">\n\t\t\t\t\t\t\t\t\t<div class=\"elementor-button-wrapper\">\n\t\t\t\t\t<a class=\"elementor-button elementor-button-link elementor-size-sm\" href=\"https:\/\/www.linkedin.com\/company\/hydrogen-refueling-solutions\" target=\"_blank\">\n\t\t\t\t\t\t<span class=\"elementor-button-content-wrapper\">\n\t\t\t\t\t\t<span class=\"elementor-button-icon\">\n\t\t\t\t<svg aria-hidden=\"true\" class=\"e-font-icon-svg e-fab-linkedin\" viewbox=\"0 0 448 512\" xmlns=\"http:\/\/www.w3.org\/2000\/svg\"><path d=\"M416 32H31.9C14.3 32 0 46.5 0 64.3v383.4C0 465.5 14.3 480 31.9 480H416c17.6 0 32-14.5 32-32.3V64.3c0-17.8-14.4-32.3-32-32.3zM135.4 416H69V202.2h66.5V416zm-33.2-243c-21.3 0-38.5-17.3-38.5-38.5S80.9 96 102.2 96c21.2 0 38.5 17.3 38.5 38.5 0 21.3-17.2 38.5-38.5 38.5zm282.1 243h-66.4V312c0-24.8-.5-56.7-34.5-56.7-34.6 0-39.9 27-39.9 54.9V416h-66.4V202.2h63.7v29.2h.9c8.9-16.8 30.6-34.5 62.9-34.5 67.2 0 79.7 44.3 79.7 101.9V416z\"><\/path><\/svg>\t\t\t<\/span>\n\t\t\t\t\t\t\t\t\t<span class=\"elementor-button-text\">Follow us on LinkedIn<\/span>\n\t\t\t\t\t<\/span>\n\t\t\t\t\t<\/a>\n\t\t\t\t<\/div>\n\t\t\t\t\t\t\t\t<\/div>\n\t\t\t\t<\/div>\n\t\t\t\t<div class=\"elementor-element elementor-element-46d9d30 elementor-tablet-align-center elementor-widget elementor-widget-button\" data-id=\"46d9d30\" data-element_type=\"widget\" data-widget_type=\"button.default\">\n\t\t\t\t<div class=\"elementor-widget-container\">\n\t\t\t\t\t\t\t\t\t<div class=\"elementor-button-wrapper\">\n\t\t\t\t\t<a class=\"elementor-button elementor-button-link elementor-size-sm\" href=\"https:\/\/www.hydrogen-refueling-solutions.fr\/en\/references\/partners\/\">\n\t\t\t\t\t\t<span class=\"elementor-button-content-wrapper\">\n\t\t\t\t\t\t\t\t\t<span class=\"elementor-button-text\">SEE ALL OUR PARTNERS<\/span>\n\t\t\t\t\t<\/span>\n\t\t\t\t\t<\/a>\n\t\t\t\t<\/div>\n\t\t\t\t\t\t\t\t<\/div>\n\t\t\t\t<\/div>\n\t\t\t\t<div class=\"elementor-element elementor-element-3d03fc9 elementor-widget elementor-widget-video\" data-id=\"3d03fc9\" data-element_type=\"widget\" data-settings=\"{&quot;youtube_url&quot;:&quot;https:\\\/\\\/youtu.be\\\/y-AuDOAHgXk&quot;,&quot;video_type&quot;:&quot;youtube&quot;,&quot;controls&quot;:&quot;yes&quot;}\" data-widget_type=\"video.default\">\n\t\t\t\t<div class=\"elementor-widget-container\">\n\t\t\t\t\t\t\t<div class=\"elementor-wrapper elementor-open-inline\">\n\t\t\t<div class=\"elementor-video\"><\/div>\t\t<\/div>\n\t\t\t\t\t\t<\/div>\n\t\t\t\t<\/div>\n\t\t\t\t<\/div>\n\t\t<div class=\"elementor-element elementor-element-48caec4 e-con-full e-flex e-con e-parent\" data-id=\"48caec4\" data-element_type=\"container\" data-settings=\"{&quot;background_background&quot;:&quot;classic&quot;}\">\n\t\t\t\t<\/div>\n\t\t\t\t\t<\/div>\n\t\t\t\t<\/section>\n\t\t\t\t<\/div>","protected":false},"excerpt":{"rendered":"<p>HRS by Starck Par cette collaboration, HRS affirme son ambition d\u2019allier une excellence technique et industrielle \u00e0 un design \u00e9l\u00e9gant et efficace. Ces bornes aux parois en acier inoxydable poli miroir rev\u00eatent une fen\u00eatre \u00e0 effet dichro\u00efque permettant de voir les m\u00e9canismes internes. Les bornes HRS BY STARCK sont compatibles avec toutes les stations hydrog\u00e8ne [&hellip;]<\/p>\n","protected":false},"author":3,"featured_media":10869,"parent":403,"menu_order":0,"comment_status":"closed","ping_status":"closed","template":"","meta":{"footnotes":""},"class_list":["post-11010","page","type-page","status-publish","has-post-thumbnail","hentry"],"acf":[],"yoast_head":"<!-- This site is optimized with the Yoast SEO plugin v24.9 - https:\/\/yoast.com\/wordpress\/plugins\/seo\/ -->\n<title>Starck | Partenaire HRS<\/title>\n<meta name=\"description\" content=\"HRS by Starck - Philippe Starck design les nouvelles bornes de ravitaillement en hydrog\u00e8ne.\" \/>\n<meta name=\"robots\" content=\"index, follow, max-snippet:-1, max-image-preview:large, max-video-preview:-1\" \/>\n<link rel=\"canonical\" href=\"https:\/\/www.hydrogen-refueling-solutions.fr\/en\/references\/partners\/hrs-by-starck\/\" \/>\n<meta property=\"og:locale\" content=\"en_GB\" \/>\n<meta property=\"og:type\" content=\"article\" \/>\n<meta property=\"og:title\" content=\"Starck | Partenaire HRS\" \/>\n<meta property=\"og:description\" content=\"HRS by Starck - Philippe Starck design les nouvelles bornes de ravitaillement en hydrog\u00e8ne.\" \/>\n<meta property=\"og:url\" content=\"https:\/\/www.hydrogen-refueling-solutions.fr\/en\/references\/partners\/hrs-by-starck\/\" \/>\n<meta property=\"og:site_name\" content=\"Stations Hydrog\u00e8ne : HRS fabricant fran\u00e7ais de stations de ravitaillement\" \/>\n<meta property=\"article:modified_time\" content=\"2024-01-17T16:46:18+00:00\" \/>\n<meta property=\"og:image\" content=\"https:\/\/www.hydrogen-refueling-solutions.fr\/wp-content\/uploads\/HRS-by-STARCK-hydrogen-refueling-station.jpg\" \/>\n\t<meta property=\"og:image:width\" content=\"1800\" \/>\n\t<meta property=\"og:image:height\" content=\"1200\" \/>\n\t<meta property=\"og:image:type\" content=\"image\/jpeg\" \/>\n<meta name=\"twitter:card\" content=\"summary_large_image\" \/>\n<meta name=\"twitter:site\" content=\"@hrs_hydrogen\" \/>\n<meta name=\"twitter:label1\" content=\"Estimated reading time\" \/>\n\t<meta name=\"twitter:data1\" content=\"1 minute\" \/>\n<script type=\"application\/ld+json\" class=\"yoast-schema-graph\">{\"@context\":\"https:\/\/schema.org\",\"@graph\":[{\"@type\":\"WebPage\",\"@id\":\"https:\/\/www.hydrogen-refueling-solutions.fr\/references\/partenaires\/hrs-by-starck\/\",\"url\":\"https:\/\/www.hydrogen-refueling-solutions.fr\/references\/partenaires\/hrs-by-starck\/\",\"name\":\"Starck | Partenaire HRS\",\"isPartOf\":{\"@id\":\"https:\/\/www.hydrogen-refueling-solutions.fr\/#website\"},\"primaryImageOfPage\":{\"@id\":\"https:\/\/www.hydrogen-refueling-solutions.fr\/references\/partenaires\/hrs-by-starck\/#primaryimage\"},\"image\":{\"@id\":\"https:\/\/www.hydrogen-refueling-solutions.fr\/references\/partenaires\/hrs-by-starck\/#primaryimage\"},\"thumbnailUrl\":\"https:\/\/www.hydrogen-refueling-solutions.fr\/wp-content\/uploads\/HRS-by-STARCK-hydrogen-refueling-station.jpg\",\"datePublished\":\"2023-12-20T14:09:09+00:00\",\"dateModified\":\"2024-01-17T16:46:18+00:00\",\"description\":\"HRS by Starck - Philippe Starck design les nouvelles bornes de ravitaillement en hydrog\u00e8ne.\",\"breadcrumb\":{\"@id\":\"https:\/\/www.hydrogen-refueling-solutions.fr\/references\/partenaires\/hrs-by-starck\/#breadcrumb\"},\"inLanguage\":\"en-GB\",\"potentialAction\":[{\"@type\":\"ReadAction\",\"target\":[\"https:\/\/www.hydrogen-refueling-solutions.fr\/references\/partenaires\/hrs-by-starck\/\"]}]},{\"@type\":\"ImageObject\",\"inLanguage\":\"en-GB\",\"@id\":\"https:\/\/www.hydrogen-refueling-solutions.fr\/references\/partenaires\/hrs-by-starck\/#primaryimage\",\"url\":\"https:\/\/www.hydrogen-refueling-solutions.fr\/wp-content\/uploads\/HRS-by-STARCK-hydrogen-refueling-station.jpg\",\"contentUrl\":\"https:\/\/www.hydrogen-refueling-solutions.fr\/wp-content\/uploads\/HRS-by-STARCK-hydrogen-refueling-station.jpg\",\"width\":1800,\"height\":1200,\"caption\":\"Station hydrog\u00e8ne HRS by STARCK\"},{\"@type\":\"BreadcrumbList\",\"@id\":\"https:\/\/www.hydrogen-refueling-solutions.fr\/references\/partenaires\/hrs-by-starck\/#breadcrumb\",\"itemListElement\":[{\"@type\":\"ListItem\",\"position\":1,\"name\":\"HRS\",\"item\":\"https:\/\/www.hydrogen-refueling-solutions.fr\/\"},{\"@type\":\"ListItem\",\"position\":2,\"name\":\"Nos r\u00e9f\u00e9rences\",\"item\":\"https:\/\/www.hydrogen-refueling-solutions.fr\/references\/\"},{\"@type\":\"ListItem\",\"position\":3,\"name\":\"Nos partenaires\",\"item\":\"https:\/\/www.hydrogen-refueling-solutions.fr\/references\/partenaires\/\"},{\"@type\":\"ListItem\",\"position\":4,\"name\":\"Starck\"}]},{\"@type\":\"WebSite\",\"@id\":\"https:\/\/www.hydrogen-refueling-solutions.fr\/#website\",\"url\":\"https:\/\/www.hydrogen-refueling-solutions.fr\/\",\"name\":\"Stations Hydrog\u00e8ne : HRS fabricant fran\u00e7ais de stations de ravitaillement\",\"description\":\"Hydrogen Refueling Solutions -HRS- premi\u00e8re entreprise fran\u00e7aise fabricante de station hydrog\u00e8ne grande capacit\u00e9 en s\u00e9rie. 14 \u00e0 80kg d&#039;hydrog\u00e8ne d\u00e9livr\u00e9s\/heure\",\"publisher\":{\"@id\":\"https:\/\/www.hydrogen-refueling-solutions.fr\/#organization\"},\"potentialAction\":[{\"@type\":\"SearchAction\",\"target\":{\"@type\":\"EntryPoint\",\"urlTemplate\":\"https:\/\/www.hydrogen-refueling-solutions.fr\/?s={search_term_string}\"},\"query-input\":{\"@type\":\"PropertyValueSpecification\",\"valueRequired\":true,\"valueName\":\"search_term_string\"}}],\"inLanguage\":\"en-GB\"},{\"@type\":\"Organization\",\"@id\":\"https:\/\/www.hydrogen-refueling-solutions.fr\/#organization\",\"name\":\"Hydrogen Refueling Solutions\",\"alternateName\":\"HRS\",\"url\":\"https:\/\/www.hydrogen-refueling-solutions.fr\/\",\"logo\":{\"@type\":\"ImageObject\",\"inLanguage\":\"en-GB\",\"@id\":\"https:\/\/www.hydrogen-refueling-solutions.fr\/#\/schema\/logo\/image\/\",\"url\":\"https:\/\/www.hydrogen-refueling-solutions.fr\/wp-content\/uploads\/logo-hrs-4.png\",\"contentUrl\":\"https:\/\/www.hydrogen-refueling-solutions.fr\/wp-content\/uploads\/logo-hrs-4.png\",\"width\":512,\"height\":359,\"caption\":\"Hydrogen Refueling Solutions\"},\"image\":{\"@id\":\"https:\/\/www.hydrogen-refueling-solutions.fr\/#\/schema\/logo\/image\/\"},\"sameAs\":[\"https:\/\/x.com\/hrs_hydrogen\",\"https:\/\/www.linkedin.com\/company\/hydrogen-refueling-solutions\/\"]}]}<\/script>\n<!-- \/ Yoast SEO plugin. -->","yoast_head_json":{"title":"Starck | Partenaire HRS","description":"HRS by Starck - Philippe Starck design les nouvelles bornes de ravitaillement en hydrog\u00e8ne.","robots":{"index":"index","follow":"follow","max-snippet":"max-snippet:-1","max-image-preview":"max-image-preview:large","max-video-preview":"max-video-preview:-1"},"canonical":"https:\/\/www.hydrogen-refueling-solutions.fr\/en\/references\/partners\/hrs-by-starck\/","og_locale":"en_GB","og_type":"article","og_title":"Starck | Partenaire HRS","og_description":"HRS by Starck - Philippe Starck design les nouvelles bornes de ravitaillement en hydrog\u00e8ne.","og_url":"https:\/\/www.hydrogen-refueling-solutions.fr\/en\/references\/partners\/hrs-by-starck\/","og_site_name":"Stations Hydrog\u00e8ne : HRS fabricant fran\u00e7ais de stations de ravitaillement","article_modified_time":"2024-01-17T16:46:18+00:00","og_image":[{"width":1800,"height":1200,"url":"https:\/\/www.hydrogen-refueling-solutions.fr\/wp-content\/uploads\/HRS-by-STARCK-hydrogen-refueling-station.jpg","type":"image\/jpeg"}],"twitter_card":"summary_large_image","twitter_site":"@hrs_hydrogen","twitter_misc":{"Estimated reading time":"1 minute"},"schema":{"@context":"https:\/\/schema.org","@graph":[{"@type":"WebPage","@id":"https:\/\/www.hydrogen-refueling-solutions.fr\/references\/partenaires\/hrs-by-starck\/","url":"https:\/\/www.hydrogen-refueling-solutions.fr\/references\/partenaires\/hrs-by-starck\/","name":"Starck | Partenaire HRS","isPartOf":{"@id":"https:\/\/www.hydrogen-refueling-solutions.fr\/#website"},"primaryImageOfPage":{"@id":"https:\/\/www.hydrogen-refueling-solutions.fr\/references\/partenaires\/hrs-by-starck\/#primaryimage"},"image":{"@id":"https:\/\/www.hydrogen-refueling-solutions.fr\/references\/partenaires\/hrs-by-starck\/#primaryimage"},"thumbnailUrl":"https:\/\/www.hydrogen-refueling-solutions.fr\/wp-content\/uploads\/HRS-by-STARCK-hydrogen-refueling-station.jpg","datePublished":"2023-12-20T14:09:09+00:00","dateModified":"2024-01-17T16:46:18+00:00","description":"HRS by Starck - Philippe Starck design les nouvelles bornes de ravitaillement en hydrog\u00e8ne.","breadcrumb":{"@id":"https:\/\/www.hydrogen-refueling-solutions.fr\/references\/partenaires\/hrs-by-starck\/#breadcrumb"},"inLanguage":"en-GB","potentialAction":[{"@type":"ReadAction","target":["https:\/\/www.hydrogen-refueling-solutions.fr\/references\/partenaires\/hrs-by-starck\/"]}]},{"@type":"ImageObject","inLanguage":"en-GB","@id":"https:\/\/www.hydrogen-refueling-solutions.fr\/references\/partenaires\/hrs-by-starck\/#primaryimage","url":"https:\/\/www.hydrogen-refueling-solutions.fr\/wp-content\/uploads\/HRS-by-STARCK-hydrogen-refueling-station.jpg","contentUrl":"https:\/\/www.hydrogen-refueling-solutions.fr\/wp-content\/uploads\/HRS-by-STARCK-hydrogen-refueling-station.jpg","width":1800,"height":1200,"caption":"Station hydrog\u00e8ne HRS by STARCK"},{"@type":"BreadcrumbList","@id":"https:\/\/www.hydrogen-refueling-solutions.fr\/references\/partenaires\/hrs-by-starck\/#breadcrumb","itemListElement":[{"@type":"ListItem","position":1,"name":"HRS","item":"https:\/\/www.hydrogen-refueling-solutions.fr\/"},{"@type":"ListItem","position":2,"name":"Nos r\u00e9f\u00e9rences","item":"https:\/\/www.hydrogen-refueling-solutions.fr\/references\/"},{"@type":"ListItem","position":3,"name":"Nos partenaires","item":"https:\/\/www.hydrogen-refueling-solutions.fr\/references\/partenaires\/"},{"@type":"ListItem","position":4,"name":"Starck"}]},{"@type":"WebSite","@id":"https:\/\/www.hydrogen-refueling-solutions.fr\/#website","url":"https:\/\/www.hydrogen-refueling-solutions.fr\/","name":"Hydrogen stations: HRS french refueling station manufacturer","description":"Hydrogen Refueling Solutions -HRS- France's first mass-produced high-capacity hydrogen refueling station. 14 to 80kg of hydrogen delivered\/hour","publisher":{"@id":"https:\/\/www.hydrogen-refueling-solutions.fr\/#organization"},"potentialAction":[{"@type":"SearchAction","target":{"@type":"EntryPoint","urlTemplate":"https:\/\/www.hydrogen-refueling-solutions.fr\/?s={search_term_string}"},"query-input":{"@type":"PropertyValueSpecification","valueRequired":true,"valueName":"search_term_string"}}],"inLanguage":"en-GB"},{"@type":"Organization","@id":"https:\/\/www.hydrogen-refueling-solutions.fr\/#organization","name":"Hydrogen Refueling Solutions","alternateName":"HRS","url":"https:\/\/www.hydrogen-refueling-solutions.fr\/","logo":{"@type":"ImageObject","inLanguage":"en-GB","@id":"https:\/\/www.hydrogen-refueling-solutions.fr\/#\/schema\/logo\/image\/","url":"https:\/\/www.hydrogen-refueling-solutions.fr\/wp-content\/uploads\/logo-hrs-4.png","contentUrl":"https:\/\/www.hydrogen-refueling-solutions.fr\/wp-content\/uploads\/logo-hrs-4.png","width":512,"height":359,"caption":"Hydrogen Refueling Solutions"},"image":{"@id":"https:\/\/www.hydrogen-refueling-solutions.fr\/#\/schema\/logo\/image\/"},"sameAs":["https:\/\/x.com\/hrs_hydrogen","https:\/\/www.linkedin.com\/company\/hydrogen-refueling-solutions\/"]}]}},"_links":{"self":[{"href":"https:\/\/www.hydrogen-refueling-solutions.fr\/en\/wp-json\/wp\/v2\/pages\/11010","targetHints":{"allow":["GET"]}}],"collection":[{"href":"https:\/\/www.hydrogen-refueling-solutions.fr\/en\/wp-json\/wp\/v2\/pages"}],"about":[{"href":"https:\/\/www.hydrogen-refueling-solutions.fr\/en\/wp-json\/wp\/v2\/types\/page"}],"author":[{"embeddable":true,"href":"https:\/\/www.hydrogen-refueling-solutions.fr\/en\/wp-json\/wp\/v2\/users\/3"}],"replies":[{"embeddable":true,"href":"https:\/\/www.hydrogen-refueling-solutions.fr\/en\/wp-json\/wp\/v2\/comments?post=11010"}],"version-history":[{"count":13,"href":"https:\/\/www.hydrogen-refueling-solutions.fr\/en\/wp-json\/wp\/v2\/pages\/11010\/revisions"}],"predecessor-version":[{"id":11124,"href":"https:\/\/www.hydrogen-refueling-solutions.fr\/en\/wp-json\/wp\/v2\/pages\/11010\/revisions\/11124"}],"up":[{"embeddable":true,"href":"https:\/\/www.hydrogen-refueling-solutions.fr\/en\/wp-json\/wp\/v2\/pages\/403"}],"wp:featuredmedia":[{"embeddable":true,"href":"https:\/\/www.hydrogen-refueling-solutions.fr\/en\/wp-json\/wp\/v2\/media\/10869"}],"wp:attachment":[{"href":"https:\/\/www.hydrogen-refueling-solutions.fr\/en\/wp-json\/wp\/v2\/media?parent=11010"}],"curies":[{"name":"wp","href":"https:\/\/api.w.org\/{rel}","templated":true}]}}