{"id":431,"date":"2023-01-09T15:38:39","date_gmt":"2023-01-09T14:38:39","guid":{"rendered":"https:\/\/www.hydrogen-refueling-solutions.fr\/?page_id=431"},"modified":"2024-07-30T15:25:45","modified_gmt":"2024-07-30T13:25:45","slug":"mentions-legales","status":"publish","type":"page","link":"http:\/\/www.hydrogen-refueling-solutions.fr\/fr\/mentions-legales\/","title":{"rendered":"Mentions l\u00e9gales"},"content":{"rendered":"\t\t<div data-elementor-type=\"wp-page\" data-elementor-id=\"431\" class=\"elementor elementor-431\" data-elementor-post-type=\"page\">\n\t\t\t\t\t\t<section class=\"elementor-section elementor-top-section elementor-element elementor-element-fac39ec elementor-section-boxed elementor-section-height-default elementor-section-height-default elementor-invisible\" data-id=\"fac39ec\" data-element_type=\"section\" data-settings=\"{&quot;animation&quot;:&quot;fadeIn&quot;}\">\n\t\t\t\t\t\t<div class=\"elementor-container elementor-column-gap-default\">\n\t\t\t\t\t<div class=\"elementor-column elementor-col-100 elementor-top-column elementor-element elementor-element-d5bcbd1\" data-id=\"d5bcbd1\" data-element_type=\"column\">\n\t\t\t<div class=\"elementor-widget-wrap elementor-element-populated\">\n\t\t\t\t\t\t<div class=\"elementor-element elementor-element-425d7ec elementor-widget elementor-widget-text-editor\" data-id=\"425d7ec\" data-element_type=\"widget\" data-widget_type=\"text-editor.default\">\n\t\t\t\t<div class=\"elementor-widget-container\">\n\t\t\t\t\t\t\t\t\t<p>Ce site vous est propos\u00e9 par :<\/p><p>HYDROGEN REFUELING SOLUTIONS<\/p><p>Adresse : 283 Route des Lavi\u00e8res &#8211; ZAC du Saut du Moine &#8211; 38800 Champagnier<\/p><p>Forme juridique : SAS \u2013 452 830 664 RCS GRENOBLE<\/p><p>TVA Intracommunautaire : FR 204 528 306 64<\/p><p>HYDROGEN REFUELING SOLUTIONS est l\u00e9galement repr\u00e9sent\u00e9e par Hassen Rachedi.<\/p><p>Le site a pour objet de pr\u00e9senter les activit\u00e9s de HYDROGEN REFUELING SOLUTIONS. Il fait l\u2019objet de mises \u00e0 jour p\u00e9riodiques, ceci \u00e9tant, malgr\u00e9 le soin apport\u00e9 dans le suivi de l\u2019\u00e9volution de HYDROGEN REFUELING SOLUTIONS et de ses activit\u00e9s, les pr\u00e9sentations faites n\u2019ont pas de caract\u00e8re contractuel. HYDROGEN REFUELING SOLUTIONS ne sera engag\u00e9e que par ce qui aura \u00e9t\u00e9 convenu par la signature d\u2019un contrat.<\/p><p>L\u2019utilisation du site est soumise aux pr\u00e9sentes conditions g\u00e9n\u00e9rales d\u2019acc\u00e8s et d\u2019utilisation et rel\u00e8ve du respect des lois applicables en France. Les conditions g\u00e9n\u00e9rales peuvent \u00eatre modifi\u00e9es \u00e0 tout moment, et nous vous invitons \u00e0 vous y reporter \u00e0 chaque connexion sur le site. Ces conditions d\u2019utilisation sont r\u00e9gies, interpr\u00e9t\u00e9es et appliqu\u00e9es conform\u00e9ment au droit fran\u00e7ais. En cas de litige, les tribunaux fran\u00e7ais seront seuls comp\u00e9tents.<\/p><h3>Cr\u00e9ation et h\u00e9bergement du site<\/h3><p>Agence de communication Korigan<br \/>22, rue de S\u00e9t\u00e9r\u00e9e, ZA Route de Ponet, 26150 Die<br \/>T. +33 (0)4 75 21 42 81<br \/><a href=\"mailto:contact@korigan.fr\">contact@korigan.fr<\/a><br \/><a href=\"https:\/\/www.korigan.fr\" target=\"_blank\" rel=\"noopener\">www.korigan.fr<\/a><\/p><h3>Photographies<\/h3><p>Cr\u00e9dits photos ou images : Samuel Moraud, SYDEV-P.Baudry photographe, Se\u0301bastien Sassoulas, Bastien Philippe, Christian Moretti, Pacrot, J. Guillou CBL<\/p><h3>Dysfonctionnements<\/h3><p>Le site est con\u00e7u pour pr\u00e9senter les meilleurs r\u00e9sultats quel que soit le navigateur utilis\u00e9. HYDROGEN REFUELING SOLUTIONS ne pourra \u00eatre tenu pour responsable de tout mauvais fonctionnement et affichage ou dommages caus\u00e9s au syst\u00e8me informatique du visiteur, directs ou indirects, r\u00e9sultant de l\u2019utilisation du site.<\/p><h3>Sites li\u00e9s<\/h3><p>HYDROGEN REFUELING SOLUTIONS peut vous proposer des liens vers d\u2019autres sites Internet. Vous y acc\u00e9dez librement et vous quitterez alors le champ d\u2019application des pr\u00e9sentes conditions g\u00e9n\u00e9rales. La responsabilit\u00e9 de HYDROGEN REFUELING SOLUTIONS ne pourra pas \u00eatre engag\u00e9e au regard du contenu et du fonctionnement de ces sites tiers.<\/p><h3>Piratage et virus<\/h3><p>La responsabilit\u00e9 de HYDROGEN REFUELING SOLUTIONS ne pourra jamais \u00eatre recherch\u00e9e en cas de dysfonctionnements ou dommages caus\u00e9s au syst\u00e8me informatique du visiteur cons\u00e9cutifs au piratage de son site ou virus transport\u00e9s \u00e0 son insu ou \u00e0 l\u2019insu de ses partenaires techniques.<\/p><h3>Responsable de la publication<\/h3><p>Hassen RACHEDI<\/p><h3>Politique de confidentialit\u00e9<\/h3><p>Pour tout ce qui a trait au respect de vos donn\u00e9es personnelles, merci de consulter notre\u00a0<a href=\"https:\/\/www.hydrogen-refueling-solutions.fr\/politique-confidentialite\/\">Politique de confidentialit\u00e9<\/a>.<\/p>\t\t\t\t\t\t\t\t<\/div>\n\t\t\t\t<\/div>\n\t\t\t\t\t<\/div>\n\t\t<\/div>\n\t\t\t\t\t<\/div>\n\t\t<\/section>\n\t\t\t\t<\/div>\n\t\t","protected":false},"excerpt":{"rendered":"<p>Ce site vous est propos\u00e9 par : HYDROGEN REFUELING SOLUTIONS Adresse : 283 Route des Lavi\u00e8res &#8211; ZAC du Saut du Moine &#8211; 38800 Champagnier Forme juridique : SAS \u2013 452 830 664 RCS GRENOBLE TVA Intracommunautaire : FR 204 528 306 64 HYDROGEN REFUELING SOLUTIONS est l\u00e9galement repr\u00e9sent\u00e9e par Hassen Rachedi. Le site a [&hellip;]<\/p>\n","protected":false},"author":2,"featured_media":1325,"parent":0,"menu_order":0,"comment_status":"closed","ping_status":"closed","template":"","meta":{"footnotes":""},"class_list":["post-431","page","type-page","status-publish","has-post-thumbnail","hentry"],"acf":[],"yoast_head":"<!-- This site is optimized with the Yoast SEO plugin v24.9 - https:\/\/yoast.com\/wordpress\/plugins\/seo\/ -->\n<title>Mentions l\u00e9gales | HRS<\/title>\n<meta name=\"robots\" content=\"index, follow, max-snippet:-1, max-image-preview:large, max-video-preview:-1\" \/>\n<link rel=\"canonical\" href=\"https:\/\/www.hydrogen-refueling-solutions.fr\/fr\/mentions-legales\/\" \/>\n<meta property=\"og:locale\" content=\"fr_FR\" \/>\n<meta property=\"og:type\" content=\"article\" \/>\n<meta property=\"og:title\" content=\"Mentions l\u00e9gales | HRS\" \/>\n<meta property=\"og:description\" content=\"Ce site vous est propos\u00e9 par : HYDROGEN REFUELING SOLUTIONS Adresse : 283 Route des Lavi\u00e8res &#8211; ZAC du Saut du Moine &#8211; 38800 Champagnier Forme juridique : SAS \u2013 452 830 664 RCS GRENOBLE TVA Intracommunautaire : FR 204 528 306 64 HYDROGEN REFUELING SOLUTIONS est l\u00e9galement repr\u00e9sent\u00e9e par Hassen Rachedi. Le site a [&hellip;]\" \/>\n<meta property=\"og:url\" content=\"https:\/\/www.hydrogen-refueling-solutions.fr\/fr\/mentions-legales\/\" \/>\n<meta property=\"og:site_name\" content=\"Stations Hydrog\u00e8ne : HRS fabricant fran\u00e7ais de stations de ravitaillement\" \/>\n<meta property=\"article:modified_time\" content=\"2024-07-30T13:25:45+00:00\" \/>\n<meta property=\"og:image\" content=\"https:\/\/www.hydrogen-refueling-solutions.fr\/wp-content\/uploads\/logo-hrs-4.png\" \/>\n\t<meta property=\"og:image:width\" content=\"512\" \/>\n\t<meta property=\"og:image:height\" content=\"359\" \/>\n\t<meta property=\"og:image:type\" content=\"image\/png\" \/>\n<meta name=\"twitter:card\" content=\"summary_large_image\" \/>\n<meta name=\"twitter:site\" content=\"@hrs_hydrogen\" \/>\n<meta name=\"twitter:label1\" content=\"Dur\u00e9e de lecture estim\u00e9e\" \/>\n\t<meta name=\"twitter:data1\" content=\"2 minutes\" \/>\n<script type=\"application\/ld+json\" class=\"yoast-schema-graph\">{\"@context\":\"https:\/\/schema.org\",\"@graph\":[{\"@type\":\"WebPage\",\"@id\":\"https:\/\/www.hydrogen-refueling-solutions.fr\/mentions-legales\/\",\"url\":\"https:\/\/www.hydrogen-refueling-solutions.fr\/mentions-legales\/\",\"name\":\"Mentions l\u00e9gales | HRS\",\"isPartOf\":{\"@id\":\"https:\/\/www.hydrogen-refueling-solutions.fr\/#website\"},\"primaryImageOfPage\":{\"@id\":\"https:\/\/www.hydrogen-refueling-solutions.fr\/mentions-legales\/#primaryimage\"},\"image\":{\"@id\":\"https:\/\/www.hydrogen-refueling-solutions.fr\/mentions-legales\/#primaryimage\"},\"thumbnailUrl\":\"https:\/\/www.hydrogen-refueling-solutions.fr\/wp-content\/uploads\/logo-hrs-4.png\",\"datePublished\":\"2023-01-09T14:38:39+00:00\",\"dateModified\":\"2024-07-30T13:25:45+00:00\",\"breadcrumb\":{\"@id\":\"https:\/\/www.hydrogen-refueling-solutions.fr\/mentions-legales\/#breadcrumb\"},\"inLanguage\":\"fr-FR\",\"potentialAction\":[{\"@type\":\"ReadAction\",\"target\":[\"https:\/\/www.hydrogen-refueling-solutions.fr\/mentions-legales\/\"]}]},{\"@type\":\"ImageObject\",\"inLanguage\":\"fr-FR\",\"@id\":\"https:\/\/www.hydrogen-refueling-solutions.fr\/mentions-legales\/#primaryimage\",\"url\":\"https:\/\/www.hydrogen-refueling-solutions.fr\/wp-content\/uploads\/logo-hrs-4.png\",\"contentUrl\":\"https:\/\/www.hydrogen-refueling-solutions.fr\/wp-content\/uploads\/logo-hrs-4.png\",\"width\":512,\"height\":359,\"caption\":\"Logo Hydrogen Refueling Solutions\"},{\"@type\":\"BreadcrumbList\",\"@id\":\"https:\/\/www.hydrogen-refueling-solutions.fr\/mentions-legales\/#breadcrumb\",\"itemListElement\":[{\"@type\":\"ListItem\",\"position\":1,\"name\":\"HRS\",\"item\":\"https:\/\/www.hydrogen-refueling-solutions.fr\/\"},{\"@type\":\"ListItem\",\"position\":2,\"name\":\"Mentions l\u00e9gales\"}]},{\"@type\":\"WebSite\",\"@id\":\"https:\/\/www.hydrogen-refueling-solutions.fr\/#website\",\"url\":\"https:\/\/www.hydrogen-refueling-solutions.fr\/\",\"name\":\"Stations Hydrog\u00e8ne : HRS fabricant fran\u00e7ais de stations de ravitaillement\",\"description\":\"Hydrogen Refueling Solutions -HRS- premi\u00e8re entreprise fran\u00e7aise fabricante de station hydrog\u00e8ne grande capacit\u00e9 en s\u00e9rie. 14 \u00e0 80kg d&#039;hydrog\u00e8ne d\u00e9livr\u00e9s\/heure\",\"publisher\":{\"@id\":\"https:\/\/www.hydrogen-refueling-solutions.fr\/#organization\"},\"potentialAction\":[{\"@type\":\"SearchAction\",\"target\":{\"@type\":\"EntryPoint\",\"urlTemplate\":\"https:\/\/www.hydrogen-refueling-solutions.fr\/?s={search_term_string}\"},\"query-input\":{\"@type\":\"PropertyValueSpecification\",\"valueRequired\":true,\"valueName\":\"search_term_string\"}}],\"inLanguage\":\"fr-FR\"},{\"@type\":\"Organization\",\"@id\":\"https:\/\/www.hydrogen-refueling-solutions.fr\/#organization\",\"name\":\"Hydrogen Refueling Solutions\",\"alternateName\":\"HRS\",\"url\":\"https:\/\/www.hydrogen-refueling-solutions.fr\/\",\"logo\":{\"@type\":\"ImageObject\",\"inLanguage\":\"fr-FR\",\"@id\":\"https:\/\/www.hydrogen-refueling-solutions.fr\/#\/schema\/logo\/image\/\",\"url\":\"https:\/\/www.hydrogen-refueling-solutions.fr\/wp-content\/uploads\/logo-hrs-4.png\",\"contentUrl\":\"https:\/\/www.hydrogen-refueling-solutions.fr\/wp-content\/uploads\/logo-hrs-4.png\",\"width\":512,\"height\":359,\"caption\":\"Hydrogen Refueling Solutions\"},\"image\":{\"@id\":\"https:\/\/www.hydrogen-refueling-solutions.fr\/#\/schema\/logo\/image\/\"},\"sameAs\":[\"https:\/\/x.com\/hrs_hydrogen\",\"https:\/\/www.linkedin.com\/company\/hydrogen-refueling-solutions\/\"]}]}<\/script>\n<!-- \/ Yoast SEO plugin. -->","yoast_head_json":{"title":"Mentions l\u00e9gales | HRS","robots":{"index":"index","follow":"follow","max-snippet":"max-snippet:-1","max-image-preview":"max-image-preview:large","max-video-preview":"max-video-preview:-1"},"canonical":"https:\/\/www.hydrogen-refueling-solutions.fr\/fr\/mentions-legales\/","og_locale":"fr_FR","og_type":"article","og_title":"Mentions l\u00e9gales | HRS","og_description":"Ce site vous est propos\u00e9 par : HYDROGEN REFUELING SOLUTIONS Adresse : 283 Route des Lavi\u00e8res &#8211; ZAC du Saut du Moine &#8211; 38800 Champagnier Forme juridique : SAS \u2013 452 830 664 RCS GRENOBLE TVA Intracommunautaire : FR 204 528 306 64 HYDROGEN REFUELING SOLUTIONS est l\u00e9galement repr\u00e9sent\u00e9e par Hassen Rachedi. Le site a [&hellip;]","og_url":"https:\/\/www.hydrogen-refueling-solutions.fr\/fr\/mentions-legales\/","og_site_name":"Stations Hydrog\u00e8ne : HRS fabricant fran\u00e7ais de stations de ravitaillement","article_modified_time":"2024-07-30T13:25:45+00:00","og_image":[{"width":512,"height":359,"url":"https:\/\/www.hydrogen-refueling-solutions.fr\/wp-content\/uploads\/logo-hrs-4.png","type":"image\/png"}],"twitter_card":"summary_large_image","twitter_site":"@hrs_hydrogen","twitter_misc":{"Dur\u00e9e de lecture estim\u00e9e":"2 minutes"},"schema":{"@context":"https:\/\/schema.org","@graph":[{"@type":"WebPage","@id":"https:\/\/www.hydrogen-refueling-solutions.fr\/mentions-legales\/","url":"https:\/\/www.hydrogen-refueling-solutions.fr\/mentions-legales\/","name":"Mentions l\u00e9gales | HRS","isPartOf":{"@id":"https:\/\/www.hydrogen-refueling-solutions.fr\/#website"},"primaryImageOfPage":{"@id":"https:\/\/www.hydrogen-refueling-solutions.fr\/mentions-legales\/#primaryimage"},"image":{"@id":"https:\/\/www.hydrogen-refueling-solutions.fr\/mentions-legales\/#primaryimage"},"thumbnailUrl":"https:\/\/www.hydrogen-refueling-solutions.fr\/wp-content\/uploads\/logo-hrs-4.png","datePublished":"2023-01-09T14:38:39+00:00","dateModified":"2024-07-30T13:25:45+00:00","breadcrumb":{"@id":"https:\/\/www.hydrogen-refueling-solutions.fr\/mentions-legales\/#breadcrumb"},"inLanguage":"fr-FR","potentialAction":[{"@type":"ReadAction","target":["https:\/\/www.hydrogen-refueling-solutions.fr\/mentions-legales\/"]}]},{"@type":"ImageObject","inLanguage":"fr-FR","@id":"https:\/\/www.hydrogen-refueling-solutions.fr\/mentions-legales\/#primaryimage","url":"https:\/\/www.hydrogen-refueling-solutions.fr\/wp-content\/uploads\/logo-hrs-4.png","contentUrl":"https:\/\/www.hydrogen-refueling-solutions.fr\/wp-content\/uploads\/logo-hrs-4.png","width":512,"height":359,"caption":"Logo Hydrogen Refueling Solutions"},{"@type":"BreadcrumbList","@id":"https:\/\/www.hydrogen-refueling-solutions.fr\/mentions-legales\/#breadcrumb","itemListElement":[{"@type":"ListItem","position":1,"name":"HRS","item":"https:\/\/www.hydrogen-refueling-solutions.fr\/"},{"@type":"ListItem","position":2,"name":"Mentions l\u00e9gales"}]},{"@type":"WebSite","@id":"https:\/\/www.hydrogen-refueling-solutions.fr\/#website","url":"https:\/\/www.hydrogen-refueling-solutions.fr\/","name":"Stations Hydrog\u00e8ne : HRS fabricant fran\u00e7ais de stations de ravitaillement","description":"Hydrogen Refueling Solutions -HRS- premi\u00e8re entreprise fran\u00e7aise fabricante de station hydrog\u00e8ne grande capacit\u00e9 en s\u00e9rie. 14 \u00e0 80kg d&#039;hydrog\u00e8ne d\u00e9livr\u00e9s\/heure","publisher":{"@id":"https:\/\/www.hydrogen-refueling-solutions.fr\/#organization"},"potentialAction":[{"@type":"SearchAction","target":{"@type":"EntryPoint","urlTemplate":"https:\/\/www.hydrogen-refueling-solutions.fr\/?s={search_term_string}"},"query-input":{"@type":"PropertyValueSpecification","valueRequired":true,"valueName":"search_term_string"}}],"inLanguage":"fr-FR"},{"@type":"Organization","@id":"https:\/\/www.hydrogen-refueling-solutions.fr\/#organization","name":"Hydrogen Refueling Solutions","alternateName":"HRS","url":"https:\/\/www.hydrogen-refueling-solutions.fr\/","logo":{"@type":"ImageObject","inLanguage":"fr-FR","@id":"https:\/\/www.hydrogen-refueling-solutions.fr\/#\/schema\/logo\/image\/","url":"https:\/\/www.hydrogen-refueling-solutions.fr\/wp-content\/uploads\/logo-hrs-4.png","contentUrl":"https:\/\/www.hydrogen-refueling-solutions.fr\/wp-content\/uploads\/logo-hrs-4.png","width":512,"height":359,"caption":"Hydrogen Refueling Solutions"},"image":{"@id":"https:\/\/www.hydrogen-refueling-solutions.fr\/#\/schema\/logo\/image\/"},"sameAs":["https:\/\/x.com\/hrs_hydrogen","https:\/\/www.linkedin.com\/company\/hydrogen-refueling-solutions\/"]}]}},"_links":{"self":[{"href":"http:\/\/www.hydrogen-refueling-solutions.fr\/fr\/wp-json\/wp\/v2\/pages\/431","targetHints":{"allow":["GET"]}}],"collection":[{"href":"http:\/\/www.hydrogen-refueling-solutions.fr\/fr\/wp-json\/wp\/v2\/pages"}],"about":[{"href":"http:\/\/www.hydrogen-refueling-solutions.fr\/fr\/wp-json\/wp\/v2\/types\/page"}],"author":[{"embeddable":true,"href":"http:\/\/www.hydrogen-refueling-solutions.fr\/fr\/wp-json\/wp\/v2\/users\/2"}],"replies":[{"embeddable":true,"href":"http:\/\/www.hydrogen-refueling-solutions.fr\/fr\/wp-json\/wp\/v2\/comments?post=431"}],"version-history":[{"count":3,"href":"http:\/\/www.hydrogen-refueling-solutions.fr\/fr\/wp-json\/wp\/v2\/pages\/431\/revisions"}],"predecessor-version":[{"id":12679,"href":"http:\/\/www.hydrogen-refueling-solutions.fr\/fr\/wp-json\/wp\/v2\/pages\/431\/revisions\/12679"}],"wp:featuredmedia":[{"embeddable":true,"href":"http:\/\/www.hydrogen-refueling-solutions.fr\/fr\/wp-json\/wp\/v2\/media\/1325"}],"wp:attachment":[{"href":"http:\/\/www.hydrogen-refueling-solutions.fr\/fr\/wp-json\/wp\/v2\/media?parent=431"}],"curies":[{"name":"wp","href":"https:\/\/api.w.org\/{rel}","templated":true}]}}