{"id":14954,"date":"2025-02-18T09:23:43","date_gmt":"2025-02-18T08:23:43","guid":{"rendered":"https:\/\/www.hydrogen-refueling-solutions.fr\/?page_id=14954"},"modified":"2025-02-18T10:18:49","modified_gmt":"2025-02-18T09:18:49","slug":"alldis-nerius","status":"publish","type":"page","link":"http:\/\/www.hydrogen-refueling-solutions.fr\/fr\/references\/clients\/alldis-nerius\/","title":{"rendered":"Alldis-Nerius"},"content":{"rendered":"\t\t<div data-elementor-type=\"wp-page\" data-elementor-id=\"14954\" class=\"elementor elementor-14954\" data-elementor-post-type=\"page\">\n\t\t\t\t<section class=\"elementor-element elementor-element-80723be e-flex e-con-boxed elementor-invisible e-con e-parent\" data-id=\"80723be\" data-element_type=\"container\" data-settings=\"{&quot;animation&quot;:&quot;fadeIn&quot;}\">\n\t\t\t\t\t<div class=\"e-con-inner\">\n\t\t<div class=\"elementor-element elementor-element-26c0029 e-con-full e-flex e-con e-child\" data-id=\"26c0029\" data-element_type=\"container\">\n\t\t\t\t<div class=\"elementor-element elementor-element-3a9767b elementor-widget elementor-widget-heading\" data-id=\"3a9767b\" data-element_type=\"widget\" data-widget_type=\"heading.default\">\n\t\t\t\t<div class=\"elementor-widget-container\">\n\t\t\t\t\t<h2 class=\"elementor-heading-title elementor-size-default\">Une station hydrog\u00e8ne pour le Centre Spatial Guyanais (CSG)<\/h2>\t\t\t\t<\/div>\n\t\t\t\t<\/div>\n\t\t\t\t<div class=\"elementor-element elementor-element-570edd0 elementor-widget-divider--view-line elementor-widget elementor-widget-divider\" data-id=\"570edd0\" data-element_type=\"widget\" data-widget_type=\"divider.default\">\n\t\t\t\t<div class=\"elementor-widget-container\">\n\t\t\t\t\t\t\t<div class=\"elementor-divider\">\n\t\t\t<span class=\"elementor-divider-separator\">\n\t\t\t\t\t\t<\/span>\n\t\t<\/div>\n\t\t\t\t\t\t<\/div>\n\t\t\t\t<\/div>\n\t\t\t\t<div class=\"elementor-element elementor-element-669ca4e elementor-widget elementor-widget-text-editor\" data-id=\"669ca4e\" data-element_type=\"widget\" data-widget_type=\"text-editor.default\">\n\t\t\t\t<div class=\"elementor-widget-container\">\n\t\t\t\t\t\t\t\t\t<p>Mandat\u00e9e par l\u2019agence spatiale europ\u00e9enne et s\u2019inscrivant dans le cadre du projet HYGUANE, ALLDIS-NERIUS est responsable de l\u2019installation d\u2019une station de ravitaillement hydrog\u00e8ne, fournit par HRS. Cette derni\u00e8re fera partie de la strat\u00e9gie de d\u00e9carbonation du site spatial, gr\u00e2ce \u00e0 l\u2019\u00e9lectrolyse de l\u2019eau aliment\u00e9e par un champ photovolta\u00efque construit \u00e0 c\u00f4t\u00e9. Des poids lourds pourront venir se ravitailler en hydrog\u00e8ne vert et des g\u00e9n\u00e9rateurs \u00e9lectriques stationnaires pourront \u00e9galement \u00eatre aliment\u00e9s.<\/p>\n<p>Cette premi\u00e8re commande en outre-mer pour HRS confirme la reconnaissance du <strong>savoir-faire unique de HRS<\/strong>. Cette impl\u00e9mentation permettra \u00e9galement \u00e0 HRS \u00e0 d\u00e9velopper et renforcer ses relations aupr\u00e8s d\u2019acteurs du milieu hydrog\u00e8ne, d\u00e9j\u00e0 pr\u00e9sents sur place.<\/p>\t\t\t\t\t\t\t\t<\/div>\n\t\t\t\t<\/div>\n\t\t\t\t<div class=\"elementor-element elementor-element-b36bd2d elementor-widget elementor-widget-heading\" data-id=\"b36bd2d\" data-element_type=\"widget\" data-widget_type=\"heading.default\">\n\t\t\t\t<div class=\"elementor-widget-container\">\n\t\t\t\t\t<h2 class=\"elementor-heading-title elementor-size-default\">Projet Hyguane, remplacer l\u2019hydrog\u00e8ne carbon\u00e9 en hydrog\u00e8ne renouvelable.<\/h2>\t\t\t\t<\/div>\n\t\t\t\t<\/div>\n\t\t\t\t<div class=\"elementor-element elementor-element-083ddd5 elementor-widget-divider--view-line elementor-widget elementor-widget-divider\" data-id=\"083ddd5\" data-element_type=\"widget\" data-widget_type=\"divider.default\">\n\t\t\t\t<div class=\"elementor-widget-container\">\n\t\t\t\t\t\t\t<div class=\"elementor-divider\">\n\t\t\t<span class=\"elementor-divider-separator\">\n\t\t\t\t\t\t<\/span>\n\t\t<\/div>\n\t\t\t\t\t\t<\/div>\n\t\t\t\t<\/div>\n\t\t\t\t<div class=\"elementor-element elementor-element-3bcdbd4 elementor-widget elementor-widget-text-editor\" data-id=\"3bcdbd4\" data-element_type=\"widget\" data-widget_type=\"text-editor.default\">\n\t\t\t\t<div class=\"elementor-widget-container\">\n\t\t\t\t\t\t\t\t\t<p>Le projet HYGUANE (HYdrog\u00e8ne GUyanais \u00c0 Neutralit\u00e9 Environnementale) vise \u00e0 d\u00e9carboner les activit\u00e9s du Centre Spatial Guyanais (CSG) en int\u00e9grant de l&rsquo;hydrog\u00e8ne renouvelable dans les op\u00e9rations des fus\u00e9es Ariane 6. Actuellement, l&rsquo;hydrog\u00e8ne utilis\u00e9 est produit par un proc\u00e9d\u00e9 carbon\u00e9. HYGUANE pr\u00e9voit de le remplacer partiellement par de l&rsquo;hydrog\u00e8ne vert, issu d\u2019un \u00e9lectrolyseur aliment\u00e9 par une centrale solaire de panneaux photovolta\u00efques. Cette installation devrait produire environ <strong>60 tonnes d\u2019hydrog\u00e8ne liqu\u00e9fi\u00e9 par an<\/strong> pour le spatial et <strong>45 tonnes d\u2019hydrog\u00e8ne comprim\u00e9<\/strong> pour des applications locales, comme la mobilit\u00e9 lourde.<\/p>\n<p><br \/>Port\u00e9 par un consortium incluant l\u2019ESA, le CNES et des entreprises comme Air Liquide Spatial Guyane, ce projet s&rsquo;inscrit dans une strat\u00e9gie plus large de d\u00e9veloppement de la fili\u00e8re hydrog\u00e8ne en Guyane. Il inclut \u00e9galement des initiatives de formation avec l\u2019Universit\u00e9 de Guyane. Avec un budget de 40,5 millions d\u2019euros, financ\u00e9 en grande partie par l\u2019ESA et l\u2019ADEME, HYGUANE pourrait, d\u2019ici 2030, <strong>couvrir jusqu\u2019\u00e0 40 % des besoins en hydrog\u00e8ne d\u2019Ariane 6 et renforcer l\u2019autonomie \u00e9nerg\u00e9tique de la r\u00e9gion.<\/strong><\/p>\n<p><a href=\"https:\/\/infos.ademe.fr\/energies\/2024\/lhydrogene-prend-son-envol-au-centre-spatial-de-guyane\/\"><em>Source : ADEME<\/em><\/a><\/p>\t\t\t\t\t\t\t\t<\/div>\n\t\t\t\t<\/div>\n\t\t\t\t<div class=\"elementor-element elementor-element-6d38da8 elementor-widget elementor-widget-heading\" data-id=\"6d38da8\" data-element_type=\"widget\" data-widget_type=\"heading.default\">\n\t\t\t\t<div class=\"elementor-widget-container\">\n\t\t\t\t\t<h2 class=\"elementor-heading-title elementor-size-default\">\u00c0 propos de Nerius Invest :<\/h2>\t\t\t\t<\/div>\n\t\t\t\t<\/div>\n\t\t\t\t<div class=\"elementor-element elementor-element-9509409 elementor-widget-divider--view-line elementor-widget elementor-widget-divider\" data-id=\"9509409\" data-element_type=\"widget\" data-widget_type=\"divider.default\">\n\t\t\t\t<div class=\"elementor-widget-container\">\n\t\t\t\t\t\t\t<div class=\"elementor-divider\">\n\t\t\t<span class=\"elementor-divider-separator\">\n\t\t\t\t\t\t<\/span>\n\t\t<\/div>\n\t\t\t\t\t\t<\/div>\n\t\t\t\t<\/div>\n\t\t\t\t<div class=\"elementor-element elementor-element-3dfdec0 elementor-widget elementor-widget-text-editor\" data-id=\"3dfdec0\" data-element_type=\"widget\" data-widget_type=\"text-editor.default\">\n\t\t\t\t<div class=\"elementor-widget-container\">\n\t\t\t\t\t\t\t\t\t<p>Fond\u00e9e en 2019 par Antoine Madoui, avec le soutien d&rsquo;ASAR INVEST et du Groupe GOVINDIN, NERIUS Invest est une startup greentech sp\u00e9cialis\u00e9e dans la production d&rsquo;\u00e9nergies renouvelables \u00e0 partir de biomasses et de d\u00e9chets. Son objectif : <em>contribuer \u00e0 la d\u00e9carbonation de l&rsquo;industrie, de la mobilit\u00e9, et du mix \u00e9lectrique<\/em>. Labellis\u00e9e \u00ab Offreur de solution industrie du futur \u00bb, l&rsquo;entreprise est adh\u00e9rente de France Innovation et de l&rsquo;ATEE (Association Technique Energie Environnement). Bas\u00e9e \u00e0 Solutr\u00e9-Pouilly, Lyon, et Cayenne, NERIUS Invest rassemble une \u00e9quipe d&rsquo;experts, compos\u00e9e de 11 collaborateurs, dont 7 ing\u00e9nieurs sp\u00e9cialis\u00e9s.<\/p>\t\t\t\t\t\t\t\t<\/div>\n\t\t\t\t<\/div>\n\t\t\t\t<div class=\"elementor-element elementor-element-da6dd21 elementor-blockquote--skin-boxed elementor-blockquote--button-color-official elementor-widget elementor-widget-blockquote\" data-id=\"da6dd21\" data-element_type=\"widget\" data-widget_type=\"blockquote.default\">\n\t\t\t\t<div class=\"elementor-widget-container\">\n\t\t\t\t\t\t\t<blockquote class=\"elementor-blockquote\">\n\t\t\t<p class=\"elementor-blockquote__content\">\n\t\t\t\t\u00ab Dans le cadre de ce projet ambitieux confi\u00e9 par l'Agence spatiale europ\u00e9enne, nous avons naturellement fait le choix de nous tourner vers HRS, un acteur ayant d\u00e9j\u00e0 install\u00e9 de nombreuses stations similaires en Europe, reconnu pour la grande qualit\u00e9 de ses \u00e9quipements et son offre de services. Nous sommes convaincus que nous avons effectu\u00e9 le meilleur choix pour r\u00e9pondre aux attentes du Centre Spatial Guyanais et du territoire dans son ensemble. \u00bb\t\t\t<\/p>\n\t\t\t\t\t\t\t<div class=\"e-q-footer\">\n\t\t\t\t\t\t\t\t\t\t\t<cite class=\"elementor-blockquote__author\">Antoine Madoui, PDG de Nerius Invest<\/cite>\n\t\t\t\t\t\t\t\t\t\t\t\t\t\t<\/div>\n\t\t\t\t\t<\/blockquote>\n\t\t\t\t\t\t<\/div>\n\t\t\t\t<\/div>\n\t\t\t\t<div class=\"elementor-element elementor-element-d273d02 elementor-widget elementor-widget-text-editor\" data-id=\"d273d02\" data-element_type=\"widget\" data-widget_type=\"text-editor.default\">\n\t\t\t\t<div class=\"elementor-widget-container\">\n\t\t\t\t\t\t\t\t\t<p>Pour en savoir plus, consultez nos communiqu\u00e9s de presse :<\/p>\n<ul>\n<li><strong>19\/12\/2024 : Alldis-nerius choisit HRS pour sa 1ere station de ravitaillement pour vehicules hydrogene sur le centre spatial de kourou en guyane &#8211; 1er d\u00e9ploiement en outre-mer pour HRS<\/strong><br \/><a href=\"https:\/\/www.hydrogen-refueling-solutions.fr\/fr\/investisseurs\/communiques-de-presse\/?ID=ACTUS-0-89231&amp;CLIENT=ACTUS-0-445\">Lire le communiqu\u00e9 de presse<\/a><\/li>\n<\/ul>\t\t\t\t\t\t\t\t<\/div>\n\t\t\t\t<\/div>\n\t\t\t\t<div class=\"elementor-element elementor-element-baf9632 elementor-widget elementor-widget-heading\" data-id=\"baf9632\" data-element_type=\"widget\" data-widget_type=\"heading.default\">\n\t\t\t\t<div class=\"elementor-widget-container\">\n\t\t\t\t\t<h2 class=\"elementor-heading-title elementor-size-default\">Vu sur Linkedin<\/h2>\t\t\t\t<\/div>\n\t\t\t\t<\/div>\n\t\t\t\t<div class=\"elementor-element elementor-element-a2bc348 elementor-widget elementor-widget-text-editor\" data-id=\"a2bc348\" data-element_type=\"widget\" data-widget_type=\"text-editor.default\">\n\t\t\t\t<div class=\"elementor-widget-container\">\n\t\t\t\t\t\t\t\t\t<ul>\n<li><a href=\"https:\/\/www.linkedin.com\/posts\/hydrogen-refueling-solutions_hrs14-hyguane-hrs-activity-7275548348118421506-lRn3?utm_source=share&amp;utm_medium=member_desktop&amp;rcm=ACoAAELWR-4BD_D9xcnr2HuN0zQLMw2AG3Gsrg8\"><span class=\"break-words tvm-parent-container\"><span dir=\"ltr\"><strong>Cap vers la Guyane : HRS va d\u00e9ploier sa premi\u00e8re station en Outre-Mer pour accompagner la d\u00e9carbonation du Centre Spatial Guyanais !\u00a0<\/strong><\/span><\/span><\/a><\/li>\n<\/ul>\t\t\t\t\t\t\t\t<\/div>\n\t\t\t\t<\/div>\n\t\t\t\t<div class=\"elementor-element elementor-element-1f81dc5 elementor-widget-divider--view-line elementor-widget elementor-widget-divider\" data-id=\"1f81dc5\" data-element_type=\"widget\" data-widget_type=\"divider.default\">\n\t\t\t\t<div class=\"elementor-widget-container\">\n\t\t\t\t\t\t\t<div class=\"elementor-divider\">\n\t\t\t<span class=\"elementor-divider-separator\">\n\t\t\t\t\t\t<\/span>\n\t\t<\/div>\n\t\t\t\t\t\t<\/div>\n\t\t\t\t<\/div>\n\t\t\t\t<div class=\"elementor-element elementor-element-02dfd07 elementor-tablet-align-center elementor-widget elementor-widget-button\" data-id=\"02dfd07\" data-element_type=\"widget\" data-widget_type=\"button.default\">\n\t\t\t\t<div class=\"elementor-widget-container\">\n\t\t\t\t\t\t\t\t\t<div class=\"elementor-button-wrapper\">\n\t\t\t\t\t<a class=\"elementor-button elementor-button-link elementor-size-sm\" href=\"https:\/\/www.linkedin.com\/company\/hydrogen-refueling-solutions\" target=\"_blank\">\n\t\t\t\t\t\t<span class=\"elementor-button-content-wrapper\">\n\t\t\t\t\t\t<span class=\"elementor-button-icon\">\n\t\t\t\t<svg aria-hidden=\"true\" class=\"e-font-icon-svg e-fab-linkedin\" viewBox=\"0 0 448 512\" xmlns=\"http:\/\/www.w3.org\/2000\/svg\"><path d=\"M416 32H31.9C14.3 32 0 46.5 0 64.3v383.4C0 465.5 14.3 480 31.9 480H416c17.6 0 32-14.5 32-32.3V64.3c0-17.8-14.4-32.3-32-32.3zM135.4 416H69V202.2h66.5V416zm-33.2-243c-21.3 0-38.5-17.3-38.5-38.5S80.9 96 102.2 96c21.2 0 38.5 17.3 38.5 38.5 0 21.3-17.2 38.5-38.5 38.5zm282.1 243h-66.4V312c0-24.8-.5-56.7-34.5-56.7-34.6 0-39.9 27-39.9 54.9V416h-66.4V202.2h63.7v29.2h.9c8.9-16.8 30.6-34.5 62.9-34.5 67.2 0 79.7 44.3 79.7 101.9V416z\"><\/path><\/svg>\t\t\t<\/span>\n\t\t\t\t\t\t\t\t\t<span class=\"elementor-button-text\">Nous suivre sur linkedin<\/span>\n\t\t\t\t\t<\/span>\n\t\t\t\t\t<\/a>\n\t\t\t\t<\/div>\n\t\t\t\t\t\t\t\t<\/div>\n\t\t\t\t<\/div>\n\t\t\t\t<div class=\"elementor-element elementor-element-46d9d30 elementor-tablet-align-center elementor-widget elementor-widget-button\" data-id=\"46d9d30\" data-element_type=\"widget\" data-widget_type=\"button.default\">\n\t\t\t\t<div class=\"elementor-widget-container\">\n\t\t\t\t\t\t\t\t\t<div class=\"elementor-button-wrapper\">\n\t\t\t\t\t<a class=\"elementor-button elementor-button-link elementor-size-sm\" href=\"http:\/\/www.hydrogen-refueling-solutions.fr\/fr\/references\/clients\/\">\n\t\t\t\t\t\t<span class=\"elementor-button-content-wrapper\">\n\t\t\t\t\t\t\t\t\t<span class=\"elementor-button-text\">Voir tous nos clients<\/span>\n\t\t\t\t\t<\/span>\n\t\t\t\t\t<\/a>\n\t\t\t\t<\/div>\n\t\t\t\t\t\t\t\t<\/div>\n\t\t\t\t<\/div>\n\t\t\t\t<div class=\"elementor-element elementor-element-ee208e3 elementor-widget-divider--view-line elementor-widget elementor-widget-divider\" data-id=\"ee208e3\" data-element_type=\"widget\" data-widget_type=\"divider.default\">\n\t\t\t\t<div class=\"elementor-widget-container\">\n\t\t\t\t\t\t\t<div class=\"elementor-divider\">\n\t\t\t<span class=\"elementor-divider-separator\">\n\t\t\t\t\t\t<\/span>\n\t\t<\/div>\n\t\t\t\t\t\t<\/div>\n\t\t\t\t<\/div>\n\t\t\t\t<\/div>\n\t\t<div class=\"elementor-element elementor-element-48caec4 e-con-full e-flex e-con e-child\" data-id=\"48caec4\" data-element_type=\"container\" data-settings=\"{&quot;background_background&quot;:&quot;classic&quot;}\">\n\t\t\t\t<\/div>\n\t\t\t\t\t<\/div>\n\t\t\t\t<\/section>\n\t\t\t\t<\/div>\n\t\t","protected":false},"excerpt":{"rendered":"<p>Alldis-Nerius, filiale de Nerius Invest, a rejoint d\u00e9but 2024 le Projet Hyguane, dont l\u2019objectif est de verdir l\u2019hydrog\u00e8ne gris du Centre Spatial Guyanais.<\/p>\n","protected":false},"author":9,"featured_media":0,"parent":401,"menu_order":0,"comment_status":"closed","ping_status":"closed","template":"","meta":{"footnotes":""},"class_list":["post-14954","page","type-page","status-publish","hentry"],"acf":[],"yoast_head":"<!-- This site is optimized with the Yoast SEO plugin v24.9 - https:\/\/yoast.com\/wordpress\/plugins\/seo\/ -->\n<title>Alldis-Nerius | Client HRS<\/title>\n<meta name=\"description\" content=\"Alldis-Nerius, filiale de Nerius Invest, a rejoint d\u00e9but 2024 le Projet Hyguane, dont l\u2019objectif est de verdir l\u2019hydrog\u00e8ne gris du Centre Spatial Guyanais.\" \/>\n<meta name=\"robots\" content=\"index, follow, max-snippet:-1, max-image-preview:large, max-video-preview:-1\" \/>\n<link rel=\"canonical\" href=\"https:\/\/www.hydrogen-refueling-solutions.fr\/fr\/references\/clients\/alldis-nerius\/\" \/>\n<meta property=\"og:locale\" content=\"fr_FR\" \/>\n<meta property=\"og:type\" content=\"article\" \/>\n<meta property=\"og:title\" content=\"Alldis-Nerius | Client HRS\" \/>\n<meta property=\"og:description\" content=\"Alldis-Nerius, filiale de Nerius Invest, a rejoint d\u00e9but 2024 le Projet Hyguane, dont l\u2019objectif est de verdir l\u2019hydrog\u00e8ne gris du Centre Spatial Guyanais.\" \/>\n<meta property=\"og:url\" content=\"https:\/\/www.hydrogen-refueling-solutions.fr\/fr\/references\/clients\/alldis-nerius\/\" \/>\n<meta property=\"og:site_name\" content=\"Stations Hydrog\u00e8ne : HRS fabricant fran\u00e7ais de stations de ravitaillement\" \/>\n<meta property=\"article:modified_time\" content=\"2025-02-18T09:18:49+00:00\" \/>\n<meta property=\"og:image\" content=\"https:\/\/www.hydrogen-refueling-solutions.fr\/wp-content\/uploads\/Nerius-Invest.jpg\" \/>\n\t<meta property=\"og:image:width\" content=\"327\" \/>\n\t<meta property=\"og:image:height\" content=\"168\" \/>\n\t<meta property=\"og:image:type\" content=\"image\/jpeg\" \/>\n<meta name=\"twitter:card\" content=\"summary_large_image\" \/>\n<meta name=\"twitter:site\" content=\"@hrs_hydrogen\" \/>\n<meta name=\"twitter:label1\" content=\"Dur\u00e9e de lecture estim\u00e9e\" \/>\n\t<meta name=\"twitter:data1\" content=\"3 minutes\" \/>\n<script type=\"application\/ld+json\" class=\"yoast-schema-graph\">{\"@context\":\"https:\/\/schema.org\",\"@graph\":[{\"@type\":\"WebPage\",\"@id\":\"https:\/\/www.hydrogen-refueling-solutions.fr\/references\/clients\/alldis-nerius\/\",\"url\":\"https:\/\/www.hydrogen-refueling-solutions.fr\/references\/clients\/alldis-nerius\/\",\"name\":\"Alldis-Nerius | Client HRS\",\"isPartOf\":{\"@id\":\"https:\/\/www.hydrogen-refueling-solutions.fr\/#website\"},\"datePublished\":\"2025-02-18T08:23:43+00:00\",\"dateModified\":\"2025-02-18T09:18:49+00:00\",\"description\":\"Alldis-Nerius, filiale de Nerius Invest, a rejoint d\u00e9but 2024 le Projet Hyguane, dont l\u2019objectif est de verdir l\u2019hydrog\u00e8ne gris du Centre Spatial Guyanais.\",\"breadcrumb\":{\"@id\":\"https:\/\/www.hydrogen-refueling-solutions.fr\/references\/clients\/alldis-nerius\/#breadcrumb\"},\"inLanguage\":\"fr-FR\",\"potentialAction\":[{\"@type\":\"ReadAction\",\"target\":[\"https:\/\/www.hydrogen-refueling-solutions.fr\/references\/clients\/alldis-nerius\/\"]}]},{\"@type\":\"BreadcrumbList\",\"@id\":\"https:\/\/www.hydrogen-refueling-solutions.fr\/references\/clients\/alldis-nerius\/#breadcrumb\",\"itemListElement\":[{\"@type\":\"ListItem\",\"position\":1,\"name\":\"HRS\",\"item\":\"https:\/\/www.hydrogen-refueling-solutions.fr\/\"},{\"@type\":\"ListItem\",\"position\":2,\"name\":\"Nos r\u00e9f\u00e9rences\",\"item\":\"https:\/\/www.hydrogen-refueling-solutions.fr\/references\/\"},{\"@type\":\"ListItem\",\"position\":3,\"name\":\"Nos clients\",\"item\":\"https:\/\/www.hydrogen-refueling-solutions.fr\/references\/clients\/\"},{\"@type\":\"ListItem\",\"position\":4,\"name\":\"Alldis-Nerius\"}]},{\"@type\":\"WebSite\",\"@id\":\"https:\/\/www.hydrogen-refueling-solutions.fr\/#website\",\"url\":\"https:\/\/www.hydrogen-refueling-solutions.fr\/\",\"name\":\"Stations Hydrog\u00e8ne : HRS fabricant fran\u00e7ais de stations de ravitaillement\",\"description\":\"Hydrogen Refueling Solutions -HRS- premi\u00e8re entreprise fran\u00e7aise fabricante de station hydrog\u00e8ne grande capacit\u00e9 en s\u00e9rie. 14 \u00e0 80kg d&#039;hydrog\u00e8ne d\u00e9livr\u00e9s\/heure\",\"publisher\":{\"@id\":\"https:\/\/www.hydrogen-refueling-solutions.fr\/#organization\"},\"potentialAction\":[{\"@type\":\"SearchAction\",\"target\":{\"@type\":\"EntryPoint\",\"urlTemplate\":\"https:\/\/www.hydrogen-refueling-solutions.fr\/?s={search_term_string}\"},\"query-input\":{\"@type\":\"PropertyValueSpecification\",\"valueRequired\":true,\"valueName\":\"search_term_string\"}}],\"inLanguage\":\"fr-FR\"},{\"@type\":\"Organization\",\"@id\":\"https:\/\/www.hydrogen-refueling-solutions.fr\/#organization\",\"name\":\"Hydrogen Refueling Solutions\",\"alternateName\":\"HRS\",\"url\":\"https:\/\/www.hydrogen-refueling-solutions.fr\/\",\"logo\":{\"@type\":\"ImageObject\",\"inLanguage\":\"fr-FR\",\"@id\":\"https:\/\/www.hydrogen-refueling-solutions.fr\/#\/schema\/logo\/image\/\",\"url\":\"https:\/\/www.hydrogen-refueling-solutions.fr\/wp-content\/uploads\/logo-hrs-4.png\",\"contentUrl\":\"https:\/\/www.hydrogen-refueling-solutions.fr\/wp-content\/uploads\/logo-hrs-4.png\",\"width\":512,\"height\":359,\"caption\":\"Hydrogen Refueling Solutions\"},\"image\":{\"@id\":\"https:\/\/www.hydrogen-refueling-solutions.fr\/#\/schema\/logo\/image\/\"},\"sameAs\":[\"https:\/\/x.com\/hrs_hydrogen\",\"https:\/\/www.linkedin.com\/company\/hydrogen-refueling-solutions\/\"]}]}<\/script>\n<!-- \/ Yoast SEO plugin. -->","yoast_head_json":{"title":"Alldis-Nerius | Client HRS","description":"Alldis-Nerius, filiale de Nerius Invest, a rejoint d\u00e9but 2024 le Projet Hyguane, dont l\u2019objectif est de verdir l\u2019hydrog\u00e8ne gris du Centre Spatial Guyanais.","robots":{"index":"index","follow":"follow","max-snippet":"max-snippet:-1","max-image-preview":"max-image-preview:large","max-video-preview":"max-video-preview:-1"},"canonical":"https:\/\/www.hydrogen-refueling-solutions.fr\/fr\/references\/clients\/alldis-nerius\/","og_locale":"fr_FR","og_type":"article","og_title":"Alldis-Nerius | Client HRS","og_description":"Alldis-Nerius, filiale de Nerius Invest, a rejoint d\u00e9but 2024 le Projet Hyguane, dont l\u2019objectif est de verdir l\u2019hydrog\u00e8ne gris du Centre Spatial Guyanais.","og_url":"https:\/\/www.hydrogen-refueling-solutions.fr\/fr\/references\/clients\/alldis-nerius\/","og_site_name":"Stations Hydrog\u00e8ne : HRS fabricant fran\u00e7ais de stations de ravitaillement","article_modified_time":"2025-02-18T09:18:49+00:00","og_image":[{"width":327,"height":168,"url":"https:\/\/www.hydrogen-refueling-solutions.fr\/wp-content\/uploads\/Nerius-Invest.jpg","type":"image\/jpeg"}],"twitter_card":"summary_large_image","twitter_site":"@hrs_hydrogen","twitter_misc":{"Dur\u00e9e de lecture estim\u00e9e":"3 minutes"},"schema":{"@context":"https:\/\/schema.org","@graph":[{"@type":"WebPage","@id":"https:\/\/www.hydrogen-refueling-solutions.fr\/references\/clients\/alldis-nerius\/","url":"https:\/\/www.hydrogen-refueling-solutions.fr\/references\/clients\/alldis-nerius\/","name":"Alldis-Nerius | Client HRS","isPartOf":{"@id":"https:\/\/www.hydrogen-refueling-solutions.fr\/#website"},"datePublished":"2025-02-18T08:23:43+00:00","dateModified":"2025-02-18T09:18:49+00:00","description":"Alldis-Nerius, filiale de Nerius Invest, a rejoint d\u00e9but 2024 le Projet Hyguane, dont l\u2019objectif est de verdir l\u2019hydrog\u00e8ne gris du Centre Spatial Guyanais.","breadcrumb":{"@id":"https:\/\/www.hydrogen-refueling-solutions.fr\/references\/clients\/alldis-nerius\/#breadcrumb"},"inLanguage":"fr-FR","potentialAction":[{"@type":"ReadAction","target":["https:\/\/www.hydrogen-refueling-solutions.fr\/references\/clients\/alldis-nerius\/"]}]},{"@type":"BreadcrumbList","@id":"https:\/\/www.hydrogen-refueling-solutions.fr\/references\/clients\/alldis-nerius\/#breadcrumb","itemListElement":[{"@type":"ListItem","position":1,"name":"HRS","item":"https:\/\/www.hydrogen-refueling-solutions.fr\/"},{"@type":"ListItem","position":2,"name":"Nos r\u00e9f\u00e9rences","item":"https:\/\/www.hydrogen-refueling-solutions.fr\/references\/"},{"@type":"ListItem","position":3,"name":"Nos clients","item":"https:\/\/www.hydrogen-refueling-solutions.fr\/references\/clients\/"},{"@type":"ListItem","position":4,"name":"Alldis-Nerius"}]},{"@type":"WebSite","@id":"https:\/\/www.hydrogen-refueling-solutions.fr\/#website","url":"https:\/\/www.hydrogen-refueling-solutions.fr\/","name":"Stations Hydrog\u00e8ne : HRS fabricant fran\u00e7ais de stations de ravitaillement","description":"Hydrogen Refueling Solutions -HRS- premi\u00e8re entreprise fran\u00e7aise fabricante de station hydrog\u00e8ne grande capacit\u00e9 en s\u00e9rie. 14 \u00e0 80kg d&#039;hydrog\u00e8ne d\u00e9livr\u00e9s\/heure","publisher":{"@id":"https:\/\/www.hydrogen-refueling-solutions.fr\/#organization"},"potentialAction":[{"@type":"SearchAction","target":{"@type":"EntryPoint","urlTemplate":"https:\/\/www.hydrogen-refueling-solutions.fr\/?s={search_term_string}"},"query-input":{"@type":"PropertyValueSpecification","valueRequired":true,"valueName":"search_term_string"}}],"inLanguage":"fr-FR"},{"@type":"Organization","@id":"https:\/\/www.hydrogen-refueling-solutions.fr\/#organization","name":"Hydrogen Refueling Solutions","alternateName":"HRS","url":"https:\/\/www.hydrogen-refueling-solutions.fr\/","logo":{"@type":"ImageObject","inLanguage":"fr-FR","@id":"https:\/\/www.hydrogen-refueling-solutions.fr\/#\/schema\/logo\/image\/","url":"https:\/\/www.hydrogen-refueling-solutions.fr\/wp-content\/uploads\/logo-hrs-4.png","contentUrl":"https:\/\/www.hydrogen-refueling-solutions.fr\/wp-content\/uploads\/logo-hrs-4.png","width":512,"height":359,"caption":"Hydrogen Refueling Solutions"},"image":{"@id":"https:\/\/www.hydrogen-refueling-solutions.fr\/#\/schema\/logo\/image\/"},"sameAs":["https:\/\/x.com\/hrs_hydrogen","https:\/\/www.linkedin.com\/company\/hydrogen-refueling-solutions\/"]}]}},"_links":{"self":[{"href":"http:\/\/www.hydrogen-refueling-solutions.fr\/fr\/wp-json\/wp\/v2\/pages\/14954","targetHints":{"allow":["GET"]}}],"collection":[{"href":"http:\/\/www.hydrogen-refueling-solutions.fr\/fr\/wp-json\/wp\/v2\/pages"}],"about":[{"href":"http:\/\/www.hydrogen-refueling-solutions.fr\/fr\/wp-json\/wp\/v2\/types\/page"}],"author":[{"embeddable":true,"href":"http:\/\/www.hydrogen-refueling-solutions.fr\/fr\/wp-json\/wp\/v2\/users\/9"}],"replies":[{"embeddable":true,"href":"http:\/\/www.hydrogen-refueling-solutions.fr\/fr\/wp-json\/wp\/v2\/comments?post=14954"}],"version-history":[{"count":25,"href":"http:\/\/www.hydrogen-refueling-solutions.fr\/fr\/wp-json\/wp\/v2\/pages\/14954\/revisions"}],"predecessor-version":[{"id":15079,"href":"http:\/\/www.hydrogen-refueling-solutions.fr\/fr\/wp-json\/wp\/v2\/pages\/14954\/revisions\/15079"}],"up":[{"embeddable":true,"href":"http:\/\/www.hydrogen-refueling-solutions.fr\/fr\/wp-json\/wp\/v2\/pages\/401"}],"wp:attachment":[{"href":"http:\/\/www.hydrogen-refueling-solutions.fr\/fr\/wp-json\/wp\/v2\/media?parent=14954"}],"curies":[{"name":"wp","href":"https:\/\/api.w.org\/{rel}","templated":true}]}}