{"id":12976,"date":"2024-10-01T10:52:14","date_gmt":"2024-10-01T08:52:14","guid":{"rendered":"https:\/\/www.hydrogen-refueling-solutions.fr\/?page_id=12976"},"modified":"2025-09-18T12:24:40","modified_gmt":"2025-09-18T10:24:40","slug":"element-2","status":"publish","type":"page","link":"http:\/\/www.hydrogen-refueling-solutions.fr\/fr\/references\/clients\/element-2\/","title":{"rendered":"Element 2"},"content":{"rendered":"\t\t<div data-elementor-type=\"wp-page\" data-elementor-id=\"12976\" class=\"elementor elementor-12976\" data-elementor-post-type=\"page\">\n\t\t\t\t<section class=\"elementor-element elementor-element-80723be e-flex e-con-boxed elementor-invisible e-con e-parent\" data-id=\"80723be\" data-element_type=\"container\" data-settings=\"{&quot;animation&quot;:&quot;fadeIn&quot;}\">\n\t\t\t\t\t<div class=\"e-con-inner\">\n\t\t<div class=\"elementor-element elementor-element-26c0029 e-con-full e-flex e-con e-child\" data-id=\"26c0029\" data-element_type=\"container\">\n\t\t\t\t<div class=\"elementor-element elementor-element-3a9767b elementor-widget elementor-widget-heading\" data-id=\"3a9767b\" data-element_type=\"widget\" data-widget_type=\"heading.default\">\n\t\t\t\t<div class=\"elementor-widget-container\">\n\t\t\t\t\t<h2 class=\"elementor-heading-title elementor-size-default\">Element 2 et HRS acc\u00e9l\u00e8rent le d\u00e9veloppement de la mobilit\u00e9 hydrog\u00e8ne au Royaume-Uni<\/h2>\t\t\t\t<\/div>\n\t\t\t\t<\/div>\n\t\t\t\t<div class=\"elementor-element elementor-element-570edd0 elementor-widget-divider--view-line elementor-widget elementor-widget-divider\" data-id=\"570edd0\" data-element_type=\"widget\" data-widget_type=\"divider.default\">\n\t\t\t\t<div class=\"elementor-widget-container\">\n\t\t\t\t\t\t\t<div class=\"elementor-divider\">\n\t\t\t<span class=\"elementor-divider-separator\">\n\t\t\t\t\t\t<\/span>\n\t\t<\/div>\n\t\t\t\t\t\t<\/div>\n\t\t\t\t<\/div>\n\t\t\t\t<div class=\"elementor-element elementor-element-669ca4e elementor-widget elementor-widget-text-editor\" data-id=\"669ca4e\" data-element_type=\"widget\" data-widget_type=\"text-editor.default\">\n\t\t\t\t<div class=\"elementor-widget-container\">\n\t\t\t\t\t\t\t\t\t<p><a href=\"https:\/\/element-2.co.uk\/element-2-4-1m-pioneering-hydrogen-hub-at-teesside-airport-set-to-save-240000-tonnes-of-co2-annually\/\">Dans le cadre de la r\u00e9alisation du centre pionnier de l&rsquo;hydrog\u00e8ne \u00e0 l&rsquo;a\u00e9roport de Teesside (Darlington, Royaume-Uni),<\/a> HRS fournit une station de ravitaillement hydrog\u00e8ne \u00e0 la soci\u00e9t\u00e9 Element 2.<\/p><p>Le projet pr\u00e9voit le ravitaillement de camionnettes commerciales, de voitures et de v\u00e9hicules de soutien a\u00e9roportuaire. Cette initiative enrichira l&rsquo;infrastructure de ravitaillement de la r\u00e9gion avec un approvisionnement en <strong>hydrog\u00e8ne vert<\/strong>, visant une <strong>\u00e9conomie annuelle substantielle de 240 000 tonnes d&rsquo;\u00e9missions de CO2.<\/strong><\/p><p>Dans la continuit\u00e9 de cette premi\u00e8re collaboration, <a href=\"https:\/\/www.hydrogen-refueling-solutions.fr\/fr\/investisseurs\/communiques-de-presse\/?ID=ACTUS-0-93297&amp;CLIENT=ACTUS-0-481\">Element 2 renouvelle sa confiance envers HRS en commandant une station hydrog\u00e8ne mobile HRS14 bi-pression destin\u00e9e \u00e0 la r\u00e9gion de Glasgow, en \u00c9cosse<\/a>. Cette solution, con\u00e7ue pour \u00eatre facilement transportable, pourra \u00eatre install\u00e9e sur un nouveau site en seulement dix jours. <strong>Il s\u2019agit de la premi\u00e8re station d&rsquo;Ecosse d\u00e9di\u00e9e \u00e0 la mobilit\u00e9 lourde.<\/strong><\/p><p>Ces r\u00e9alisations s\u2019inscrivent dans l\u2019ambition d\u2019Element 2 de d\u00e9velopper un r\u00e9seau de 50 stations hydrog\u00e8ne sur le territoire britannique d\u2019ici cinq ans, et illustrerait la convergence des engagements des deux partenaires en faveur de la <strong>d\u00e9carbonation des mobilit\u00e9s<\/strong>.<\/p>\t\t\t\t\t\t\t\t<\/div>\n\t\t\t\t<\/div>\n\t\t\t\t<div class=\"elementor-element elementor-element-d273d02 elementor-widget elementor-widget-text-editor\" data-id=\"d273d02\" data-element_type=\"widget\" data-widget_type=\"text-editor.default\">\n\t\t\t\t<div class=\"elementor-widget-container\">\n\t\t\t\t\t\t\t\t\t<p>Pour en savoir plus, consultez nos communiqu\u00e9s de presse :<\/p><ul><li><strong>30\/09\/2024 : <\/strong>HRS et Element 2 unissent leurs forces pour acc\u00e9l\u00e9rer le d\u00e9veloppement de la mobilit\u00e9 hydrog\u00e8ne au Royaume-Uni<br \/><a href=\"https:\/\/www.hydrogen-refueling-solutions.fr\/fr\/investisseurs\/communiques-de-presse\/?ID=ACTUS-0-88008&amp;CLIENT=ACTUS-0-481\">Lire le communiqu\u00e9 de presse<\/a><\/li><li><strong>28\/07\/2025\u00a0: <\/strong>Element 2 renouvelle sa confiance \u00e0 HRS en signant une lettre d&rsquo;intention pour une station hydrog\u00e8ne mobile en \u00e9cosse.<br \/><a href=\"https:\/\/www.hydrogen-refueling-solutions.fr\/fr\/investisseurs\/communiques-de-presse\/?ID=ACTUS-0-93297&amp;CLIENT=ACTUS-0-445\">Lire le communiqu\u00e9 de presse<\/a><\/li><li><strong>28\/07\/2025\u00a0: <\/strong>HRS a re\u00e7u la confirmation d&rsquo;Element 2 pour la commande d&rsquo;une station hydrog\u00e8ne HRS14 en \u00c9cosse.<br \/><a href=\"https:\/\/www.hydrogen-refueling-solutions.fr\/fr\/investisseurs\/communiques-de-presse\/?ID=ACTUS-0-94017&amp;CLIENT=ACTUS-0-445\">Lire le communiqu\u00e9 de presse<\/a><\/li><\/ul>\t\t\t\t\t\t\t\t<\/div>\n\t\t\t\t<\/div>\n\t\t\t\t<div class=\"elementor-element elementor-element-b36bd2d elementor-widget elementor-widget-heading\" data-id=\"b36bd2d\" data-element_type=\"widget\" data-widget_type=\"heading.default\">\n\t\t\t\t<div class=\"elementor-widget-container\">\n\t\t\t\t\t<h2 class=\"elementor-heading-title elementor-size-default\">A propos de Element 2<\/h2>\t\t\t\t<\/div>\n\t\t\t\t<\/div>\n\t\t\t\t<div class=\"elementor-element elementor-element-3bcdbd4 elementor-widget elementor-widget-text-editor\" data-id=\"3bcdbd4\" data-element_type=\"widget\" data-widget_type=\"text-editor.default\">\n\t\t\t\t<div class=\"elementor-widget-container\">\n\t\t\t\t\t\t\t\t\t<p>Element 2 est <strong>l&rsquo;entreprise leader au Royaume-Uni dans le domaine des infrastructures et des solutions de stations de ravitaillement en hydrog\u00e8ne<\/strong>, ax\u00e9e sur le secteur des transports.<\/p><p>L&rsquo;entreprise entend d\u00e9velopper un r\u00e9seau de stations \u00e0 travers le Royaume-Uni et l&rsquo;Irlande pour r\u00e9duire d&rsquo;un demi-million de tonnes les \u00e9missions de CO2 chaque ann\u00e9e d&rsquo;ici 2026.<\/p><p><em>Source : Element 2<br \/><\/em><\/p>\t\t\t\t\t\t\t\t<\/div>\n\t\t\t\t<\/div>\n\t\t\t\t<div class=\"elementor-element elementor-element-baf9632 elementor-widget elementor-widget-heading\" data-id=\"baf9632\" data-element_type=\"widget\" data-widget_type=\"heading.default\">\n\t\t\t\t<div class=\"elementor-widget-container\">\n\t\t\t\t\t<h2 class=\"elementor-heading-title elementor-size-default\">Vu sur Linkedin<\/h2>\t\t\t\t<\/div>\n\t\t\t\t<\/div>\n\t\t\t\t<div class=\"elementor-element elementor-element-1f81dc5 elementor-widget-divider--view-line elementor-widget elementor-widget-divider\" data-id=\"1f81dc5\" data-element_type=\"widget\" data-widget_type=\"divider.default\">\n\t\t\t\t<div class=\"elementor-widget-container\">\n\t\t\t\t\t\t\t<div class=\"elementor-divider\">\n\t\t\t<span class=\"elementor-divider-separator\">\n\t\t\t\t\t\t<\/span>\n\t\t<\/div>\n\t\t\t\t\t\t<\/div>\n\t\t\t\t<\/div>\n\t\t\t\t<div class=\"elementor-element elementor-element-a2bc348 elementor-widget elementor-widget-text-editor\" data-id=\"a2bc348\" data-element_type=\"widget\" data-widget_type=\"text-editor.default\">\n\t\t\t\t<div class=\"elementor-widget-container\">\n\t\t\t\t\t\t\t\t\t<ul><li><span class=\"break-words tvm-parent-container\"><span dir=\"ltr\"><a href=\"https:\/\/www.linkedin.com\/posts\/hydrogen-refueling-solutions_hrs14-hrs-hrs14-activity-7246879765972811776-R8Fe?utm_source=share&amp;utm_medium=member_desktop\">HRS et Element 2 s&rsquo;unissent pour acc\u00e9l\u00e9rer le d\u00e9veloppement de la mobilit\u00e9 hydrog\u00e8ne au Royaume-Uni (\ud83c\uddec\ud83c\udde7) avec la signature d&rsquo;une nouvelle commande !<\/a><br \/><\/span><\/span><\/li><li><a href=\"https:\/\/www.linkedin.com\/posts\/hydrogen-refueling-solutions_mobilitaezhydrogaeyne-stationhydrogaeyne-activity-7355848060599508992-jLwK?utm_source=share&amp;utm_medium=member_desktop&amp;rcm=ACoAAELWR-4BD_D9xcnr2HuN0zQLMw2AG3Gsrg8\">Element 2 x HRS pour le d\u00e9ploiement de la mobilit\u00e9 hydrog\u00e8ne en \u00c9cosse<\/a><\/li><li><span class=\"break-words\n          tvm-parent-container\"> <span dir=\"ltr\"><a href=\"https:\/\/www.linkedin.com\/posts\/hydrogen-refueling-solutions_element-2-x-hrs-stations-hydrog%C3%A8ne-pour-activity-7373973755603206144-ZVBI?utm_source=share&amp;utm_medium=member_desktop&amp;rcm=ACoAAA_Wl4sB7c-ZS3eaKYSDLMesO3stnC3xNkg\">Element 2 x HRS : 2 news \u00e0 ne pas manquer !<\/a><br \/><\/span><\/span><\/li><\/ul>\t\t\t\t\t\t\t\t<\/div>\n\t\t\t\t<\/div>\n\t\t\t\t<div class=\"elementor-element elementor-element-02dfd07 elementor-tablet-align-center elementor-widget elementor-widget-button\" data-id=\"02dfd07\" data-element_type=\"widget\" data-widget_type=\"button.default\">\n\t\t\t\t<div class=\"elementor-widget-container\">\n\t\t\t\t\t\t\t\t\t<div class=\"elementor-button-wrapper\">\n\t\t\t\t\t<a class=\"elementor-button elementor-button-link elementor-size-sm\" href=\"https:\/\/www.linkedin.com\/company\/hydrogen-refueling-solutions\" target=\"_blank\">\n\t\t\t\t\t\t<span class=\"elementor-button-content-wrapper\">\n\t\t\t\t\t\t<span class=\"elementor-button-icon\">\n\t\t\t\t<svg aria-hidden=\"true\" class=\"e-font-icon-svg e-fab-linkedin\" viewBox=\"0 0 448 512\" xmlns=\"http:\/\/www.w3.org\/2000\/svg\"><path d=\"M416 32H31.9C14.3 32 0 46.5 0 64.3v383.4C0 465.5 14.3 480 31.9 480H416c17.6 0 32-14.5 32-32.3V64.3c0-17.8-14.4-32.3-32-32.3zM135.4 416H69V202.2h66.5V416zm-33.2-243c-21.3 0-38.5-17.3-38.5-38.5S80.9 96 102.2 96c21.2 0 38.5 17.3 38.5 38.5 0 21.3-17.2 38.5-38.5 38.5zm282.1 243h-66.4V312c0-24.8-.5-56.7-34.5-56.7-34.6 0-39.9 27-39.9 54.9V416h-66.4V202.2h63.7v29.2h.9c8.9-16.8 30.6-34.5 62.9-34.5 67.2 0 79.7 44.3 79.7 101.9V416z\"><\/path><\/svg>\t\t\t<\/span>\n\t\t\t\t\t\t\t\t\t<span class=\"elementor-button-text\">Nous suivre sur linkedin<\/span>\n\t\t\t\t\t<\/span>\n\t\t\t\t\t<\/a>\n\t\t\t\t<\/div>\n\t\t\t\t\t\t\t\t<\/div>\n\t\t\t\t<\/div>\n\t\t\t\t<div class=\"elementor-element elementor-element-ee208e3 elementor-widget-divider--view-line elementor-widget elementor-widget-divider\" data-id=\"ee208e3\" data-element_type=\"widget\" data-widget_type=\"divider.default\">\n\t\t\t\t<div class=\"elementor-widget-container\">\n\t\t\t\t\t\t\t<div class=\"elementor-divider\">\n\t\t\t<span class=\"elementor-divider-separator\">\n\t\t\t\t\t\t<\/span>\n\t\t<\/div>\n\t\t\t\t\t\t<\/div>\n\t\t\t\t<\/div>\n\t\t\t\t<\/div>\n\t\t<div class=\"elementor-element elementor-element-48caec4 e-con-full e-flex e-con e-child\" data-id=\"48caec4\" data-element_type=\"container\" data-settings=\"{&quot;background_background&quot;:&quot;classic&quot;}\">\n\t\t\t\t<\/div>\n\t\t\t\t\t<\/div>\n\t\t\t\t<\/section>\n\t\t<div class=\"elementor-element elementor-element-9327001 e-flex e-con-boxed e-con e-parent\" data-id=\"9327001\" data-element_type=\"container\">\n\t\t\t\t\t<div class=\"e-con-inner\">\n\t\t\t\t<div class=\"elementor-element elementor-element-89729df elementor-widget elementor-widget-spacer\" data-id=\"89729df\" data-element_type=\"widget\" data-widget_type=\"spacer.default\">\n\t\t\t\t<div class=\"elementor-widget-container\">\n\t\t\t\t\t\t\t<div class=\"elementor-spacer\">\n\t\t\t<div class=\"elementor-spacer-inner\"><\/div>\n\t\t<\/div>\n\t\t\t\t\t\t<\/div>\n\t\t\t\t<\/div>\n\t\t\t\t<div class=\"elementor-element elementor-element-da6dd21 elementor-blockquote--skin-boxed elementor-blockquote--button-color-official elementor-widget elementor-widget-blockquote\" data-id=\"da6dd21\" data-element_type=\"widget\" data-widget_type=\"blockquote.default\">\n\t\t\t\t<div class=\"elementor-widget-container\">\n\t\t\t\t\t\t\t<blockquote class=\"elementor-blockquote\">\n\t\t\t<p class=\"elementor-blockquote__content\">\n\t\t\t\t\"Element 2 est en train de d\u00e9ployer le premier r\u00e9seau national \u00e0 grande \u00e9chelle de stations de ravitaillement en hydrog\u00e8ne, fiables, s\u00fbres et de haute qualit\u00e9, ainsi qu'une infrastructure de distribution \u00e0 travers le Royaume-Uni. La nouvelle g\u00e9n\u00e9ration de stations HRS va nous aider \u00e0 concr\u00e9tiser cet objectif. Nous sommes ravis de collaborer avec HRS \u00e0 l'a\u00e9roport international de Teesside avec notre premi\u00e8re commande de station HRS au Royaume-Uni, et nous avons h\u00e2te de travailler ensemble pour acc\u00e9l\u00e9rer la d\u00e9carbonation du secteur des transports au Royaume-Uni, o\u00f9 la demande est d\u00e9j\u00e0 tr\u00e8s forte.\"\t\t\t<\/p>\n\t\t\t\t\t\t\t<div class=\"e-q-footer\">\n\t\t\t\t\t\t\t\t\t\t\t<cite class=\"elementor-blockquote__author\">Tim Harper, fondateur et PDG d'Element 2<\/cite>\n\t\t\t\t\t\t\t\t\t\t\t\t\t\t<\/div>\n\t\t\t\t\t<\/blockquote>\n\t\t\t\t\t\t<\/div>\n\t\t\t\t<\/div>\n\t\t\t\t<div class=\"elementor-element elementor-element-46d9d30 elementor-tablet-align-center elementor-align-center elementor-widget elementor-widget-button\" data-id=\"46d9d30\" data-element_type=\"widget\" data-widget_type=\"button.default\">\n\t\t\t\t<div class=\"elementor-widget-container\">\n\t\t\t\t\t\t\t\t\t<div class=\"elementor-button-wrapper\">\n\t\t\t\t\t<a class=\"elementor-button elementor-button-link elementor-size-sm\" href=\"http:\/\/www.hydrogen-refueling-solutions.fr\/fr\/references\/clients\/\">\n\t\t\t\t\t\t<span class=\"elementor-button-content-wrapper\">\n\t\t\t\t\t\t\t\t\t<span class=\"elementor-button-text\">Voir tous nos clients<\/span>\n\t\t\t\t\t<\/span>\n\t\t\t\t\t<\/a>\n\t\t\t\t<\/div>\n\t\t\t\t\t\t\t\t<\/div>\n\t\t\t\t<\/div>\n\t\t\t\t<div class=\"elementor-element elementor-element-22fadec elementor-widget elementor-widget-spacer\" data-id=\"22fadec\" data-element_type=\"widget\" data-widget_type=\"spacer.default\">\n\t\t\t\t<div class=\"elementor-widget-container\">\n\t\t\t\t\t\t\t<div class=\"elementor-spacer\">\n\t\t\t<div class=\"elementor-spacer-inner\"><\/div>\n\t\t<\/div>\n\t\t\t\t\t\t<\/div>\n\t\t\t\t<\/div>\n\t\t\t\t\t<\/div>\n\t\t\t\t<\/div>\n\t\t\t\t<\/div>\n\t\t","protected":false},"excerpt":{"rendered":"<p>Element 2 et HRS acc\u00e9l\u00e8rent le d\u00e9veloppement de la mobilit\u00e9 hydrog\u00e8ne au Royaume-Uni Dans le cadre de la r\u00e9alisation du centre pionnier de l&rsquo;hydrog\u00e8ne \u00e0 l&rsquo;a\u00e9roport de Teesside (Darlington, Royaume-Uni), HRS fournit une station de ravitaillement hydrog\u00e8ne \u00e0 la soci\u00e9t\u00e9 Element 2. Le projet pr\u00e9voit le ravitaillement de camionnettes commerciales, de voitures et de v\u00e9hicules [&hellip;]<\/p>\n","protected":false},"author":3,"featured_media":12972,"parent":401,"menu_order":0,"comment_status":"closed","ping_status":"closed","template":"","meta":{"footnotes":""},"class_list":["post-12976","page","type-page","status-publish","has-post-thumbnail","hentry"],"acf":[],"yoast_head":"<!-- This site is optimized with the Yoast SEO plugin v24.9 - https:\/\/yoast.com\/wordpress\/plugins\/seo\/ -->\n<title>Element 2 | Client HRS<\/title>\n<meta name=\"description\" content=\"Le Groupe SEVEN est sp\u00e9cialis\u00e9 dans le domaine des carburants renouvelables, et plus sp\u00e9cifiquement, BioH2 (hydrog\u00e8ne vert)\" \/>\n<meta name=\"robots\" content=\"index, follow, max-snippet:-1, max-image-preview:large, max-video-preview:-1\" \/>\n<link rel=\"canonical\" href=\"https:\/\/www.hydrogen-refueling-solutions.fr\/fr\/references\/clients\/element-2\/\" \/>\n<meta property=\"og:locale\" content=\"fr_FR\" \/>\n<meta property=\"og:type\" content=\"article\" \/>\n<meta property=\"og:title\" content=\"Element 2 | Client HRS\" \/>\n<meta property=\"og:description\" content=\"Le Groupe SEVEN est sp\u00e9cialis\u00e9 dans le domaine des carburants renouvelables, et plus sp\u00e9cifiquement, BioH2 (hydrog\u00e8ne vert)\" \/>\n<meta property=\"og:url\" content=\"https:\/\/www.hydrogen-refueling-solutions.fr\/fr\/references\/clients\/element-2\/\" \/>\n<meta property=\"og:site_name\" content=\"Stations Hydrog\u00e8ne : HRS fabricant fran\u00e7ais de stations de ravitaillement\" \/>\n<meta property=\"article:modified_time\" content=\"2025-09-18T10:24:40+00:00\" \/>\n<meta property=\"og:image\" content=\"https:\/\/www.hydrogen-refueling-solutions.fr\/wp-content\/uploads\/Element2_logo.png\" \/>\n\t<meta property=\"og:image:width\" content=\"283\" \/>\n\t<meta property=\"og:image:height\" content=\"34\" \/>\n\t<meta property=\"og:image:type\" content=\"image\/png\" \/>\n<meta name=\"twitter:card\" content=\"summary_large_image\" \/>\n<meta name=\"twitter:site\" content=\"@hrs_hydrogen\" \/>\n<meta name=\"twitter:label1\" content=\"Dur\u00e9e de lecture estim\u00e9e\" \/>\n\t<meta name=\"twitter:data1\" content=\"3 minutes\" \/>\n<script type=\"application\/ld+json\" class=\"yoast-schema-graph\">{\"@context\":\"https:\/\/schema.org\",\"@graph\":[{\"@type\":\"WebPage\",\"@id\":\"https:\/\/www.hydrogen-refueling-solutions.fr\/references\/clients\/element-2\/\",\"url\":\"https:\/\/www.hydrogen-refueling-solutions.fr\/references\/clients\/element-2\/\",\"name\":\"Element 2 | Client HRS\",\"isPartOf\":{\"@id\":\"https:\/\/www.hydrogen-refueling-solutions.fr\/#website\"},\"primaryImageOfPage\":{\"@id\":\"https:\/\/www.hydrogen-refueling-solutions.fr\/references\/clients\/element-2\/#primaryimage\"},\"image\":{\"@id\":\"https:\/\/www.hydrogen-refueling-solutions.fr\/references\/clients\/element-2\/#primaryimage\"},\"thumbnailUrl\":\"https:\/\/www.hydrogen-refueling-solutions.fr\/wp-content\/uploads\/Element2_logo.png\",\"datePublished\":\"2024-10-01T08:52:14+00:00\",\"dateModified\":\"2025-09-18T10:24:40+00:00\",\"description\":\"Le Groupe SEVEN est sp\u00e9cialis\u00e9 dans le domaine des carburants renouvelables, et plus sp\u00e9cifiquement, BioH2 (hydrog\u00e8ne vert)\",\"breadcrumb\":{\"@id\":\"https:\/\/www.hydrogen-refueling-solutions.fr\/references\/clients\/element-2\/#breadcrumb\"},\"inLanguage\":\"fr-FR\",\"potentialAction\":[{\"@type\":\"ReadAction\",\"target\":[\"https:\/\/www.hydrogen-refueling-solutions.fr\/references\/clients\/element-2\/\"]}]},{\"@type\":\"ImageObject\",\"inLanguage\":\"fr-FR\",\"@id\":\"https:\/\/www.hydrogen-refueling-solutions.fr\/references\/clients\/element-2\/#primaryimage\",\"url\":\"https:\/\/www.hydrogen-refueling-solutions.fr\/wp-content\/uploads\/Element2_logo.png\",\"contentUrl\":\"https:\/\/www.hydrogen-refueling-solutions.fr\/wp-content\/uploads\/Element2_logo.png\",\"width\":283,\"height\":34},{\"@type\":\"BreadcrumbList\",\"@id\":\"https:\/\/www.hydrogen-refueling-solutions.fr\/references\/clients\/element-2\/#breadcrumb\",\"itemListElement\":[{\"@type\":\"ListItem\",\"position\":1,\"name\":\"HRS\",\"item\":\"https:\/\/www.hydrogen-refueling-solutions.fr\/\"},{\"@type\":\"ListItem\",\"position\":2,\"name\":\"Nos r\u00e9f\u00e9rences\",\"item\":\"https:\/\/www.hydrogen-refueling-solutions.fr\/references\/\"},{\"@type\":\"ListItem\",\"position\":3,\"name\":\"Nos clients\",\"item\":\"https:\/\/www.hydrogen-refueling-solutions.fr\/references\/clients\/\"},{\"@type\":\"ListItem\",\"position\":4,\"name\":\"Element 2\"}]},{\"@type\":\"WebSite\",\"@id\":\"https:\/\/www.hydrogen-refueling-solutions.fr\/#website\",\"url\":\"https:\/\/www.hydrogen-refueling-solutions.fr\/\",\"name\":\"Stations Hydrog\u00e8ne : HRS fabricant fran\u00e7ais de stations de ravitaillement\",\"description\":\"Hydrogen Refueling Solutions -HRS- premi\u00e8re entreprise fran\u00e7aise fabricante de station hydrog\u00e8ne grande capacit\u00e9 en s\u00e9rie. 14 \u00e0 80kg d&#039;hydrog\u00e8ne d\u00e9livr\u00e9s\/heure\",\"publisher\":{\"@id\":\"https:\/\/www.hydrogen-refueling-solutions.fr\/#organization\"},\"potentialAction\":[{\"@type\":\"SearchAction\",\"target\":{\"@type\":\"EntryPoint\",\"urlTemplate\":\"https:\/\/www.hydrogen-refueling-solutions.fr\/?s={search_term_string}\"},\"query-input\":{\"@type\":\"PropertyValueSpecification\",\"valueRequired\":true,\"valueName\":\"search_term_string\"}}],\"inLanguage\":\"fr-FR\"},{\"@type\":\"Organization\",\"@id\":\"https:\/\/www.hydrogen-refueling-solutions.fr\/#organization\",\"name\":\"Hydrogen Refueling Solutions\",\"alternateName\":\"HRS\",\"url\":\"https:\/\/www.hydrogen-refueling-solutions.fr\/\",\"logo\":{\"@type\":\"ImageObject\",\"inLanguage\":\"fr-FR\",\"@id\":\"https:\/\/www.hydrogen-refueling-solutions.fr\/#\/schema\/logo\/image\/\",\"url\":\"https:\/\/www.hydrogen-refueling-solutions.fr\/wp-content\/uploads\/logo-hrs-4.png\",\"contentUrl\":\"https:\/\/www.hydrogen-refueling-solutions.fr\/wp-content\/uploads\/logo-hrs-4.png\",\"width\":512,\"height\":359,\"caption\":\"Hydrogen Refueling Solutions\"},\"image\":{\"@id\":\"https:\/\/www.hydrogen-refueling-solutions.fr\/#\/schema\/logo\/image\/\"},\"sameAs\":[\"https:\/\/x.com\/hrs_hydrogen\",\"https:\/\/www.linkedin.com\/company\/hydrogen-refueling-solutions\/\"]}]}<\/script>\n<!-- \/ Yoast SEO plugin. -->","yoast_head_json":{"title":"Element 2 | Client HRS","description":"Le Groupe SEVEN est sp\u00e9cialis\u00e9 dans le domaine des carburants renouvelables, et plus sp\u00e9cifiquement, BioH2 (hydrog\u00e8ne vert)","robots":{"index":"index","follow":"follow","max-snippet":"max-snippet:-1","max-image-preview":"max-image-preview:large","max-video-preview":"max-video-preview:-1"},"canonical":"https:\/\/www.hydrogen-refueling-solutions.fr\/fr\/references\/clients\/element-2\/","og_locale":"fr_FR","og_type":"article","og_title":"Element 2 | Client HRS","og_description":"Le Groupe SEVEN est sp\u00e9cialis\u00e9 dans le domaine des carburants renouvelables, et plus sp\u00e9cifiquement, BioH2 (hydrog\u00e8ne vert)","og_url":"https:\/\/www.hydrogen-refueling-solutions.fr\/fr\/references\/clients\/element-2\/","og_site_name":"Stations Hydrog\u00e8ne : HRS fabricant fran\u00e7ais de stations de ravitaillement","article_modified_time":"2025-09-18T10:24:40+00:00","og_image":[{"width":283,"height":34,"url":"https:\/\/www.hydrogen-refueling-solutions.fr\/wp-content\/uploads\/Element2_logo.png","type":"image\/png"}],"twitter_card":"summary_large_image","twitter_site":"@hrs_hydrogen","twitter_misc":{"Dur\u00e9e de lecture estim\u00e9e":"3 minutes"},"schema":{"@context":"https:\/\/schema.org","@graph":[{"@type":"WebPage","@id":"https:\/\/www.hydrogen-refueling-solutions.fr\/references\/clients\/element-2\/","url":"https:\/\/www.hydrogen-refueling-solutions.fr\/references\/clients\/element-2\/","name":"Element 2 | Client HRS","isPartOf":{"@id":"https:\/\/www.hydrogen-refueling-solutions.fr\/#website"},"primaryImageOfPage":{"@id":"https:\/\/www.hydrogen-refueling-solutions.fr\/references\/clients\/element-2\/#primaryimage"},"image":{"@id":"https:\/\/www.hydrogen-refueling-solutions.fr\/references\/clients\/element-2\/#primaryimage"},"thumbnailUrl":"https:\/\/www.hydrogen-refueling-solutions.fr\/wp-content\/uploads\/Element2_logo.png","datePublished":"2024-10-01T08:52:14+00:00","dateModified":"2025-09-18T10:24:40+00:00","description":"Le Groupe SEVEN est sp\u00e9cialis\u00e9 dans le domaine des carburants renouvelables, et plus sp\u00e9cifiquement, BioH2 (hydrog\u00e8ne vert)","breadcrumb":{"@id":"https:\/\/www.hydrogen-refueling-solutions.fr\/references\/clients\/element-2\/#breadcrumb"},"inLanguage":"fr-FR","potentialAction":[{"@type":"ReadAction","target":["https:\/\/www.hydrogen-refueling-solutions.fr\/references\/clients\/element-2\/"]}]},{"@type":"ImageObject","inLanguage":"fr-FR","@id":"https:\/\/www.hydrogen-refueling-solutions.fr\/references\/clients\/element-2\/#primaryimage","url":"https:\/\/www.hydrogen-refueling-solutions.fr\/wp-content\/uploads\/Element2_logo.png","contentUrl":"https:\/\/www.hydrogen-refueling-solutions.fr\/wp-content\/uploads\/Element2_logo.png","width":283,"height":34},{"@type":"BreadcrumbList","@id":"https:\/\/www.hydrogen-refueling-solutions.fr\/references\/clients\/element-2\/#breadcrumb","itemListElement":[{"@type":"ListItem","position":1,"name":"HRS","item":"https:\/\/www.hydrogen-refueling-solutions.fr\/"},{"@type":"ListItem","position":2,"name":"Nos r\u00e9f\u00e9rences","item":"https:\/\/www.hydrogen-refueling-solutions.fr\/references\/"},{"@type":"ListItem","position":3,"name":"Nos clients","item":"https:\/\/www.hydrogen-refueling-solutions.fr\/references\/clients\/"},{"@type":"ListItem","position":4,"name":"Element 2"}]},{"@type":"WebSite","@id":"https:\/\/www.hydrogen-refueling-solutions.fr\/#website","url":"https:\/\/www.hydrogen-refueling-solutions.fr\/","name":"Stations Hydrog\u00e8ne : HRS fabricant fran\u00e7ais de stations de ravitaillement","description":"Hydrogen Refueling Solutions -HRS- premi\u00e8re entreprise fran\u00e7aise fabricante de station hydrog\u00e8ne grande capacit\u00e9 en s\u00e9rie. 14 \u00e0 80kg d&#039;hydrog\u00e8ne d\u00e9livr\u00e9s\/heure","publisher":{"@id":"https:\/\/www.hydrogen-refueling-solutions.fr\/#organization"},"potentialAction":[{"@type":"SearchAction","target":{"@type":"EntryPoint","urlTemplate":"https:\/\/www.hydrogen-refueling-solutions.fr\/?s={search_term_string}"},"query-input":{"@type":"PropertyValueSpecification","valueRequired":true,"valueName":"search_term_string"}}],"inLanguage":"fr-FR"},{"@type":"Organization","@id":"https:\/\/www.hydrogen-refueling-solutions.fr\/#organization","name":"Hydrogen Refueling Solutions","alternateName":"HRS","url":"https:\/\/www.hydrogen-refueling-solutions.fr\/","logo":{"@type":"ImageObject","inLanguage":"fr-FR","@id":"https:\/\/www.hydrogen-refueling-solutions.fr\/#\/schema\/logo\/image\/","url":"https:\/\/www.hydrogen-refueling-solutions.fr\/wp-content\/uploads\/logo-hrs-4.png","contentUrl":"https:\/\/www.hydrogen-refueling-solutions.fr\/wp-content\/uploads\/logo-hrs-4.png","width":512,"height":359,"caption":"Hydrogen Refueling Solutions"},"image":{"@id":"https:\/\/www.hydrogen-refueling-solutions.fr\/#\/schema\/logo\/image\/"},"sameAs":["https:\/\/x.com\/hrs_hydrogen","https:\/\/www.linkedin.com\/company\/hydrogen-refueling-solutions\/"]}]}},"_links":{"self":[{"href":"http:\/\/www.hydrogen-refueling-solutions.fr\/fr\/wp-json\/wp\/v2\/pages\/12976","targetHints":{"allow":["GET"]}}],"collection":[{"href":"http:\/\/www.hydrogen-refueling-solutions.fr\/fr\/wp-json\/wp\/v2\/pages"}],"about":[{"href":"http:\/\/www.hydrogen-refueling-solutions.fr\/fr\/wp-json\/wp\/v2\/types\/page"}],"author":[{"embeddable":true,"href":"http:\/\/www.hydrogen-refueling-solutions.fr\/fr\/wp-json\/wp\/v2\/users\/3"}],"replies":[{"embeddable":true,"href":"http:\/\/www.hydrogen-refueling-solutions.fr\/fr\/wp-json\/wp\/v2\/comments?post=12976"}],"version-history":[{"count":21,"href":"http:\/\/www.hydrogen-refueling-solutions.fr\/fr\/wp-json\/wp\/v2\/pages\/12976\/revisions"}],"predecessor-version":[{"id":15930,"href":"http:\/\/www.hydrogen-refueling-solutions.fr\/fr\/wp-json\/wp\/v2\/pages\/12976\/revisions\/15930"}],"up":[{"embeddable":true,"href":"http:\/\/www.hydrogen-refueling-solutions.fr\/fr\/wp-json\/wp\/v2\/pages\/401"}],"wp:featuredmedia":[{"embeddable":true,"href":"http:\/\/www.hydrogen-refueling-solutions.fr\/fr\/wp-json\/wp\/v2\/media\/12972"}],"wp:attachment":[{"href":"http:\/\/www.hydrogen-refueling-solutions.fr\/fr\/wp-json\/wp\/v2\/media?parent=12976"}],"curies":[{"name":"wp","href":"https:\/\/api.w.org\/{rel}","templated":true}]}}