{"id":14954,"date":"2025-02-18T09:23:43","date_gmt":"2025-02-18T08:23:43","guid":{"rendered":"https:\/\/www.hydrogen-refueling-solutions.fr\/?page_id=14954"},"modified":"2025-02-18T10:18:49","modified_gmt":"2025-02-18T09:18:49","slug":"alldis-nerius","status":"publish","type":"page","link":"http:\/\/www.hydrogen-refueling-solutions.fr\/en\/references\/clients\/alldis-nerius\/","title":{"rendered":"Alldis-Nerius"},"content":{"rendered":"<div data-elementor-type=\"wp-page\" data-elementor-id=\"14954\" class=\"elementor elementor-14954\" data-elementor-post-type=\"page\">\n\t\t\t\t<section class=\"elementor-element elementor-element-80723be e-flex e-con-boxed elementor-invisible e-con e-parent\" data-id=\"80723be\" data-element_type=\"container\" data-settings=\"{&quot;animation&quot;:&quot;fadeIn&quot;}\">\n\t\t\t\t\t<div class=\"e-con-inner\">\n\t\t<div class=\"elementor-element elementor-element-26c0029 e-con-full e-flex e-con e-child\" data-id=\"26c0029\" data-element_type=\"container\">\n\t\t\t\t<div class=\"elementor-element elementor-element-3a9767b elementor-widget elementor-widget-heading\" data-id=\"3a9767b\" data-element_type=\"widget\" data-widget_type=\"heading.default\">\n\t\t\t\t<div class=\"elementor-widget-container\">\n\t\t\t\t\t<h2 class=\"elementor-heading-title elementor-size-default\">A hydrogen station for the Guiana Space Centre (CSG)<\/h2>\t\t\t\t<\/div>\n\t\t\t\t<\/div>\n\t\t\t\t<div class=\"elementor-element elementor-element-570edd0 elementor-widget-divider--view-line elementor-widget elementor-widget-divider\" data-id=\"570edd0\" data-element_type=\"widget\" data-widget_type=\"divider.default\">\n\t\t\t\t<div class=\"elementor-widget-container\">\n\t\t\t\t\t\t\t<div class=\"elementor-divider\">\n\t\t\t<span class=\"elementor-divider-separator\">\n\t\t\t\t\t\t<\/span>\n\t\t<\/div>\n\t\t\t\t\t\t<\/div>\n\t\t\t\t<\/div>\n\t\t\t\t<div class=\"elementor-element elementor-element-669ca4e elementor-widget elementor-widget-text-editor\" data-id=\"669ca4e\" data-element_type=\"widget\" data-widget_type=\"text-editor.default\">\n\t\t\t\t<div class=\"elementor-widget-container\">\n\t\t\t\t\t\t\t\t\t<p>Commissioned by the European Space Agency and as part of the HYGUANE project, ALLDIS-NERIUS is responsible for installing a hydrogen refueling station, supplied by HRS. The latter will be part of the space site's decarbonisation strategy, thanks to the electrolysis of water powered by a photovoltaic field built nearby. Heavy duty vehicles will be able to refuel with green hydrogen and stationary electric generators will also be able to be powered.<\/p>\n<p class=\"translation-block\">This first overseas order for HRS confirms the recognition of <strong>HRS's unique know-how<\/strong>. This implementation will also allow HRS to develop and strengthen its relationships with players in the hydrogen sector, already present on site.<\/p>\t\t\t\t\t\t\t\t<\/div>\n\t\t\t\t<\/div>\n\t\t\t\t<div class=\"elementor-element elementor-element-b36bd2d elementor-widget elementor-widget-heading\" data-id=\"b36bd2d\" data-element_type=\"widget\" data-widget_type=\"heading.default\">\n\t\t\t\t<div class=\"elementor-widget-container\">\n\t\t\t\t\t<h2 class=\"elementor-heading-title elementor-size-default\">Hyguane Project, replacing carbon hydrogen with renewable hydrogen.<\/h2>\t\t\t\t<\/div>\n\t\t\t\t<\/div>\n\t\t\t\t<div class=\"elementor-element elementor-element-083ddd5 elementor-widget-divider--view-line elementor-widget elementor-widget-divider\" data-id=\"083ddd5\" data-element_type=\"widget\" data-widget_type=\"divider.default\">\n\t\t\t\t<div class=\"elementor-widget-container\">\n\t\t\t\t\t\t\t<div class=\"elementor-divider\">\n\t\t\t<span class=\"elementor-divider-separator\">\n\t\t\t\t\t\t<\/span>\n\t\t<\/div>\n\t\t\t\t\t\t<\/div>\n\t\t\t\t<\/div>\n\t\t\t\t<div class=\"elementor-element elementor-element-3bcdbd4 elementor-widget elementor-widget-text-editor\" data-id=\"3bcdbd4\" data-element_type=\"widget\" data-widget_type=\"text-editor.default\">\n\t\t\t\t<div class=\"elementor-widget-container\">\n\t\t\t\t\t\t\t\t\t<p class=\"translation-block\">The HYGUANE project (HYdrog\u00e8ne GUyanais \u00c0 Neutralit\u00e9 Environnementale) aims to decarbonise the activities of the Guiana Space Centre (CSG) by integrating renewable hydrogen into the operations of Ariane 6 rockets. Currently, the hydrogen used is produced by a carbon process. HYGUANE plans to partially replace it with green hydrogen, from an electrolyser powered by a solar power plant of photovoltaic panels. This installation should produce approximately <strong>60 tons of liquefied hydrogen per year<\/strong> for space and <strong>45 tons of compressed hydrogen<\/strong> for local applications, such as heavy mobility.<\/p>\n<p class=\"translation-block\">Led by a consortium including ESA, CNES and companies such as Air Liquide Spatial Guyane, this project is part of a broader strategy to develop the hydrogen sector in Guiana. It also includes training initiatives with the University of Guiana. With a budget of 40.5 million euros, largely financed by ESA and ADEME, HYGUANE could, by 2030, <strong>cover up to 40% of Ariane 6's hydrogen needs and strengthen the region's energy autonomy.<\/strong><\/p>\n<p><a href=\"https:\/\/infos.ademe.fr\/energies\/2024\/lhydrogene-prend-son-envol-au-centre-spatial-de-guyane\/\"><em>Source : ADEME<\/em><\/a><\/p>\t\t\t\t\t\t\t\t<\/div>\n\t\t\t\t<\/div>\n\t\t\t\t<div class=\"elementor-element elementor-element-6d38da8 elementor-widget elementor-widget-heading\" data-id=\"6d38da8\" data-element_type=\"widget\" data-widget_type=\"heading.default\">\n\t\t\t\t<div class=\"elementor-widget-container\">\n\t\t\t\t\t<h2 class=\"elementor-heading-title elementor-size-default\">About Nerius Invest:<\/h2>\t\t\t\t<\/div>\n\t\t\t\t<\/div>\n\t\t\t\t<div class=\"elementor-element elementor-element-9509409 elementor-widget-divider--view-line elementor-widget elementor-widget-divider\" data-id=\"9509409\" data-element_type=\"widget\" data-widget_type=\"divider.default\">\n\t\t\t\t<div class=\"elementor-widget-container\">\n\t\t\t\t\t\t\t<div class=\"elementor-divider\">\n\t\t\t<span class=\"elementor-divider-separator\">\n\t\t\t\t\t\t<\/span>\n\t\t<\/div>\n\t\t\t\t\t\t<\/div>\n\t\t\t\t<\/div>\n\t\t\t\t<div class=\"elementor-element elementor-element-3dfdec0 elementor-widget elementor-widget-text-editor\" data-id=\"3dfdec0\" data-element_type=\"widget\" data-widget_type=\"text-editor.default\">\n\t\t\t\t<div class=\"elementor-widget-container\">\n\t\t\t\t\t\t\t\t\t<p class=\"translation-block\">Founded in 2019 by Antoine Madoui, with the support of ASAR INVEST and the GOVINDIN Group, NERIUS Invest is a greentech startup specialising in the production of renewable energy from biomass and waste. Its objective: <em>to contribute to the decarbonisation of industry, mobility, and the electricity mix<\/em>. Labeled \"Industry of the Future Solution Provider\", the company is a member of France Innovation and ATEE (Technical Energy Environment Association). Based in Solutr\u00e9-Pouilly, Lyon, and Cayenne, NERIUS Invest brings together a team of experts, made up of 11 employees, including 7 specialised engineers.<\/p>\t\t\t\t\t\t\t\t<\/div>\n\t\t\t\t<\/div>\n\t\t\t\t<div class=\"elementor-element elementor-element-da6dd21 elementor-blockquote--skin-boxed elementor-blockquote--button-color-official elementor-widget elementor-widget-blockquote\" data-id=\"da6dd21\" data-element_type=\"widget\" data-widget_type=\"blockquote.default\">\n\t\t\t\t<div class=\"elementor-widget-container\">\n\t\t\t\t\t\t\t<blockquote class=\"elementor-blockquote\">\n\t\t\t<p class=\"elementor-blockquote__content\">\n\t\t\t\t\u201cFor this ambitious project entrusted to us by the European Space Agency, we naturally chose to turn to HRS, a player who has already installed many similar stations in Europe and is recognized for the high quality of its equipment and service offering. We are convinced that we have made the best choice to meet the expectations of the Guyana Space Center and the region as a whole.\u201d\t\t\t<\/p>\n\t\t\t\t\t\t\t<div class=\"e-q-footer\">\n\t\t\t\t\t\t\t\t\t\t\t<cite class=\"elementor-blockquote__author\">Antoine Malik Madoui, CEO of Nerius Invest<\/cite>\n\t\t\t\t\t\t\t\t\t\t\t\t\t\t<\/div>\n\t\t\t\t\t<\/blockquote>\n\t\t\t\t\t\t<\/div>\n\t\t\t\t<\/div>\n\t\t\t\t<div class=\"elementor-element elementor-element-d273d02 elementor-widget elementor-widget-text-editor\" data-id=\"d273d02\" data-element_type=\"widget\" data-widget_type=\"text-editor.default\">\n\t\t\t\t<div class=\"elementor-widget-container\">\n\t\t\t\t\t\t\t\t\t<p>To find out more, have a look at our press releases:<\/p>\n<ul>\n<li><strong>19\/12\/2024: Alldis-nerius chooses HRS for its first refueling station for hydrogen vehicles at the Kourou space centre in Guiana - 1st overseas deployment for HRS<\/strong><br \/><a href=\"https:\/\/www.hydrogen-refueling-solutions.fr\/en\/investors\/press-releases\/?ID=ACTUS-0-89231&amp;CLIENT=ACTUS-0-445\">Read the press release<\/a><\/li>\n<\/ul>\t\t\t\t\t\t\t\t<\/div>\n\t\t\t\t<\/div>\n\t\t\t\t<div class=\"elementor-element elementor-element-baf9632 elementor-widget elementor-widget-heading\" data-id=\"baf9632\" data-element_type=\"widget\" data-widget_type=\"heading.default\">\n\t\t\t\t<div class=\"elementor-widget-container\">\n\t\t\t\t\t<h2 class=\"elementor-heading-title elementor-size-default\">As seen on LinkedIn<\/h2>\t\t\t\t<\/div>\n\t\t\t\t<\/div>\n\t\t\t\t<div class=\"elementor-element elementor-element-a2bc348 elementor-widget elementor-widget-text-editor\" data-id=\"a2bc348\" data-element_type=\"widget\" data-widget_type=\"text-editor.default\">\n\t\t\t\t<div class=\"elementor-widget-container\">\n\t\t\t\t\t\t\t\t\t<ul>\n<li><a href=\"https:\/\/www.linkedin.com\/posts\/hydrogen-refueling-solutions_hrs14-hyguane-hrs-activity-7275548348118421506-lRn3?utm_source=share&amp;utm_medium=member_desktop&amp;rcm=ACoAAELWR-4BD_D9xcnr2HuN0zQLMw2AG3Gsrg8\"><span class=\"break-words tvm-parent-container\"><span dir=\"ltr\"><strong>Heading to Guiana: HRS will deploy its first station overseas to support the decarbonisation of the Guiana Space Centre!\u00a0<\/strong><\/span><\/span><\/a><\/li>\n<\/ul>\t\t\t\t\t\t\t\t<\/div>\n\t\t\t\t<\/div>\n\t\t\t\t<div class=\"elementor-element elementor-element-1f81dc5 elementor-widget-divider--view-line elementor-widget elementor-widget-divider\" data-id=\"1f81dc5\" data-element_type=\"widget\" data-widget_type=\"divider.default\">\n\t\t\t\t<div class=\"elementor-widget-container\">\n\t\t\t\t\t\t\t<div class=\"elementor-divider\">\n\t\t\t<span class=\"elementor-divider-separator\">\n\t\t\t\t\t\t<\/span>\n\t\t<\/div>\n\t\t\t\t\t\t<\/div>\n\t\t\t\t<\/div>\n\t\t\t\t<div class=\"elementor-element elementor-element-02dfd07 elementor-tablet-align-center elementor-widget elementor-widget-button\" data-id=\"02dfd07\" data-element_type=\"widget\" data-widget_type=\"button.default\">\n\t\t\t\t<div class=\"elementor-widget-container\">\n\t\t\t\t\t\t\t\t\t<div class=\"elementor-button-wrapper\">\n\t\t\t\t\t<a class=\"elementor-button elementor-button-link elementor-size-sm\" href=\"https:\/\/www.linkedin.com\/company\/hydrogen-refueling-solutions\" target=\"_blank\">\n\t\t\t\t\t\t<span class=\"elementor-button-content-wrapper\">\n\t\t\t\t\t\t<span class=\"elementor-button-icon\">\n\t\t\t\t<svg aria-hidden=\"true\" class=\"e-font-icon-svg e-fab-linkedin\" viewbox=\"0 0 448 512\" xmlns=\"http:\/\/www.w3.org\/2000\/svg\"><path d=\"M416 32H31.9C14.3 32 0 46.5 0 64.3v383.4C0 465.5 14.3 480 31.9 480H416c17.6 0 32-14.5 32-32.3V64.3c0-17.8-14.4-32.3-32-32.3zM135.4 416H69V202.2h66.5V416zm-33.2-243c-21.3 0-38.5-17.3-38.5-38.5S80.9 96 102.2 96c21.2 0 38.5 17.3 38.5 38.5 0 21.3-17.2 38.5-38.5 38.5zm282.1 243h-66.4V312c0-24.8-.5-56.7-34.5-56.7-34.6 0-39.9 27-39.9 54.9V416h-66.4V202.2h63.7v29.2h.9c8.9-16.8 30.6-34.5 62.9-34.5 67.2 0 79.7 44.3 79.7 101.9V416z\"><\/path><\/svg>\t\t\t<\/span>\n\t\t\t\t\t\t\t\t\t<span class=\"elementor-button-text\">Follow us on LinkedIn<\/span>\n\t\t\t\t\t<\/span>\n\t\t\t\t\t<\/a>\n\t\t\t\t<\/div>\n\t\t\t\t\t\t\t\t<\/div>\n\t\t\t\t<\/div>\n\t\t\t\t<div class=\"elementor-element elementor-element-46d9d30 elementor-tablet-align-center elementor-widget elementor-widget-button\" data-id=\"46d9d30\" data-element_type=\"widget\" data-widget_type=\"button.default\">\n\t\t\t\t<div class=\"elementor-widget-container\">\n\t\t\t\t\t\t\t\t\t<div class=\"elementor-button-wrapper\">\n\t\t\t\t\t<a class=\"elementor-button elementor-button-link elementor-size-sm\" href=\"http:\/\/www.hydrogen-refueling-solutions.fr\/en\/references\/clients\/\">\n\t\t\t\t\t\t<span class=\"elementor-button-content-wrapper\">\n\t\t\t\t\t\t\t\t\t<span class=\"elementor-button-text\">See all our clients<\/span>\n\t\t\t\t\t<\/span>\n\t\t\t\t\t<\/a>\n\t\t\t\t<\/div>\n\t\t\t\t\t\t\t\t<\/div>\n\t\t\t\t<\/div>\n\t\t\t\t<div class=\"elementor-element elementor-element-ee208e3 elementor-widget-divider--view-line elementor-widget elementor-widget-divider\" data-id=\"ee208e3\" data-element_type=\"widget\" data-widget_type=\"divider.default\">\n\t\t\t\t<div class=\"elementor-widget-container\">\n\t\t\t\t\t\t\t<div class=\"elementor-divider\">\n\t\t\t<span class=\"elementor-divider-separator\">\n\t\t\t\t\t\t<\/span>\n\t\t<\/div>\n\t\t\t\t\t\t<\/div>\n\t\t\t\t<\/div>\n\t\t\t\t<\/div>\n\t\t<div class=\"elementor-element elementor-element-48caec4 e-con-full e-flex e-con e-child\" data-id=\"48caec4\" data-element_type=\"container\" data-settings=\"{&quot;background_background&quot;:&quot;classic&quot;}\">\n\t\t\t\t<\/div>\n\t\t\t\t\t<\/div>\n\t\t\t\t<\/section>\n\t\t\t\t<\/div>","protected":false},"excerpt":{"rendered":"<p>Alldis-Nerius, a subsidiary of Nerius Invest, joined the Hyguane Project in early 2024, the objective of which is to green the gray hydrogen of the Guiana Space Centre.<\/p>","protected":false},"author":9,"featured_media":0,"parent":401,"menu_order":0,"comment_status":"closed","ping_status":"closed","template":"","meta":{"footnotes":""},"class_list":["post-14954","page","type-page","status-publish","hentry"],"acf":[],"yoast_head":"<!-- This site is optimized with the Yoast SEO plugin v24.9 - https:\/\/yoast.com\/wordpress\/plugins\/seo\/ -->\n<title>Alldis-Nerius | Client HRS<\/title>\n<meta name=\"description\" content=\"Alldis-Nerius, filiale de Nerius Invest, a rejoint d\u00e9but 2024 le Projet Hyguane, dont l\u2019objectif est de verdir l\u2019hydrog\u00e8ne gris du Centre Spatial Guyanais.\" \/>\n<meta name=\"robots\" content=\"index, follow, max-snippet:-1, max-image-preview:large, max-video-preview:-1\" \/>\n<link rel=\"canonical\" href=\"https:\/\/www.hydrogen-refueling-solutions.fr\/en\/references\/clients\/alldis-nerius\/\" \/>\n<meta property=\"og:locale\" content=\"en_GB\" \/>\n<meta property=\"og:type\" content=\"article\" \/>\n<meta property=\"og:title\" content=\"Alldis-Nerius | Client HRS\" \/>\n<meta property=\"og:description\" content=\"Alldis-Nerius, filiale de Nerius Invest, a rejoint d\u00e9but 2024 le Projet Hyguane, dont l\u2019objectif est de verdir l\u2019hydrog\u00e8ne gris du Centre Spatial Guyanais.\" \/>\n<meta property=\"og:url\" content=\"https:\/\/www.hydrogen-refueling-solutions.fr\/en\/references\/clients\/alldis-nerius\/\" \/>\n<meta property=\"og:site_name\" content=\"Stations Hydrog\u00e8ne : HRS fabricant fran\u00e7ais de stations de ravitaillement\" \/>\n<meta property=\"article:modified_time\" content=\"2025-02-18T09:18:49+00:00\" \/>\n<meta property=\"og:image\" content=\"https:\/\/www.hydrogen-refueling-solutions.fr\/wp-content\/uploads\/Nerius-Invest.jpg\" \/>\n\t<meta property=\"og:image:width\" content=\"327\" \/>\n\t<meta property=\"og:image:height\" content=\"168\" \/>\n\t<meta property=\"og:image:type\" content=\"image\/jpeg\" \/>\n<meta name=\"twitter:card\" content=\"summary_large_image\" \/>\n<meta name=\"twitter:site\" content=\"@hrs_hydrogen\" \/>\n<meta name=\"twitter:label1\" content=\"Estimated reading time\" \/>\n\t<meta name=\"twitter:data1\" content=\"3 minutes\" \/>\n<script type=\"application\/ld+json\" class=\"yoast-schema-graph\">{\"@context\":\"https:\/\/schema.org\",\"@graph\":[{\"@type\":\"WebPage\",\"@id\":\"https:\/\/www.hydrogen-refueling-solutions.fr\/references\/clients\/alldis-nerius\/\",\"url\":\"https:\/\/www.hydrogen-refueling-solutions.fr\/references\/clients\/alldis-nerius\/\",\"name\":\"Alldis-Nerius | Client HRS\",\"isPartOf\":{\"@id\":\"https:\/\/www.hydrogen-refueling-solutions.fr\/#website\"},\"datePublished\":\"2025-02-18T08:23:43+00:00\",\"dateModified\":\"2025-02-18T09:18:49+00:00\",\"description\":\"Alldis-Nerius, filiale de Nerius Invest, a rejoint d\u00e9but 2024 le Projet Hyguane, dont l\u2019objectif est de verdir l\u2019hydrog\u00e8ne gris du Centre Spatial Guyanais.\",\"breadcrumb\":{\"@id\":\"https:\/\/www.hydrogen-refueling-solutions.fr\/references\/clients\/alldis-nerius\/#breadcrumb\"},\"inLanguage\":\"en-GB\",\"potentialAction\":[{\"@type\":\"ReadAction\",\"target\":[\"https:\/\/www.hydrogen-refueling-solutions.fr\/references\/clients\/alldis-nerius\/\"]}]},{\"@type\":\"BreadcrumbList\",\"@id\":\"https:\/\/www.hydrogen-refueling-solutions.fr\/references\/clients\/alldis-nerius\/#breadcrumb\",\"itemListElement\":[{\"@type\":\"ListItem\",\"position\":1,\"name\":\"HRS\",\"item\":\"https:\/\/www.hydrogen-refueling-solutions.fr\/\"},{\"@type\":\"ListItem\",\"position\":2,\"name\":\"Nos r\u00e9f\u00e9rences\",\"item\":\"https:\/\/www.hydrogen-refueling-solutions.fr\/references\/\"},{\"@type\":\"ListItem\",\"position\":3,\"name\":\"Nos clients\",\"item\":\"https:\/\/www.hydrogen-refueling-solutions.fr\/references\/clients\/\"},{\"@type\":\"ListItem\",\"position\":4,\"name\":\"Alldis-Nerius\"}]},{\"@type\":\"WebSite\",\"@id\":\"https:\/\/www.hydrogen-refueling-solutions.fr\/#website\",\"url\":\"https:\/\/www.hydrogen-refueling-solutions.fr\/\",\"name\":\"Stations Hydrog\u00e8ne : HRS fabricant fran\u00e7ais de stations de ravitaillement\",\"description\":\"Hydrogen Refueling Solutions -HRS- premi\u00e8re entreprise fran\u00e7aise fabricante de station hydrog\u00e8ne grande capacit\u00e9 en s\u00e9rie. 14 \u00e0 80kg d&#039;hydrog\u00e8ne d\u00e9livr\u00e9s\/heure\",\"publisher\":{\"@id\":\"https:\/\/www.hydrogen-refueling-solutions.fr\/#organization\"},\"potentialAction\":[{\"@type\":\"SearchAction\",\"target\":{\"@type\":\"EntryPoint\",\"urlTemplate\":\"https:\/\/www.hydrogen-refueling-solutions.fr\/?s={search_term_string}\"},\"query-input\":{\"@type\":\"PropertyValueSpecification\",\"valueRequired\":true,\"valueName\":\"search_term_string\"}}],\"inLanguage\":\"en-GB\"},{\"@type\":\"Organization\",\"@id\":\"https:\/\/www.hydrogen-refueling-solutions.fr\/#organization\",\"name\":\"Hydrogen Refueling Solutions\",\"alternateName\":\"HRS\",\"url\":\"https:\/\/www.hydrogen-refueling-solutions.fr\/\",\"logo\":{\"@type\":\"ImageObject\",\"inLanguage\":\"en-GB\",\"@id\":\"https:\/\/www.hydrogen-refueling-solutions.fr\/#\/schema\/logo\/image\/\",\"url\":\"https:\/\/www.hydrogen-refueling-solutions.fr\/wp-content\/uploads\/logo-hrs-4.png\",\"contentUrl\":\"https:\/\/www.hydrogen-refueling-solutions.fr\/wp-content\/uploads\/logo-hrs-4.png\",\"width\":512,\"height\":359,\"caption\":\"Hydrogen Refueling Solutions\"},\"image\":{\"@id\":\"https:\/\/www.hydrogen-refueling-solutions.fr\/#\/schema\/logo\/image\/\"},\"sameAs\":[\"https:\/\/x.com\/hrs_hydrogen\",\"https:\/\/www.linkedin.com\/company\/hydrogen-refueling-solutions\/\"]}]}<\/script>\n<!-- \/ Yoast SEO plugin. -->","yoast_head_json":{"title":"Alldis-Nerius | Client HRS","description":"Alldis-Nerius, a subsidiary of Nerius Invest, joined the Hyguane Project in early 2024, the objective of which is to green the gray hydrogen of the Guiana Space Centre.","robots":{"index":"index","follow":"follow","max-snippet":"max-snippet:-1","max-image-preview":"max-image-preview:large","max-video-preview":"max-video-preview:-1"},"canonical":"https:\/\/www.hydrogen-refueling-solutions.fr\/en\/references\/clients\/alldis-nerius\/","og_locale":"en_GB","og_type":"article","og_title":"Alldis-Nerius | Client HRS","og_description":"Alldis-Nerius, filiale de Nerius Invest, a rejoint d\u00e9but 2024 le Projet Hyguane, dont l\u2019objectif est de verdir l\u2019hydrog\u00e8ne gris du Centre Spatial Guyanais.","og_url":"https:\/\/www.hydrogen-refueling-solutions.fr\/en\/references\/clients\/alldis-nerius\/","og_site_name":"Stations Hydrog\u00e8ne : HRS fabricant fran\u00e7ais de stations de ravitaillement","article_modified_time":"2025-02-18T09:18:49+00:00","og_image":[{"width":327,"height":168,"url":"https:\/\/www.hydrogen-refueling-solutions.fr\/wp-content\/uploads\/Nerius-Invest.jpg","type":"image\/jpeg"}],"twitter_card":"summary_large_image","twitter_site":"@hrs_hydrogen","twitter_misc":{"Estimated reading time":"3 minutes"},"schema":{"@context":"https:\/\/schema.org","@graph":[{"@type":"WebPage","@id":"https:\/\/www.hydrogen-refueling-solutions.fr\/references\/clients\/alldis-nerius\/","url":"https:\/\/www.hydrogen-refueling-solutions.fr\/references\/clients\/alldis-nerius\/","name":"Alldis-Nerius | Client HRS","isPartOf":{"@id":"https:\/\/www.hydrogen-refueling-solutions.fr\/#website"},"datePublished":"2025-02-18T08:23:43+00:00","dateModified":"2025-02-18T09:18:49+00:00","description":"Alldis-Nerius, a subsidiary of Nerius Invest, joined the Hyguane Project in early 2024, the objective of which is to green the gray hydrogen of the Guiana Space Centre.","breadcrumb":{"@id":"https:\/\/www.hydrogen-refueling-solutions.fr\/references\/clients\/alldis-nerius\/#breadcrumb"},"inLanguage":"en-GB","potentialAction":[{"@type":"ReadAction","target":["https:\/\/www.hydrogen-refueling-solutions.fr\/references\/clients\/alldis-nerius\/"]}]},{"@type":"BreadcrumbList","@id":"https:\/\/www.hydrogen-refueling-solutions.fr\/references\/clients\/alldis-nerius\/#breadcrumb","itemListElement":[{"@type":"ListItem","position":1,"name":"HRS","item":"https:\/\/www.hydrogen-refueling-solutions.fr\/"},{"@type":"ListItem","position":2,"name":"Nos r\u00e9f\u00e9rences","item":"https:\/\/www.hydrogen-refueling-solutions.fr\/references\/"},{"@type":"ListItem","position":3,"name":"Nos clients","item":"https:\/\/www.hydrogen-refueling-solutions.fr\/references\/clients\/"},{"@type":"ListItem","position":4,"name":"Alldis-Nerius"}]},{"@type":"WebSite","@id":"https:\/\/www.hydrogen-refueling-solutions.fr\/#website","url":"https:\/\/www.hydrogen-refueling-solutions.fr\/","name":"Hydrogen stations: HRS french refueling station manufacturer","description":"Hydrogen Refueling Solutions -HRS- France's first mass-produced high-capacity hydrogen refueling station. 14 to 80kg of hydrogen delivered\/hour","publisher":{"@id":"https:\/\/www.hydrogen-refueling-solutions.fr\/#organization"},"potentialAction":[{"@type":"SearchAction","target":{"@type":"EntryPoint","urlTemplate":"https:\/\/www.hydrogen-refueling-solutions.fr\/?s={search_term_string}"},"query-input":{"@type":"PropertyValueSpecification","valueRequired":true,"valueName":"search_term_string"}}],"inLanguage":"en-GB"},{"@type":"Organization","@id":"https:\/\/www.hydrogen-refueling-solutions.fr\/#organization","name":"Hydrogen Refueling Solutions","alternateName":"HRS","url":"https:\/\/www.hydrogen-refueling-solutions.fr\/","logo":{"@type":"ImageObject","inLanguage":"en-GB","@id":"https:\/\/www.hydrogen-refueling-solutions.fr\/#\/schema\/logo\/image\/","url":"https:\/\/www.hydrogen-refueling-solutions.fr\/wp-content\/uploads\/logo-hrs-4.png","contentUrl":"https:\/\/www.hydrogen-refueling-solutions.fr\/wp-content\/uploads\/logo-hrs-4.png","width":512,"height":359,"caption":"Hydrogen Refueling Solutions"},"image":{"@id":"https:\/\/www.hydrogen-refueling-solutions.fr\/#\/schema\/logo\/image\/"},"sameAs":["https:\/\/x.com\/hrs_hydrogen","https:\/\/www.linkedin.com\/company\/hydrogen-refueling-solutions\/"]}]}},"_links":{"self":[{"href":"http:\/\/www.hydrogen-refueling-solutions.fr\/en\/wp-json\/wp\/v2\/pages\/14954","targetHints":{"allow":["GET"]}}],"collection":[{"href":"http:\/\/www.hydrogen-refueling-solutions.fr\/en\/wp-json\/wp\/v2\/pages"}],"about":[{"href":"http:\/\/www.hydrogen-refueling-solutions.fr\/en\/wp-json\/wp\/v2\/types\/page"}],"author":[{"embeddable":true,"href":"http:\/\/www.hydrogen-refueling-solutions.fr\/en\/wp-json\/wp\/v2\/users\/9"}],"replies":[{"embeddable":true,"href":"http:\/\/www.hydrogen-refueling-solutions.fr\/en\/wp-json\/wp\/v2\/comments?post=14954"}],"version-history":[{"count":25,"href":"http:\/\/www.hydrogen-refueling-solutions.fr\/en\/wp-json\/wp\/v2\/pages\/14954\/revisions"}],"predecessor-version":[{"id":15079,"href":"http:\/\/www.hydrogen-refueling-solutions.fr\/en\/wp-json\/wp\/v2\/pages\/14954\/revisions\/15079"}],"up":[{"embeddable":true,"href":"http:\/\/www.hydrogen-refueling-solutions.fr\/en\/wp-json\/wp\/v2\/pages\/401"}],"wp:attachment":[{"href":"http:\/\/www.hydrogen-refueling-solutions.fr\/en\/wp-json\/wp\/v2\/media?parent=14954"}],"curies":[{"name":"wp","href":"https:\/\/api.w.org\/{rel}","templated":true}]}}